{"id":3761,"date":"2026-04-08T11:44:24","date_gmt":"2026-04-08T02:44:24","guid":{"rendered":"https:\/\/www.yamasa.org\/?page_id=3761"},"modified":"2026-04-08T12:00:16","modified_gmt":"2026-04-08T03:00:16","slug":"admissions-closed","status":"publish","type":"page","link":"https:\/\/www.yamasa.org\/pt\/admissions-closed\/","title":{"rendered":"Inscri\u00e7\u00e3o para Admiss\u00e3o: Outubro de 2026"},"content":{"rendered":"<div style=\"font-family: sans-serif; color: #333; line-height: 1.6;\">\n<div>As inscri\u00e7\u00f5es para o ingresso em outubro de 2026 para vistos de estudante j\u00e1 foram encerradas.<br data-start=\"230\" data-end=\"233\" \/>Pedimos sinceras desculpas por qualquer inconveniente causado. Informa\u00e7\u00f5es sobre inscri\u00e7\u00f5es para outros tipos de visto ser\u00e3o anunciadas posteriormente.<\/div>\n<\/div>\n","protected":false},"excerpt":{"rendered":"<p>As inscri\u00e7\u00f5es para o ingresso em outubro de 2026 para vistos de estudante j\u00e1 foram encerradas.Pedimos sinceras desculpas por qualquer inconveniente causado. Informa\u00e7\u00f5es sobre inscri\u00e7\u00f5es para outros tipos de visto ser\u00e3o anunciadas posteriormente.<\/p>\n","protected":false},"author":9,"featured_media":0,"parent":0,"menu_order":0,"comment_status":"closed","ping_status":"closed","template":"","meta":{"_locale":"pt_BR","_original_post":"https:\/\/www.yamasa.org\/?page_id=2307","footnotes":""},"class_list":["post-3761","page","type-page","status-publish","hentry","pt-BR"],"yoast_head":"<!-- This site is optimized with the Yoast SEO plugin v27.4 - https:\/\/yoast.com\/product\/yoast-seo-wordpress\/ -->\n<title>Inscri\u00e7\u00e3o para Admiss\u00e3o: Outubro de 2026 - YAMASA\u8a00\u8a9e\u6587\u5316\u5b66\u9662(\u8a8d\u5b9a\u65e5\u672c\u8a9e\u5b66\u6821\u7533\u8acb\u4e2d 2026\u5e7410\u6708\u4e88\u5b9a)<\/title>\n<meta name=\"robots\" content=\"index, follow, max-snippet:-1, max-image-preview:large, max-video-preview:-1\" \/>\n<link rel=\"canonical\" href=\"https:\/\/www.yamasa.org\/pt\/admissions-closed\/\" \/>\n<meta property=\"og:locale\" content=\"pt_BR\" \/>\n<meta property=\"og:type\" content=\"article\" \/>\n<meta property=\"og:title\" content=\"Inscri\u00e7\u00e3o para Admiss\u00e3o: Outubro de 2026 - YAMASA\u8a00\u8a9e\u6587\u5316\u5b66\u9662(\u8a8d\u5b9a\u65e5\u672c\u8a9e\u5b66\u6821\u7533\u8acb\u4e2d 2026\u5e7410\u6708\u4e88\u5b9a)\" \/>\n<meta property=\"og:description\" content=\"As inscri\u00e7\u00f5es para o ingresso em outubro de 2026 para vistos de estudante j\u00e1 foram encerradas.Pedimos sinceras desculpas por qualquer inconveniente causado. Informa\u00e7\u00f5es sobre inscri\u00e7\u00f5es para outros tipos de visto ser\u00e3o anunciadas posteriormente.\" \/>\n<meta property=\"og:url\" content=\"https:\/\/www.yamasa.org\/pt\/admissions-closed\/\" \/>\n<meta property=\"og:site_name\" content=\"YAMASA\u8a00\u8a9e\u6587\u5316\u5b66\u9662(\u8a8d\u5b9a\u65e5\u672c\u8a9e\u5b66\u6821\u7533\u8acb\u4e2d 2026\u5e7410\u6708\u4e88\u5b9a)\" \/>\n<meta property=\"article:publisher\" content=\"https:\/\/www.facebook.com\/yamasainstitute\" \/>\n<meta property=\"article:modified_time\" content=\"2026-04-08T03:00:16+00:00\" \/>\n<meta name=\"twitter:card\" content=\"summary_large_image\" \/>\n<meta name=\"twitter:site\" content=\"@yamasa_ch\" \/>\n<meta name=\"twitter:label1\" content=\"Est. tempo de leitura\" \/>\n\t<meta name=\"twitter:data1\" content=\"1 minuto\" \/>\n<script type=\"application\/ld+json\" class=\"yoast-schema-graph\">{\"@context\":\"https:\\\/\\\/schema.org\",\"@graph\":[{\"@type\":\"WebPage\",\"@id\":\"https:\\\/\\\/www.yamasa.org\\\/pt\\\/admissions-closed\\\/\",\"url\":\"https:\\\/\\\/www.yamasa.org\\\/pt\\\/admissions-closed\\\/\",\"name\":\"Inscri\u00e7\u00e3o para Admiss\u00e3o: Outubro de 2026 - YAMASA\u8a00\u8a9e\u6587\u5316\u5b66\u9662(\u8a8d\u5b9a\u65e5\u672c\u8a9e\u5b66\u6821\u7533\u8acb\u4e2d 2026\u5e7410\u6708\u4e88\u5b9a)\",\"isPartOf\":{\"@id\":\"https:\\\/\\\/www.yamasa.org\\\/#website\"},\"datePublished\":\"2026-04-08T02:44:24+00:00\",\"dateModified\":\"2026-04-08T03:00:16+00:00\",\"breadcrumb\":{\"@id\":\"https:\\\/\\\/www.yamasa.org\\\/pt\\\/admissions-closed\\\/#breadcrumb\"},\"inLanguage\":\"pt-BR\",\"potentialAction\":[{\"@type\":\"ReadAction\",\"target\":[\"https:\\\/\\\/www.yamasa.org\\\/pt\\\/admissions-closed\\\/\"]}]},{\"@type\":\"BreadcrumbList\",\"@id\":\"https:\\\/\\\/www.yamasa.org\\\/pt\\\/admissions-closed\\\/#breadcrumb\",\"itemListElement\":[{\"@type\":\"ListItem\",\"position\":1,\"name\":\"\u30db\u30fc\u30e0\",\"item\":\"https:\\\/\\\/www.yamasa.org\\\/\"},{\"@type\":\"ListItem\",\"position\":2,\"name\":\"Inscri\u00e7\u00e3o para Admiss\u00e3o: Outubro de 2026\"}]},{\"@type\":\"WebSite\",\"@id\":\"https:\\\/\\\/www.yamasa.org\\\/#website\",\"url\":\"https:\\\/\\\/www.yamasa.org\\\/\",\"name\":\"YAMASA\u8a00\u8a9e \u8a8d\u5b9a\u6821\",\"description\":\"\",\"publisher\":{\"@id\":\"https:\\\/\\\/www.yamasa.org\\\/#organization\"},\"potentialAction\":[{\"@type\":\"SearchAction\",\"target\":{\"@type\":\"EntryPoint\",\"urlTemplate\":\"https:\\\/\\\/www.yamasa.org\\\/?s={search_term_string}\"},\"query-input\":{\"@type\":\"PropertyValueSpecification\",\"valueRequired\":true,\"valueName\":\"search_term_string\"}}],\"inLanguage\":\"pt-BR\"},{\"@type\":\"Organization\",\"@id\":\"https:\\\/\\\/www.yamasa.org\\\/#organization\",\"name\":\"YAMASA\u8a00\u8a9e \u8a8d\u5b9a\u6821\",\"url\":\"https:\\\/\\\/www.yamasa.org\\\/\",\"logo\":{\"@type\":\"ImageObject\",\"inLanguage\":\"pt-BR\",\"@id\":\"https:\\\/\\\/www.yamasa.org\\\/#\\\/schema\\\/logo\\\/image\\\/\",\"url\":\"https:\\\/\\\/www.yamasa.org\\\/wp-content\\\/uploads\\\/2025\\\/12\\\/image.png\",\"contentUrl\":\"https:\\\/\\\/www.yamasa.org\\\/wp-content\\\/uploads\\\/2025\\\/12\\\/image.png\",\"width\":480,\"height\":110,\"caption\":\"YAMASA\u8a00\u8a9e \u8a8d\u5b9a\u6821\"},\"image\":{\"@id\":\"https:\\\/\\\/www.yamasa.org\\\/#\\\/schema\\\/logo\\\/image\\\/\"},\"sameAs\":[\"https:\\\/\\\/www.facebook.com\\\/yamasainstitute\",\"https:\\\/\\\/x.com\\\/yamasa_ch\",\"https:\\\/\\\/www.instagram.com\\\/yamasainstitute\\\/\"]}]}<\/script>\n<!-- \/ Yoast SEO plugin. -->","yoast_head_json":{"title":"Inscri\u00e7\u00e3o para Admiss\u00e3o: Outubro de 2026 - YAMASA\u8a00\u8a9e\u6587\u5316\u5b66\u9662(\u8a8d\u5b9a\u65e5\u672c\u8a9e\u5b66\u6821\u7533\u8acb\u4e2d 2026\u5e7410\u6708\u4e88\u5b9a)","robots":{"index":"index","follow":"follow","max-snippet":"max-snippet:-1","max-image-preview":"max-image-preview:large","max-video-preview":"max-video-preview:-1"},"canonical":"https:\/\/www.yamasa.org\/pt\/admissions-closed\/","og_locale":"pt_BR","og_type":"article","og_title":"Inscri\u00e7\u00e3o para Admiss\u00e3o: Outubro de 2026 - YAMASA\u8a00\u8a9e\u6587\u5316\u5b66\u9662(\u8a8d\u5b9a\u65e5\u672c\u8a9e\u5b66\u6821\u7533\u8acb\u4e2d 2026\u5e7410\u6708\u4e88\u5b9a)","og_description":"As inscri\u00e7\u00f5es para o ingresso em outubro de 2026 para vistos de estudante j\u00e1 foram encerradas.Pedimos sinceras desculpas por qualquer inconveniente causado. Informa\u00e7\u00f5es sobre inscri\u00e7\u00f5es para outros tipos de visto ser\u00e3o anunciadas posteriormente.","og_url":"https:\/\/www.yamasa.org\/pt\/admissions-closed\/","og_site_name":"YAMASA\u8a00\u8a9e\u6587\u5316\u5b66\u9662(\u8a8d\u5b9a\u65e5\u672c\u8a9e\u5b66\u6821\u7533\u8acb\u4e2d 2026\u5e7410\u6708\u4e88\u5b9a)","article_publisher":"https:\/\/www.facebook.com\/yamasainstitute","article_modified_time":"2026-04-08T03:00:16+00:00","twitter_card":"summary_large_image","twitter_site":"@yamasa_ch","twitter_misc":{"Est. tempo de leitura":"1 minuto"},"schema":{"@context":"https:\/\/schema.org","@graph":[{"@type":"WebPage","@id":"https:\/\/www.yamasa.org\/pt\/admissions-closed\/","url":"https:\/\/www.yamasa.org\/pt\/admissions-closed\/","name":"Inscri\u00e7\u00e3o para Admiss\u00e3o: Outubro de 2026 - YAMASA\u8a00\u8a9e\u6587\u5316\u5b66\u9662(\u8a8d\u5b9a\u65e5\u672c\u8a9e\u5b66\u6821\u7533\u8acb\u4e2d 2026\u5e7410\u6708\u4e88\u5b9a)","isPartOf":{"@id":"https:\/\/www.yamasa.org\/#website"},"datePublished":"2026-04-08T02:44:24+00:00","dateModified":"2026-04-08T03:00:16+00:00","breadcrumb":{"@id":"https:\/\/www.yamasa.org\/pt\/admissions-closed\/#breadcrumb"},"inLanguage":"pt-BR","potentialAction":[{"@type":"ReadAction","target":["https:\/\/www.yamasa.org\/pt\/admissions-closed\/"]}]},{"@type":"BreadcrumbList","@id":"https:\/\/www.yamasa.org\/pt\/admissions-closed\/#breadcrumb","itemListElement":[{"@type":"ListItem","position":1,"name":"\u30db\u30fc\u30e0","item":"https:\/\/www.yamasa.org\/"},{"@type":"ListItem","position":2,"name":"Inscri\u00e7\u00e3o para Admiss\u00e3o: Outubro de 2026"}]},{"@type":"WebSite","@id":"https:\/\/www.yamasa.org\/#website","url":"https:\/\/www.yamasa.org\/","name":"YAMASA\u8a00\u8a9e \u8a8d\u5b9a\u6821","description":"","publisher":{"@id":"https:\/\/www.yamasa.org\/#organization"},"potentialAction":[{"@type":"SearchAction","target":{"@type":"EntryPoint","urlTemplate":"https:\/\/www.yamasa.org\/?s={search_term_string}"},"query-input":{"@type":"PropertyValueSpecification","valueRequired":true,"valueName":"search_term_string"}}],"inLanguage":"pt-BR"},{"@type":"Organization","@id":"https:\/\/www.yamasa.org\/#organization","name":"YAMASA\u8a00\u8a9e \u8a8d\u5b9a\u6821","url":"https:\/\/www.yamasa.org\/","logo":{"@type":"ImageObject","inLanguage":"pt-BR","@id":"https:\/\/www.yamasa.org\/#\/schema\/logo\/image\/","url":"https:\/\/www.yamasa.org\/wp-content\/uploads\/2025\/12\/image.png","contentUrl":"https:\/\/www.yamasa.org\/wp-content\/uploads\/2025\/12\/image.png","width":480,"height":110,"caption":"YAMASA\u8a00\u8a9e \u8a8d\u5b9a\u6821"},"image":{"@id":"https:\/\/www.yamasa.org\/#\/schema\/logo\/image\/"},"sameAs":["https:\/\/www.facebook.com\/yamasainstitute","https:\/\/x.com\/yamasa_ch","https:\/\/www.instagram.com\/yamasainstitute\/"]}]}},"_links":{"self":[{"href":"https:\/\/www.yamasa.org\/wp-json\/wp\/v2\/pages\/3761","targetHints":{"allow":["GET"]}}],"collection":[{"href":"https:\/\/www.yamasa.org\/wp-json\/wp\/v2\/pages"}],"about":[{"href":"https:\/\/www.yamasa.org\/wp-json\/wp\/v2\/types\/page"}],"author":[{"embeddable":true,"href":"https:\/\/www.yamasa.org\/wp-json\/wp\/v2\/users\/9"}],"replies":[{"embeddable":true,"href":"https:\/\/www.yamasa.org\/wp-json\/wp\/v2\/comments?post=3761"}],"version-history":[{"count":3,"href":"https:\/\/www.yamasa.org\/wp-json\/wp\/v2\/pages\/3761\/revisions"}],"predecessor-version":[{"id":3784,"href":"https:\/\/www.yamasa.org\/wp-json\/wp\/v2\/pages\/3761\/revisions\/3784"}],"wp:attachment":[{"href":"https:\/\/www.yamasa.org\/wp-json\/wp\/v2\/media?parent=3761"}],"curies":[{"name":"wp","href":"https:\/\/api.w.org\/{rel}","templated":true}]}}