{"id":3484,"date":"2026-03-26T10:35:30","date_gmt":"2026-03-26T01:35:30","guid":{"rendered":"https:\/\/www.yamasa.org\/?page_id=3484"},"modified":"2026-03-26T10:35:31","modified_gmt":"2026-03-26T01:35:31","slug":"yamasaday","status":"publish","type":"page","link":"https:\/\/www.yamasa.org\/pt\/yamasaday\/","title":{"rendered":"Um dia na YAMASA"},"content":{"rendered":"\n<div class=\"wp-block-group has-global-padding is-layout-constrained wp-block-group-is-layout-constrained\">\n<h2 class=\"wp-block-heading\">Um dia na vida de um estudante<\/h2>\n\n\n\n<figure class=\"wp-block-image size-full\"><img loading=\"lazy\" decoding=\"async\" width=\"690\" height=\"426\" src=\"https:\/\/www2.yamasa.org\/wp-content\/uploads\/2025\/11\/image-49.png\" alt=\"\" class=\"wp-image-615\" srcset=\"https:\/\/www.yamasa.org\/wp-content\/uploads\/2025\/11\/image-49.png 690w, https:\/\/www.yamasa.org\/wp-content\/uploads\/2025\/11\/image-49-300x185.png 300w\" sizes=\"auto, (max-width: 690px) 100vw, 690px\" \/><\/figure>\n\n\n\n<figure class=\"wp-block-image\"><img decoding=\"async\" src=\"https:\/\/www.yamasa.org\/im\/student_ch.png\" alt=\"Su\u00ed\u00e7a\"\/><\/figure>\n\n\n\n<p><strong>Monika (Su\u00ed\u00e7a)<\/strong><\/p>\n\n\n\n<hr class=\"wp-block-separator has-text-color has-contrast-color has-alpha-channel-opacity has-contrast-background-color has-background is-style-wide\"\/>\n\n\n\n<p>SILAC_Curso intensivo de conversa\u00e7\u00e3o\u30fbAIJP_Curso geral de japon\u00eas<\/p>\n\n\n\n<p>Ingresso: abril de 2013<br>Objetivo do curso: quero melhorar meu n\u00edvel de japon\u00eas para poder conversar mais com meus amigos.<br>Meta: quero fazer o teste JLPT e alcan\u00e7ar um n\u00edvel mais alto (atualmente aprovada no N4).<\/p>\n\n\n\n<h4 class=\"wp-block-heading\">Em turmas pequenas, \u00e9 poss\u00edvel praticar uma forma natural de falar que n\u00e3o aparece nos livros did\u00e1ticos comuns.<\/h4>\n\n\n\n<p>Estudei no SILAC em 2010, 2012 e 2013, e agora estou estudando no AIJP.<br>Depois de concluir o curso em 2010, voltei para a Su\u00ed\u00e7a e continuei estudando,<br>mas quis voltar ao Jap\u00e3o para melhorar ainda mais no YAMASA.<\/p>\n\n\n\n<p>No SILAC, pratiquei muita conversa\u00e7\u00e3o.<br>H\u00e1 tamb\u00e9m aulas em que os professores escolhem temas de acordo com os interesses dos alunos<br>e n\u00f3s conversamos sobre eles.<br>As turmas n\u00e3o eram grandes, ent\u00e3o eu tinha muitas oportunidades para falar, o que foi excelente.<br>Na aula, pude praticar formas naturais de falar que n\u00e3o aparecem nos livros did\u00e1ticos comuns.<br>Quando conversei com japoneses, percebi que eles realmente usavam<br>o que eu havia aprendido no SILAC, ent\u00e3o consegui entender rapidamente.<br>Meus colegas de classe tamb\u00e9m expressavam suas opini\u00f5es com frequ\u00eancia.<\/p>\n\n\n\n<p>Na minha turma havia pessoas de Taiwan, Estados Unidos, Fran\u00e7a, It\u00e1lia, Su\u00e9cia e outros pa\u00edses.<\/p>\n\n\n\n<p>Depois de estudar no SILAC, agora estudo no AIJP,<br>e aqui tamb\u00e9m posso aprender gram\u00e1tica, reda\u00e7\u00e3o e compreens\u00e3o de leitura, o que tem sido muito \u00fatil.<\/p>\n\n\n\n<h4 class=\"wp-block-heading\">Meu dia a dia<\/h4>\n\n\n\n<div class=\"wp-block-group has-global-padding is-layout-constrained wp-block-group-is-layout-constrained\">\n<div class=\"wp-block-media-text is-stacked-on-mobile has-base-2-background-color has-background\" style=\"border-width:1px;margin-top:5px;margin-right:0;margin-bottom:5px;margin-left:0;padding-top:0;padding-right:0;padding-left:0\"><figure class=\"wp-block-media-text__media\"><a href=\"https:\/\/www2.yamasa.org\/features\/\"><img loading=\"lazy\" decoding=\"async\" width=\"335\" height=\"237\" src=\"http:\/\/www2.yamasa.org\/wp-content\/uploads\/2025\/11\/image-50.png\" alt=\"\" class=\"wp-image-620 size-full\" srcset=\"https:\/\/www.yamasa.org\/wp-content\/uploads\/2025\/11\/image-50.png 335w, https:\/\/www.yamasa.org\/wp-content\/uploads\/2025\/11\/image-50-300x212.png 300w\" sizes=\"auto, (max-width: 335px) 100vw, 335px\" \/><\/a><\/figure><div class=\"wp-block-media-text__content\">\n<p style=\"padding-top:0;padding-right:0;padding-bottom:0\">8:30 Chegada \u00e0 escola<\/p>\n\n\n\n<p style=\"padding-top:0;padding-right:0;padding-bottom:0\">Do dormit\u00f3rio at\u00e9 o YAMASA,<br>leva 12 minutos a p\u00e9.<\/p>\n<\/div><\/div>\n\n\n\n<div class=\"wp-block-group has-global-padding is-layout-constrained wp-block-group-is-layout-constrained\" style=\"border-width:1px\">\n<div class=\"wp-block-media-text is-stacked-on-mobile has-base-2-background-color has-background\" style=\"margin-top:5px;margin-right:0;margin-bottom:5px;margin-left:0;padding-top:0;padding-right:0;padding-left:0\"><figure class=\"wp-block-media-text__media\"><a href=\"https:\/\/www2.yamasa.org\/features\/\"><img loading=\"lazy\" decoding=\"async\" width=\"335\" height=\"237\" src=\"http:\/\/www2.yamasa.org\/wp-content\/uploads\/2025\/11\/image-51.png\" alt=\"\" class=\"wp-image-621 size-full\" srcset=\"https:\/\/www.yamasa.org\/wp-content\/uploads\/2025\/11\/image-51.png 335w, https:\/\/www.yamasa.org\/wp-content\/uploads\/2025\/11\/image-51-300x212.png 300w\" sizes=\"auto, (max-width: 335px) 100vw, 335px\" \/><\/a><\/figure><div class=\"wp-block-media-text__content\">\n<p style=\"padding-top:0;padding-right:0;padding-bottom:0\">9:00 Aula<\/p>\n\n\n\n<p style=\"padding-top:0;padding-right:0;padding-bottom:0\">As aulas da manh\u00e3 come\u00e7am.<\/p>\n<\/div><\/div>\n\n\n\n<div class=\"wp-block-media-text is-stacked-on-mobile has-base-2-background-color has-background\" style=\"border-style:none;border-width:0px;margin-top:5px;margin-right:0;margin-bottom:5px;margin-left:0;padding-top:0;padding-right:0;padding-left:0\"><figure class=\"wp-block-media-text__media\"><a href=\"https:\/\/www2.yamasa.org\/features\/\"><img loading=\"lazy\" decoding=\"async\" width=\"335\" height=\"237\" src=\"http:\/\/www2.yamasa.org\/wp-content\/uploads\/2025\/11\/image-52.png\" alt=\"\" class=\"wp-image-622 size-full\" srcset=\"https:\/\/www.yamasa.org\/wp-content\/uploads\/2025\/11\/image-52.png 335w, https:\/\/www.yamasa.org\/wp-content\/uploads\/2025\/11\/image-52-300x212.png 300w\" sizes=\"auto, (max-width: 335px) 100vw, 335px\" \/><\/a><\/figure><div class=\"wp-block-media-text__content\">\n<p style=\"padding-top:0;padding-right:0;padding-bottom:0\">Durante o intervalo, converso com colegas de v\u00e1rios pa\u00edses. Nossa l\u00edngua em comum \u00e9 o japon\u00eas.<\/p>\n<\/div><\/div>\n<\/div>\n\n\n\n<div class=\"wp-block-media-text is-stacked-on-mobile has-base-2-background-color has-background\" style=\"border-width:1px;margin-top:5px;margin-right:0;margin-bottom:5px;margin-left:0;padding-top:0;padding-right:0;padding-left:0\"><figure class=\"wp-block-media-text__media\"><a href=\"https:\/\/www2.yamasa.org\/features\/\"><img loading=\"lazy\" decoding=\"async\" width=\"335\" height=\"237\" src=\"http:\/\/www2.yamasa.org\/wp-content\/uploads\/2025\/11\/image-53.png\" alt=\"\" class=\"wp-image-623 size-full\" srcset=\"https:\/\/www.yamasa.org\/wp-content\/uploads\/2025\/11\/image-53.png 335w, https:\/\/www.yamasa.org\/wp-content\/uploads\/2025\/11\/image-53-300x212.png 300w\" sizes=\"auto, (max-width: 335px) 100vw, 335px\" \/><\/a><\/figure><div class=\"wp-block-media-text__content\">\n<p style=\"padding-top:0;padding-right:0;padding-bottom:0\">12:00 Intervalo para almo\u00e7o<\/p>\n\n\n\n<p style=\"padding-top:0;padding-right:0;padding-bottom:0\">No intervalo do almo\u00e7o, como perto dali no &#8220;Kamato Kurumi&#8221;.<br>Eu adoro esse lugar porque posso comer pratos saud\u00e1veis enquanto aprecio um belo jardim em um ambiente tranquilo.<\/p>\n<\/div><\/div>\n\n\n\n<div class=\"wp-block-group has-global-padding is-layout-constrained wp-block-group-is-layout-constrained\" style=\"border-width:1px\">\n<div class=\"wp-block-media-text is-stacked-on-mobile has-base-2-background-color has-background\" style=\"margin-top:5px;margin-right:0;margin-bottom:5px;margin-left:0;padding-top:0;padding-right:0;padding-left:0\"><figure class=\"wp-block-media-text__media\"><a href=\"https:\/\/www2.yamasa.org\/features\/\"><img loading=\"lazy\" decoding=\"async\" width=\"335\" height=\"237\" src=\"http:\/\/www2.yamasa.org\/wp-content\/uploads\/2025\/11\/image-54.png\" alt=\"\" class=\"wp-image-624 size-full\" srcset=\"https:\/\/www.yamasa.org\/wp-content\/uploads\/2025\/11\/image-54.png 335w, https:\/\/www.yamasa.org\/wp-content\/uploads\/2025\/11\/image-54-300x212.png 300w\" sizes=\"auto, (max-width: 335px) 100vw, 335px\" \/><\/a><\/figure><div class=\"wp-block-media-text__content\">\n<p style=\"padding-top:0;padding-right:0;padding-bottom:0\">15:00 Estudo individual<\/p>\n\n\n\n<p style=\"padding-top:0;padding-right:0;padding-bottom:0\">Depois que as aulas terminam, fa\u00e7o revis\u00e3o.<\/p>\n<\/div><\/div>\n<\/div>\n<\/div>\n<\/div>\n\n","protected":false},"excerpt":{"rendered":"<p>Um dia na vida de um estudante Monika (Su\u00ed\u00e7a) SILAC_Curso intensivo de conversa\u00e7\u00e3o\u30fbAIJP_Curso geral de japon\u00eas Ingresso: abril de 2013Objetivo do curso: quero melhorar meu n\u00edvel de japon\u00eas para poder conversar mais com meus amigos.Meta: quero fazer o teste JLPT e alcan\u00e7ar um n\u00edvel mais alto (atualmente aprovada no N4). Em turmas pequenas, \u00e9 poss\u00edvel [&hellip;]<\/p>\n","protected":false},"author":9,"featured_media":0,"parent":0,"menu_order":2,"comment_status":"closed","ping_status":"closed","template":"","meta":{"_locale":"pt_BR","_original_post":"https:\/\/www2.yamasa.org\/?page_id=614","footnotes":""},"class_list":["post-3484","page","type-page","status-publish","hentry","pt-BR"],"yoast_head":"<!-- This site is optimized with the Yoast SEO plugin v27.4 - https:\/\/yoast.com\/product\/yoast-seo-wordpress\/ -->\n<title>Um dia na YAMASA - YAMASA\u8a00\u8a9e\u6587\u5316\u5b66\u9662(\u8a8d\u5b9a\u65e5\u672c\u8a9e\u5b66\u6821\u7533\u8acb\u4e2d 2026\u5e7410\u6708\u4e88\u5b9a)<\/title>\n<meta name=\"robots\" content=\"index, follow, max-snippet:-1, max-image-preview:large, max-video-preview:-1\" \/>\n<link rel=\"canonical\" href=\"https:\/\/www.yamasa.org\/pt\/yamasaday\/\" \/>\n<meta property=\"og:locale\" content=\"pt_BR\" \/>\n<meta property=\"og:type\" content=\"article\" \/>\n<meta property=\"og:title\" content=\"Um dia na YAMASA - YAMASA\u8a00\u8a9e\u6587\u5316\u5b66\u9662(\u8a8d\u5b9a\u65e5\u672c\u8a9e\u5b66\u6821\u7533\u8acb\u4e2d 2026\u5e7410\u6708\u4e88\u5b9a)\" \/>\n<meta property=\"og:description\" content=\"Um dia na vida de um estudante Monika (Su\u00ed\u00e7a) SILAC_Curso intensivo de conversa\u00e7\u00e3o\u30fbAIJP_Curso geral de japon\u00eas Ingresso: abril de 2013Objetivo do curso: quero melhorar meu n\u00edvel de japon\u00eas para poder conversar mais com meus amigos.Meta: quero fazer o teste JLPT e alcan\u00e7ar um n\u00edvel mais alto (atualmente aprovada no N4). Em turmas pequenas, \u00e9 poss\u00edvel [&hellip;]\" \/>\n<meta property=\"og:url\" content=\"https:\/\/www.yamasa.org\/pt\/yamasaday\/\" \/>\n<meta property=\"og:site_name\" content=\"YAMASA\u8a00\u8a9e\u6587\u5316\u5b66\u9662(\u8a8d\u5b9a\u65e5\u672c\u8a9e\u5b66\u6821\u7533\u8acb\u4e2d 2026\u5e7410\u6708\u4e88\u5b9a)\" \/>\n<meta property=\"article:publisher\" content=\"https:\/\/www.facebook.com\/yamasainstitute\" \/>\n<meta property=\"article:modified_time\" content=\"2026-03-26T01:35:31+00:00\" \/>\n<meta property=\"og:image\" content=\"https:\/\/www.yamasa.org\/wp-content\/uploads\/2025\/11\/image-49.png\" \/>\n\t<meta property=\"og:image:width\" content=\"690\" \/>\n\t<meta property=\"og:image:height\" content=\"426\" \/>\n\t<meta property=\"og:image:type\" content=\"image\/png\" \/>\n<meta name=\"twitter:card\" content=\"summary_large_image\" \/>\n<meta name=\"twitter:site\" content=\"@yamasa_ch\" \/>\n<meta name=\"twitter:label1\" content=\"Est. tempo de leitura\" \/>\n\t<meta name=\"twitter:data1\" content=\"6 minutos\" \/>\n<script type=\"application\/ld+json\" class=\"yoast-schema-graph\">{\"@context\":\"https:\\\/\\\/schema.org\",\"@graph\":[{\"@type\":\"WebPage\",\"@id\":\"https:\\\/\\\/www.yamasa.org\\\/pt\\\/yamasaday\\\/\",\"url\":\"https:\\\/\\\/www.yamasa.org\\\/pt\\\/yamasaday\\\/\",\"name\":\"Um dia na YAMASA - YAMASA\u8a00\u8a9e\u6587\u5316\u5b66\u9662(\u8a8d\u5b9a\u65e5\u672c\u8a9e\u5b66\u6821\u7533\u8acb\u4e2d 2026\u5e7410\u6708\u4e88\u5b9a)\",\"isPartOf\":{\"@id\":\"https:\\\/\\\/www.yamasa.org\\\/#website\"},\"primaryImageOfPage\":{\"@id\":\"https:\\\/\\\/www.yamasa.org\\\/pt\\\/yamasaday\\\/#primaryimage\"},\"image\":{\"@id\":\"https:\\\/\\\/www.yamasa.org\\\/pt\\\/yamasaday\\\/#primaryimage\"},\"thumbnailUrl\":\"https:\\\/\\\/www2.yamasa.org\\\/wp-content\\\/uploads\\\/2025\\\/11\\\/image-49.png\",\"datePublished\":\"2026-03-26T01:35:30+00:00\",\"dateModified\":\"2026-03-26T01:35:31+00:00\",\"breadcrumb\":{\"@id\":\"https:\\\/\\\/www.yamasa.org\\\/pt\\\/yamasaday\\\/#breadcrumb\"},\"inLanguage\":\"pt-BR\",\"potentialAction\":[{\"@type\":\"ReadAction\",\"target\":[\"https:\\\/\\\/www.yamasa.org\\\/pt\\\/yamasaday\\\/\"]}]},{\"@type\":\"ImageObject\",\"inLanguage\":\"pt-BR\",\"@id\":\"https:\\\/\\\/www.yamasa.org\\\/pt\\\/yamasaday\\\/#primaryimage\",\"url\":\"https:\\\/\\\/www2.yamasa.org\\\/wp-content\\\/uploads\\\/2025\\\/11\\\/image-49.png\",\"contentUrl\":\"https:\\\/\\\/www2.yamasa.org\\\/wp-content\\\/uploads\\\/2025\\\/11\\\/image-49.png\"},{\"@type\":\"BreadcrumbList\",\"@id\":\"https:\\\/\\\/www.yamasa.org\\\/pt\\\/yamasaday\\\/#breadcrumb\",\"itemListElement\":[{\"@type\":\"ListItem\",\"position\":1,\"name\":\"\u30db\u30fc\u30e0\",\"item\":\"https:\\\/\\\/www.yamasa.org\\\/\"},{\"@type\":\"ListItem\",\"position\":2,\"name\":\"Um dia na YAMASA\"}]},{\"@type\":\"WebSite\",\"@id\":\"https:\\\/\\\/www.yamasa.org\\\/#website\",\"url\":\"https:\\\/\\\/www.yamasa.org\\\/\",\"name\":\"YAMASA\u8a00\u8a9e \u8a8d\u5b9a\u6821\",\"description\":\"\",\"publisher\":{\"@id\":\"https:\\\/\\\/www.yamasa.org\\\/#organization\"},\"potentialAction\":[{\"@type\":\"SearchAction\",\"target\":{\"@type\":\"EntryPoint\",\"urlTemplate\":\"https:\\\/\\\/www.yamasa.org\\\/?s={search_term_string}\"},\"query-input\":{\"@type\":\"PropertyValueSpecification\",\"valueRequired\":true,\"valueName\":\"search_term_string\"}}],\"inLanguage\":\"pt-BR\"},{\"@type\":\"Organization\",\"@id\":\"https:\\\/\\\/www.yamasa.org\\\/#organization\",\"name\":\"YAMASA\u8a00\u8a9e \u8a8d\u5b9a\u6821\",\"url\":\"https:\\\/\\\/www.yamasa.org\\\/\",\"logo\":{\"@type\":\"ImageObject\",\"inLanguage\":\"pt-BR\",\"@id\":\"https:\\\/\\\/www.yamasa.org\\\/#\\\/schema\\\/logo\\\/image\\\/\",\"url\":\"https:\\\/\\\/www.yamasa.org\\\/wp-content\\\/uploads\\\/2025\\\/12\\\/image.png\",\"contentUrl\":\"https:\\\/\\\/www.yamasa.org\\\/wp-content\\\/uploads\\\/2025\\\/12\\\/image.png\",\"width\":480,\"height\":110,\"caption\":\"YAMASA\u8a00\u8a9e \u8a8d\u5b9a\u6821\"},\"image\":{\"@id\":\"https:\\\/\\\/www.yamasa.org\\\/#\\\/schema\\\/logo\\\/image\\\/\"},\"sameAs\":[\"https:\\\/\\\/www.facebook.com\\\/yamasainstitute\",\"https:\\\/\\\/x.com\\\/yamasa_ch\",\"https:\\\/\\\/www.instagram.com\\\/yamasainstitute\\\/\"]}]}<\/script>\n<!-- \/ Yoast SEO plugin. -->","yoast_head_json":{"title":"Um dia na YAMASA - YAMASA\u8a00\u8a9e\u6587\u5316\u5b66\u9662(\u8a8d\u5b9a\u65e5\u672c\u8a9e\u5b66\u6821\u7533\u8acb\u4e2d 2026\u5e7410\u6708\u4e88\u5b9a)","robots":{"index":"index","follow":"follow","max-snippet":"max-snippet:-1","max-image-preview":"max-image-preview:large","max-video-preview":"max-video-preview:-1"},"canonical":"https:\/\/www.yamasa.org\/pt\/yamasaday\/","og_locale":"pt_BR","og_type":"article","og_title":"Um dia na YAMASA - YAMASA\u8a00\u8a9e\u6587\u5316\u5b66\u9662(\u8a8d\u5b9a\u65e5\u672c\u8a9e\u5b66\u6821\u7533\u8acb\u4e2d 2026\u5e7410\u6708\u4e88\u5b9a)","og_description":"Um dia na vida de um estudante Monika (Su\u00ed\u00e7a) SILAC_Curso intensivo de conversa\u00e7\u00e3o\u30fbAIJP_Curso geral de japon\u00eas Ingresso: abril de 2013Objetivo do curso: quero melhorar meu n\u00edvel de japon\u00eas para poder conversar mais com meus amigos.Meta: quero fazer o teste JLPT e alcan\u00e7ar um n\u00edvel mais alto (atualmente aprovada no N4). Em turmas pequenas, \u00e9 poss\u00edvel [&hellip;]","og_url":"https:\/\/www.yamasa.org\/pt\/yamasaday\/","og_site_name":"YAMASA\u8a00\u8a9e\u6587\u5316\u5b66\u9662(\u8a8d\u5b9a\u65e5\u672c\u8a9e\u5b66\u6821\u7533\u8acb\u4e2d 2026\u5e7410\u6708\u4e88\u5b9a)","article_publisher":"https:\/\/www.facebook.com\/yamasainstitute","article_modified_time":"2026-03-26T01:35:31+00:00","og_image":[{"width":690,"height":426,"url":"https:\/\/www.yamasa.org\/wp-content\/uploads\/2025\/11\/image-49.png","type":"image\/png"}],"twitter_card":"summary_large_image","twitter_site":"@yamasa_ch","twitter_misc":{"Est. tempo de leitura":"6 minutos"},"schema":{"@context":"https:\/\/schema.org","@graph":[{"@type":"WebPage","@id":"https:\/\/www.yamasa.org\/pt\/yamasaday\/","url":"https:\/\/www.yamasa.org\/pt\/yamasaday\/","name":"Um dia na YAMASA - YAMASA\u8a00\u8a9e\u6587\u5316\u5b66\u9662(\u8a8d\u5b9a\u65e5\u672c\u8a9e\u5b66\u6821\u7533\u8acb\u4e2d 2026\u5e7410\u6708\u4e88\u5b9a)","isPartOf":{"@id":"https:\/\/www.yamasa.org\/#website"},"primaryImageOfPage":{"@id":"https:\/\/www.yamasa.org\/pt\/yamasaday\/#primaryimage"},"image":{"@id":"https:\/\/www.yamasa.org\/pt\/yamasaday\/#primaryimage"},"thumbnailUrl":"https:\/\/www2.yamasa.org\/wp-content\/uploads\/2025\/11\/image-49.png","datePublished":"2026-03-26T01:35:30+00:00","dateModified":"2026-03-26T01:35:31+00:00","breadcrumb":{"@id":"https:\/\/www.yamasa.org\/pt\/yamasaday\/#breadcrumb"},"inLanguage":"pt-BR","potentialAction":[{"@type":"ReadAction","target":["https:\/\/www.yamasa.org\/pt\/yamasaday\/"]}]},{"@type":"ImageObject","inLanguage":"pt-BR","@id":"https:\/\/www.yamasa.org\/pt\/yamasaday\/#primaryimage","url":"https:\/\/www2.yamasa.org\/wp-content\/uploads\/2025\/11\/image-49.png","contentUrl":"https:\/\/www2.yamasa.org\/wp-content\/uploads\/2025\/11\/image-49.png"},{"@type":"BreadcrumbList","@id":"https:\/\/www.yamasa.org\/pt\/yamasaday\/#breadcrumb","itemListElement":[{"@type":"ListItem","position":1,"name":"\u30db\u30fc\u30e0","item":"https:\/\/www.yamasa.org\/"},{"@type":"ListItem","position":2,"name":"Um dia na YAMASA"}]},{"@type":"WebSite","@id":"https:\/\/www.yamasa.org\/#website","url":"https:\/\/www.yamasa.org\/","name":"YAMASA\u8a00\u8a9e \u8a8d\u5b9a\u6821","description":"","publisher":{"@id":"https:\/\/www.yamasa.org\/#organization"},"potentialAction":[{"@type":"SearchAction","target":{"@type":"EntryPoint","urlTemplate":"https:\/\/www.yamasa.org\/?s={search_term_string}"},"query-input":{"@type":"PropertyValueSpecification","valueRequired":true,"valueName":"search_term_string"}}],"inLanguage":"pt-BR"},{"@type":"Organization","@id":"https:\/\/www.yamasa.org\/#organization","name":"YAMASA\u8a00\u8a9e \u8a8d\u5b9a\u6821","url":"https:\/\/www.yamasa.org\/","logo":{"@type":"ImageObject","inLanguage":"pt-BR","@id":"https:\/\/www.yamasa.org\/#\/schema\/logo\/image\/","url":"https:\/\/www.yamasa.org\/wp-content\/uploads\/2025\/12\/image.png","contentUrl":"https:\/\/www.yamasa.org\/wp-content\/uploads\/2025\/12\/image.png","width":480,"height":110,"caption":"YAMASA\u8a00\u8a9e \u8a8d\u5b9a\u6821"},"image":{"@id":"https:\/\/www.yamasa.org\/#\/schema\/logo\/image\/"},"sameAs":["https:\/\/www.facebook.com\/yamasainstitute","https:\/\/x.com\/yamasa_ch","https:\/\/www.instagram.com\/yamasainstitute\/"]}]}},"_links":{"self":[{"href":"https:\/\/www.yamasa.org\/wp-json\/wp\/v2\/pages\/3484","targetHints":{"allow":["GET"]}}],"collection":[{"href":"https:\/\/www.yamasa.org\/wp-json\/wp\/v2\/pages"}],"about":[{"href":"https:\/\/www.yamasa.org\/wp-json\/wp\/v2\/types\/page"}],"author":[{"embeddable":true,"href":"https:\/\/www.yamasa.org\/wp-json\/wp\/v2\/users\/9"}],"replies":[{"embeddable":true,"href":"https:\/\/www.yamasa.org\/wp-json\/wp\/v2\/comments?post=3484"}],"version-history":[{"count":1,"href":"https:\/\/www.yamasa.org\/wp-json\/wp\/v2\/pages\/3484\/revisions"}],"predecessor-version":[{"id":3485,"href":"https:\/\/www.yamasa.org\/wp-json\/wp\/v2\/pages\/3484\/revisions\/3485"}],"wp:attachment":[{"href":"https:\/\/www.yamasa.org\/wp-json\/wp\/v2\/media?parent=3484"}],"curies":[{"name":"wp","href":"https:\/\/api.w.org\/{rel}","templated":true}]}}