{"id":3345,"date":"2026-03-23T17:01:13","date_gmt":"2026-03-23T08:01:13","guid":{"rendered":"https:\/\/www.yamasa.org\/?page_id=3345"},"modified":"2026-03-23T17:03:42","modified_gmt":"2026-03-23T08:03:42","slug":"access","status":"publish","type":"page","link":"https:\/\/www.yamasa.org\/pt\/access\/","title":{"rendered":"Acesso"},"content":{"rendered":"\n<h3 class=\"wp-block-heading\" id=\"fromairport\">Do Aeroporto Internacional Chubu Centrair (Nagoya)<\/h3>\n\n\n\n<iframe src=\"https:\/\/www.google.com\/maps\/embed?pb=!4v1769070489661!6m8!1m7!1sBEoPbbiXdkkeX3Dq1cckTg!2m2!1d34.85878225680656!2d136.8155144685914!3f77.6!4f11.790000000000006!5f0.8160813932612223\" style=\"border:0;display:block;width:80%;height:30em;\" allowfullscreen=\"\" loading=\"lazy\" referrerpolicy=\"no-referrer-when-downgrade\"><\/iframe>\n<p style=\"font-weight:bold;font-size:.85em;width:80%;margin:1em auto;\">Sagu\u00e3o de chegadas do Aeroporto Internacional Chubu Centrair<\/p>\n\n\n\n<div style=\"height:30px\" aria-hidden=\"true\" class=\"wp-block-spacer\"><\/div>\n\n\n\n<h4 class=\"wp-block-heading\"><strong>1) Trem para a esta\u00e7\u00e3o Okazaki (1 hora; 1.540 ienes) Linhas Meitetsu e JR<\/strong><\/h4>\n\n\n\n<div class=\"wp-block-group has-global-padding is-layout-constrained wp-block-group-is-layout-constrained\">\n<p>Este hor\u00e1rio \u00e9 apenas um exemplo. Verifique os hor\u00e1rios reais na internet.<br>A tarifa est\u00e1 atualizada em janeiro de 2026.<\/p>\n\n\n\n<figure class=\"wp-block-table\"><table class=\"has-fixed-layout\"><tbody><tr><td>(TA24) Esta\u00e7\u00e3o Chubu Kokusai Kuko (Meitetsu)<\/td><td>Partida 10:47<\/td><\/tr><\/tbody><\/table><\/figure>\n\n\n\n<div class=\"wp-block-columns is-not-stacked-on-mobile is-layout-flex wp-container-core-columns-is-layout-28f84493 wp-block-columns-is-layout-flex\">\n<div class=\"wp-block-column is-layout-flow wp-block-column-is-layout-flow\" style=\"flex-basis:33.33%\">\n<figure class=\"wp-block-image size-full\"><img loading=\"lazy\" decoding=\"async\" width=\"50\" height=\"111\" src=\"\/wp-content\/uploads\/2026\/01\/train_red.gif\" alt=\"\" class=\"wp-image-1771\"\/><\/figure>\n<\/div>\n\n\n\n<div class=\"wp-block-column is-layout-flow wp-block-column-is-layout-flow\" style=\"flex-basis:66.66%\">\n<p>Meitetsu Tokoname \/ Airport Line Limited Express<br>Com destino a Meitetsu Gifu<br>32 minutos (7 esta\u00e7\u00f5es)<br>Tarifa: 910 ienes<\/p>\n<\/div>\n<\/div>\n\n\n\n<figure class=\"wp-block-table\"><table class=\"has-fixed-layout\"><tbody><tr><td>(NH34) Esta\u00e7\u00e3o Kanayama (Meitetsu)<\/td><td>Chegada 11:19<\/td><\/tr><\/tbody><\/table><\/figure>\n\n\n\n<p>Troque da linha Meitetsu Tokoname \/ Airport para a linha JR Tokaido<\/p>\n\n\n\n<figure class=\"wp-block-table\"><table class=\"has-fixed-layout\"><tbody><tr><td>(CA66) Esta\u00e7\u00e3o Kanayama (JR)<\/td><td>Partida 11:35<\/td><\/tr><\/tbody><\/table><\/figure>\n\n\n\n<div class=\"wp-block-columns is-not-stacked-on-mobile is-layout-flex wp-container-core-columns-is-layout-28f84493 wp-block-columns-is-layout-flex\">\n<div class=\"wp-block-column is-layout-flow wp-block-column-is-layout-flow\" style=\"flex-basis:33.33%\">\n<figure class=\"wp-block-image size-full\"><img loading=\"lazy\" decoding=\"async\" width=\"51\" height=\"112\" src=\"\/wp-content\/uploads\/2026\/01\/train_yellow.gif\" alt=\"\" class=\"wp-image-1772\"\/><\/figure>\n<\/div>\n\n\n\n<div class=\"wp-block-column is-layout-flow wp-block-column-is-layout-flow\" style=\"flex-basis:66.66%\">\n<p>JR Tokaido Main Line Rapid<br>Com destino a Toyohashi<br>28 minutos (5 esta\u00e7\u00f5es)<br>Tarifa: 630 ienes<\/p>\n<\/div>\n<\/div>\n\n\n\n<figure class=\"wp-block-table\"><table class=\"has-fixed-layout\"><tbody><tr><td>(CA52) Esta\u00e7\u00e3o Okazaki (JR)<\/td><td>Chegada 12:03<\/td><\/tr><\/tbody><\/table><\/figure>\n<\/div>\n\n\n\n<iframe src=\"https:\/\/www.google.com\/maps\/d\/embed?mid=1avHGj9Xk_Ufn4M7BCb09gXgaRS8&#038;hl=en&#038;ehbc=2E312F\" width=\"80%\" style=\"display:block;height:30em;\"><\/iframe>\n\n\n\n<p>Se voc\u00ea for de trem a partir da esta\u00e7\u00e3o Chubu Kokusai Kuko [TA24], pegue o Limited Express da linha Meitetsu Tokoname \/ Airport em dire\u00e7\u00e3o \u00e0 esta\u00e7\u00e3o Meitetsu Nagoya [NH36]. Des\u00e7a na esta\u00e7\u00e3o Kanayama [NH34] e fa\u00e7a a transfer\u00eancia para a linha JR Tokaido (n\u00e3o para a linha Meitetsu da esta\u00e7\u00e3o Higashi Okazaki [NH13]; siga para a esta\u00e7\u00e3o Okazaki [CA52] da JR Tokaido). Pegue um trem r\u00e1pido em dire\u00e7\u00e3o \u00e0 esta\u00e7\u00e3o Toyohashi [CA42] (Rapid, New Rapid ou Special Rapid). Ap\u00f3s chegar \u00e0 esta\u00e7\u00e3o Okazaki [CA52], veja <a href=\"#fromokazakistation\">aqui<\/a>.<\/p>\n\n\n\n<div style=\"height:30px\" aria-hidden=\"true\" class=\"wp-block-spacer\"><\/div>\n\n\n\n<h4 class=\"wp-block-heading\"><strong>2) Trem para a esta\u00e7\u00e3o Higashi Okazaki (1 hora; 1.400 ienes) Linha Meitetsu<\/strong><\/h4>\n\n\n\n<div class=\"wp-block-group has-global-padding is-layout-constrained wp-block-group-is-layout-constrained\">\n<p>Este hor\u00e1rio \u00e9 apenas um exemplo. Verifique os hor\u00e1rios reais na internet.<br>A tarifa est\u00e1 atualizada em janeiro de 2026.<\/p>\n\n\n\n<figure class=\"wp-block-table\"><table class=\"has-fixed-layout\"><tbody><tr><td>(TA24) Esta\u00e7\u00e3o Chubu Kokusai Kuko (Meitetsu)<\/td><td>Partida 10:47<\/td><\/tr><\/tbody><\/table><\/figure>\n\n\n\n<div class=\"wp-block-columns is-not-stacked-on-mobile is-layout-flex wp-container-core-columns-is-layout-28f84493 wp-block-columns-is-layout-flex\">\n<div class=\"wp-block-column is-layout-flow wp-block-column-is-layout-flow\" style=\"flex-basis:33.33%\">\n<figure class=\"wp-block-image size-full\"><img loading=\"lazy\" decoding=\"async\" width=\"50\" height=\"111\" src=\"\/wp-content\/uploads\/2026\/01\/train_red.gif\" alt=\"\" class=\"wp-image-1771\"\/><\/figure>\n<\/div>\n\n\n\n<div class=\"wp-block-column is-layout-flow wp-block-column-is-layout-flow\" style=\"flex-basis:66.66%\">\n<p>Meitetsu Tokoname \/ Airport Line Limited Express<br>Com destino a Meitetsu Gifu<br>32 minutos (7 esta\u00e7\u00f5es)<\/p>\n<\/div>\n<\/div>\n\n\n\n<figure class=\"wp-block-table\"><table class=\"has-fixed-layout\"><tbody><tr><td>(NH33) Esta\u00e7\u00e3o Jingumae (Meitetsu)<\/td><td>Chegada 11:16<\/td><\/tr><\/tbody><\/table><\/figure>\n\n\n\n<p>Troque da linha Meitetsu Tokoname \/ Airport para a linha principal Meitetsu Nagoya<\/p>\n\n\n\n<figure class=\"wp-block-table\"><table class=\"has-fixed-layout\"><tbody><tr><td>(NH33) Esta\u00e7\u00e3o Jingumae (Meitetsu)<\/td><td>Partida 11:24<\/td><\/tr><\/tbody><\/table><\/figure>\n\n\n\n<div class=\"wp-block-columns is-not-stacked-on-mobile is-layout-flex wp-container-core-columns-is-layout-28f84493 wp-block-columns-is-layout-flex\">\n<div class=\"wp-block-column is-layout-flow wp-block-column-is-layout-flow\" style=\"flex-basis:33.33%\">\n<figure class=\"wp-block-image size-full\"><img loading=\"lazy\" decoding=\"async\" width=\"50\" height=\"111\" src=\"\/wp-content\/uploads\/2026\/01\/train_red.gif\" alt=\"\" class=\"wp-image-1771\"\/><\/figure>\n<\/div>\n\n\n\n<div class=\"wp-block-column is-layout-flow wp-block-column-is-layout-flow\" style=\"flex-basis:66.66%\">\n<p>Meitetsu Nagoya Main Line Rapid Limited Express<br>Com destino a Toyohashi<br>29 minutos (6 esta\u00e7\u00f5es)<\/p>\n<\/div>\n<\/div>\n\n\n\n<figure class=\"wp-block-table\"><table class=\"has-fixed-layout\"><tbody><tr><td>(NH13) Esta\u00e7\u00e3o Higashi Okazaki (Meitetsu)<\/td><td>Chegada 11:47<\/td><\/tr><\/tbody><\/table><\/figure>\n<\/div>\n\n\n\n<iframe src=\"https:\/\/www.google.com\/maps\/d\/embed?mid=17nLzO5NcDGJ8RXkNfIapUj6q4hqSTl0&#038;ehbc=2E312F\"  style=\"width:80%;height:30em;display:block;\"><\/iframe>\n\n\n\n<p>Se voc\u00ea for de trem a partir do Aeroporto Internacional Chubu [TA24], pegue o Limited Express da linha Meitetsu Tokoname em dire\u00e7\u00e3o \u00e0 esta\u00e7\u00e3o Meitetsu Nagoya [NH36]. Des\u00e7a na esta\u00e7\u00e3o Jingumae [NH33], fa\u00e7a a transfer\u00eancia para a linha Meitetsu e pegue um trem em dire\u00e7\u00e3o a Higashi Okazaki [NH13]. Depois de chegar \u00e0 esta\u00e7\u00e3o Higashi Okazaki [NH13], veja <a href=\"#fromhigashiokazakistation\">aqui<\/a>.<\/p>\n\n\n\n<iframe src=\"https:\/\/www.google.com\/maps\/embed?pb=!4v1769136392497!6m8!1m7!1sgkoiSC8en9nlVQ-mpy7vcw!2m2!1d34.8594417481475!2d136.8162497063189!3f358.12!4f-10.930000000000007!5f2.069603909466463\"  style=\"width:80%;height:30em;display:block;\" allowfullscreen=\"\" loading=\"lazy\" referrerpolicy=\"no-referrer-when-downgrade\"><\/iframe>\n<p style=\"font-weight:bold;font-size:.85em;width:80%;margin:1em auto;\">Esta\u00e7\u00e3o Chubu Kokusai Kuko (Centrair) [TA24]<\/p>\n\n\n\n<div style=\"height:30px\" aria-hidden=\"true\" class=\"wp-block-spacer\"><\/div>\n\n\n\n<h4 class=\"wp-block-heading\"><strong>3) Servi\u00e7o de traslado do aeroporto (1 hora; 18.000 ienes)<\/strong><\/h4>\n\n\n\n<p>Esta \u00e9 a op\u00e7\u00e3o mais segura, mais conveniente e, ao mesmo tempo, a mais cara. A equipe da YAMASA estar\u00e1 esperando por voc\u00ea no port\u00e3o de sa\u00edda da alf\u00e2ndega do Aeroporto Internacional Chubu Centrair (NGO). O valor \u00e9 de 18.000 ienes.<\/p>\n\n\n\n<h2 class=\"wp-block-heading\" id=\"fromstation\">Acesso a partir da esta\u00e7\u00e3o mais pr\u00f3xima da YAMASA<\/h2>\n\n\n\n<div class=\"wp-block-group has-global-padding is-layout-constrained wp-block-group-is-layout-constrained\">\n<h3 class=\"wp-block-heading\" id=\"fromokazakistation\">Da Esta\u00e7\u00e3o Okazaki [CA52]<\/h3>\n\n\n\n<p><strong>\u00a0A Esta\u00e7\u00e3o Okazaki [c\u00f3digo da esta\u00e7\u00e3o CA52]<\/strong> \u00e9 servida pela JR Tokai e pela Aichi Loop Railway.<\/p>\n\n\n\n<p>Fica a cerca de 10 minutos a p\u00e9 da YAMASA. Ou voc\u00ea pode usar o servi\u00e7o gratuito de traslado. Nesse caso, a equipe da YAMASA estar\u00e1 esperando por voc\u00ea na catraca da esta\u00e7\u00e3o.<\/p>\n\n\n\n<iframe src=\"https:\/\/www.google.com\/maps\/d\/embed?mid=1zSFO47hir-npNPjFXD8EEe2sEEM&#038;hl=en&#038;ehbc=2E312F\" style=\"width:80%;height:30em;display:block;\"><\/iframe>\n<p style=\"font-weight:bold;font-size:.85em;width:80%;margin:1em auto;\">Mapa da Esta\u00e7\u00e3o Okazaki at\u00e9 a YAMASA<\/p>\n\n\n\n<iframe src=\"https:\/\/www.google.com\/maps\/embed?pb=!4v1769142203115!6m8!1m7!1sPV3Ik0ehbA8MKmeoPS3mEw!2m2!1d34.92593738044819!2d137.1580125676568!3f205.24!4f4.739999999999995!5f0.8160813932612223\" allowfullscreen=\"\" loading=\"lazy\" referrerpolicy=\"no-referrer-when-downgrade\" style=\"width:80%;height:30em;display:block;\"><\/iframe>\n<p style=\"font-weight:bold;font-size:.85em;width:80%;margin:1em auto;\">Esta\u00e7\u00e3o Okazaki [c\u00f3digo da esta\u00e7\u00e3o CA52]<\/p>\n<\/div>\n\n\n\n<div style=\"height:38px\" aria-hidden=\"true\" class=\"wp-block-spacer\"><\/div>\n\n\n\n<h3 class=\"wp-block-heading\" id=\"fromhigashiokazakistation\">Da Esta\u00e7\u00e3o Higashi Okazaki [NH13]<\/h3>\n\n\n\n<p><strong>A Esta\u00e7\u00e3o Higashi Okazaki [c\u00f3digo da esta\u00e7\u00e3o NH13]<\/strong> \u00e9 servida pela Meitetsu.<\/p>\n\n\n\n<p>H\u00e1 v\u00e1rias maneiras de ir daqui at\u00e9 a YAMASA. A p\u00e9, s\u00e3o cerca de 5 km e 60 minutos.<br>H\u00e1 um servi\u00e7o gratuito de traslado. A equipe da YAMASA estar\u00e1 esperando na catraca da sa\u00edda leste da esta\u00e7\u00e3o.<\/p>\n\n","protected":false},"excerpt":{"rendered":"<p>Do Aeroporto Internacional Chubu Centrair (Nagoya) Sagu\u00e3o de chegadas do Aeroporto Internacional Chubu Centrair 1) Trem para a esta\u00e7\u00e3o Okazaki (1 hora; 1.540 ienes) Linhas Meitetsu e JR Este hor\u00e1rio \u00e9 apenas um exemplo. Verifique os hor\u00e1rios reais na internet.A tarifa est\u00e1 atualizada em janeiro de 2026. (TA24) Esta\u00e7\u00e3o Chubu Kokusai Kuko (Meitetsu) Partida 10:47 [&hellip;]<\/p>\n","protected":false},"author":9,"featured_media":0,"parent":0,"menu_order":6,"comment_status":"closed","ping_status":"closed","template":"","meta":{"_locale":"pt_BR","_original_post":"https:\/\/www2.yamasa.org\/?page_id=78","footnotes":""},"class_list":["post-3345","page","type-page","status-publish","hentry","pt-BR"],"yoast_head":"<!-- This site is optimized with the Yoast SEO plugin v27.4 - https:\/\/yoast.com\/product\/yoast-seo-wordpress\/ -->\n<title>Acesso - YAMASA\u8a00\u8a9e\u6587\u5316\u5b66\u9662(\u8a8d\u5b9a\u65e5\u672c\u8a9e\u5b66\u6821\u7533\u8acb\u4e2d 2026\u5e7410\u6708\u4e88\u5b9a)<\/title>\n<meta name=\"robots\" content=\"index, follow, max-snippet:-1, max-image-preview:large, max-video-preview:-1\" \/>\n<link rel=\"canonical\" href=\"https:\/\/www.yamasa.org\/pt\/access\/\" \/>\n<meta property=\"og:locale\" content=\"pt_BR\" \/>\n<meta property=\"og:type\" content=\"article\" \/>\n<meta property=\"og:title\" content=\"Acesso - YAMASA\u8a00\u8a9e\u6587\u5316\u5b66\u9662(\u8a8d\u5b9a\u65e5\u672c\u8a9e\u5b66\u6821\u7533\u8acb\u4e2d 2026\u5e7410\u6708\u4e88\u5b9a)\" \/>\n<meta property=\"og:description\" content=\"Do Aeroporto Internacional Chubu Centrair (Nagoya) Sagu\u00e3o de chegadas do Aeroporto Internacional Chubu Centrair 1) Trem para a esta\u00e7\u00e3o Okazaki (1 hora; 1.540 ienes) Linhas Meitetsu e JR Este hor\u00e1rio \u00e9 apenas um exemplo. Verifique os hor\u00e1rios reais na internet.A tarifa est\u00e1 atualizada em janeiro de 2026. (TA24) Esta\u00e7\u00e3o Chubu Kokusai Kuko (Meitetsu) Partida 10:47 [&hellip;]\" \/>\n<meta property=\"og:url\" content=\"https:\/\/www.yamasa.org\/pt\/access\/\" \/>\n<meta property=\"og:site_name\" content=\"YAMASA\u8a00\u8a9e\u6587\u5316\u5b66\u9662(\u8a8d\u5b9a\u65e5\u672c\u8a9e\u5b66\u6821\u7533\u8acb\u4e2d 2026\u5e7410\u6708\u4e88\u5b9a)\" \/>\n<meta property=\"article:publisher\" content=\"https:\/\/www.facebook.com\/yamasainstitute\" \/>\n<meta property=\"article:modified_time\" content=\"2026-03-23T08:03:42+00:00\" \/>\n<meta name=\"twitter:card\" content=\"summary_large_image\" \/>\n<meta name=\"twitter:site\" content=\"@yamasa_ch\" \/>\n<meta name=\"twitter:label1\" content=\"Est. tempo de leitura\" \/>\n\t<meta name=\"twitter:data1\" content=\"9 minutos\" \/>\n<script type=\"application\/ld+json\" class=\"yoast-schema-graph\">{\"@context\":\"https:\\\/\\\/schema.org\",\"@graph\":[{\"@type\":\"WebPage\",\"@id\":\"https:\\\/\\\/www.yamasa.org\\\/pt\\\/access\\\/\",\"url\":\"https:\\\/\\\/www.yamasa.org\\\/pt\\\/access\\\/\",\"name\":\"Acesso - YAMASA\u8a00\u8a9e\u6587\u5316\u5b66\u9662(\u8a8d\u5b9a\u65e5\u672c\u8a9e\u5b66\u6821\u7533\u8acb\u4e2d 2026\u5e7410\u6708\u4e88\u5b9a)\",\"isPartOf\":{\"@id\":\"https:\\\/\\\/www.yamasa.org\\\/#website\"},\"datePublished\":\"2026-03-23T08:01:13+00:00\",\"dateModified\":\"2026-03-23T08:03:42+00:00\",\"breadcrumb\":{\"@id\":\"https:\\\/\\\/www.yamasa.org\\\/pt\\\/access\\\/#breadcrumb\"},\"inLanguage\":\"pt-BR\",\"potentialAction\":[{\"@type\":\"ReadAction\",\"target\":[\"https:\\\/\\\/www.yamasa.org\\\/pt\\\/access\\\/\"]}]},{\"@type\":\"BreadcrumbList\",\"@id\":\"https:\\\/\\\/www.yamasa.org\\\/pt\\\/access\\\/#breadcrumb\",\"itemListElement\":[{\"@type\":\"ListItem\",\"position\":1,\"name\":\"\u30db\u30fc\u30e0\",\"item\":\"https:\\\/\\\/www.yamasa.org\\\/\"},{\"@type\":\"ListItem\",\"position\":2,\"name\":\"Acesso\"}]},{\"@type\":\"WebSite\",\"@id\":\"https:\\\/\\\/www.yamasa.org\\\/#website\",\"url\":\"https:\\\/\\\/www.yamasa.org\\\/\",\"name\":\"YAMASA\u8a00\u8a9e \u8a8d\u5b9a\u6821\",\"description\":\"\",\"publisher\":{\"@id\":\"https:\\\/\\\/www.yamasa.org\\\/#organization\"},\"potentialAction\":[{\"@type\":\"SearchAction\",\"target\":{\"@type\":\"EntryPoint\",\"urlTemplate\":\"https:\\\/\\\/www.yamasa.org\\\/?s={search_term_string}\"},\"query-input\":{\"@type\":\"PropertyValueSpecification\",\"valueRequired\":true,\"valueName\":\"search_term_string\"}}],\"inLanguage\":\"pt-BR\"},{\"@type\":\"Organization\",\"@id\":\"https:\\\/\\\/www.yamasa.org\\\/#organization\",\"name\":\"YAMASA\u8a00\u8a9e \u8a8d\u5b9a\u6821\",\"url\":\"https:\\\/\\\/www.yamasa.org\\\/\",\"logo\":{\"@type\":\"ImageObject\",\"inLanguage\":\"pt-BR\",\"@id\":\"https:\\\/\\\/www.yamasa.org\\\/#\\\/schema\\\/logo\\\/image\\\/\",\"url\":\"https:\\\/\\\/www.yamasa.org\\\/wp-content\\\/uploads\\\/2025\\\/12\\\/image.png\",\"contentUrl\":\"https:\\\/\\\/www.yamasa.org\\\/wp-content\\\/uploads\\\/2025\\\/12\\\/image.png\",\"width\":480,\"height\":110,\"caption\":\"YAMASA\u8a00\u8a9e \u8a8d\u5b9a\u6821\"},\"image\":{\"@id\":\"https:\\\/\\\/www.yamasa.org\\\/#\\\/schema\\\/logo\\\/image\\\/\"},\"sameAs\":[\"https:\\\/\\\/www.facebook.com\\\/yamasainstitute\",\"https:\\\/\\\/x.com\\\/yamasa_ch\",\"https:\\\/\\\/www.instagram.com\\\/yamasainstitute\\\/\"]}]}<\/script>\n<!-- \/ Yoast SEO plugin. -->","yoast_head_json":{"title":"Acesso - YAMASA\u8a00\u8a9e\u6587\u5316\u5b66\u9662(\u8a8d\u5b9a\u65e5\u672c\u8a9e\u5b66\u6821\u7533\u8acb\u4e2d 2026\u5e7410\u6708\u4e88\u5b9a)","robots":{"index":"index","follow":"follow","max-snippet":"max-snippet:-1","max-image-preview":"max-image-preview:large","max-video-preview":"max-video-preview:-1"},"canonical":"https:\/\/www.yamasa.org\/pt\/access\/","og_locale":"pt_BR","og_type":"article","og_title":"Acesso - YAMASA\u8a00\u8a9e\u6587\u5316\u5b66\u9662(\u8a8d\u5b9a\u65e5\u672c\u8a9e\u5b66\u6821\u7533\u8acb\u4e2d 2026\u5e7410\u6708\u4e88\u5b9a)","og_description":"Do Aeroporto Internacional Chubu Centrair (Nagoya) Sagu\u00e3o de chegadas do Aeroporto Internacional Chubu Centrair 1) Trem para a esta\u00e7\u00e3o Okazaki (1 hora; 1.540 ienes) Linhas Meitetsu e JR Este hor\u00e1rio \u00e9 apenas um exemplo. Verifique os hor\u00e1rios reais na internet.A tarifa est\u00e1 atualizada em janeiro de 2026. (TA24) Esta\u00e7\u00e3o Chubu Kokusai Kuko (Meitetsu) Partida 10:47 [&hellip;]","og_url":"https:\/\/www.yamasa.org\/pt\/access\/","og_site_name":"YAMASA\u8a00\u8a9e\u6587\u5316\u5b66\u9662(\u8a8d\u5b9a\u65e5\u672c\u8a9e\u5b66\u6821\u7533\u8acb\u4e2d 2026\u5e7410\u6708\u4e88\u5b9a)","article_publisher":"https:\/\/www.facebook.com\/yamasainstitute","article_modified_time":"2026-03-23T08:03:42+00:00","twitter_card":"summary_large_image","twitter_site":"@yamasa_ch","twitter_misc":{"Est. tempo de leitura":"9 minutos"},"schema":{"@context":"https:\/\/schema.org","@graph":[{"@type":"WebPage","@id":"https:\/\/www.yamasa.org\/pt\/access\/","url":"https:\/\/www.yamasa.org\/pt\/access\/","name":"Acesso - YAMASA\u8a00\u8a9e\u6587\u5316\u5b66\u9662(\u8a8d\u5b9a\u65e5\u672c\u8a9e\u5b66\u6821\u7533\u8acb\u4e2d 2026\u5e7410\u6708\u4e88\u5b9a)","isPartOf":{"@id":"https:\/\/www.yamasa.org\/#website"},"datePublished":"2026-03-23T08:01:13+00:00","dateModified":"2026-03-23T08:03:42+00:00","breadcrumb":{"@id":"https:\/\/www.yamasa.org\/pt\/access\/#breadcrumb"},"inLanguage":"pt-BR","potentialAction":[{"@type":"ReadAction","target":["https:\/\/www.yamasa.org\/pt\/access\/"]}]},{"@type":"BreadcrumbList","@id":"https:\/\/www.yamasa.org\/pt\/access\/#breadcrumb","itemListElement":[{"@type":"ListItem","position":1,"name":"\u30db\u30fc\u30e0","item":"https:\/\/www.yamasa.org\/"},{"@type":"ListItem","position":2,"name":"Acesso"}]},{"@type":"WebSite","@id":"https:\/\/www.yamasa.org\/#website","url":"https:\/\/www.yamasa.org\/","name":"YAMASA\u8a00\u8a9e \u8a8d\u5b9a\u6821","description":"","publisher":{"@id":"https:\/\/www.yamasa.org\/#organization"},"potentialAction":[{"@type":"SearchAction","target":{"@type":"EntryPoint","urlTemplate":"https:\/\/www.yamasa.org\/?s={search_term_string}"},"query-input":{"@type":"PropertyValueSpecification","valueRequired":true,"valueName":"search_term_string"}}],"inLanguage":"pt-BR"},{"@type":"Organization","@id":"https:\/\/www.yamasa.org\/#organization","name":"YAMASA\u8a00\u8a9e \u8a8d\u5b9a\u6821","url":"https:\/\/www.yamasa.org\/","logo":{"@type":"ImageObject","inLanguage":"pt-BR","@id":"https:\/\/www.yamasa.org\/#\/schema\/logo\/image\/","url":"https:\/\/www.yamasa.org\/wp-content\/uploads\/2025\/12\/image.png","contentUrl":"https:\/\/www.yamasa.org\/wp-content\/uploads\/2025\/12\/image.png","width":480,"height":110,"caption":"YAMASA\u8a00\u8a9e \u8a8d\u5b9a\u6821"},"image":{"@id":"https:\/\/www.yamasa.org\/#\/schema\/logo\/image\/"},"sameAs":["https:\/\/www.facebook.com\/yamasainstitute","https:\/\/x.com\/yamasa_ch","https:\/\/www.instagram.com\/yamasainstitute\/"]}]}},"_links":{"self":[{"href":"https:\/\/www.yamasa.org\/wp-json\/wp\/v2\/pages\/3345","targetHints":{"allow":["GET"]}}],"collection":[{"href":"https:\/\/www.yamasa.org\/wp-json\/wp\/v2\/pages"}],"about":[{"href":"https:\/\/www.yamasa.org\/wp-json\/wp\/v2\/types\/page"}],"author":[{"embeddable":true,"href":"https:\/\/www.yamasa.org\/wp-json\/wp\/v2\/users\/9"}],"replies":[{"embeddable":true,"href":"https:\/\/www.yamasa.org\/wp-json\/wp\/v2\/comments?post=3345"}],"version-history":[{"count":2,"href":"https:\/\/www.yamasa.org\/wp-json\/wp\/v2\/pages\/3345\/revisions"}],"predecessor-version":[{"id":3347,"href":"https:\/\/www.yamasa.org\/wp-json\/wp\/v2\/pages\/3345\/revisions\/3347"}],"wp:attachment":[{"href":"https:\/\/www.yamasa.org\/wp-json\/wp\/v2\/media?parent=3345"}],"curies":[{"name":"wp","href":"https:\/\/api.w.org\/{rel}","templated":true}]}}