{"id":3340,"date":"2026-03-23T16:56:45","date_gmt":"2026-03-23T07:56:45","guid":{"rendered":"https:\/\/www.yamasa.org\/?page_id=3340"},"modified":"2026-03-27T16:51:50","modified_gmt":"2026-03-27T07:51:50","slug":"accommodation-fees","status":"publish","type":"page","link":"https:\/\/www.yamasa.org\/pt\/accommodation-fees\/","title":{"rendered":"Pre\u00e7o da hospedagem"},"content":{"rendered":"\n<h3 class=\"wp-block-heading\">Contrato de Aluguel (Per\u00edodo Integral) (A partir de 1 de outubro de 2026)<\/h3>\n\n\n\n<h4 class=\"wp-block-heading\"><strong>Tipo Dormit\u00f3rio (Banheiro, cozinha e toalete compartilhados)<\/strong><\/h4>\n\n\n\n<figure class=\"wp-block-table has-small-font-size\"><table class=\"has-fixed-layout\"><thead><tr><th>Instala\u00e7\u00e3o \/ Tipo de Quarto<\/th><th class=\"has-text-align-center\" data-align=\"center\"><strong>Tamanho<\/strong><\/th><th class=\"has-text-align-center\" data-align=\"center\"><strong>Por Noite<\/strong><\/th><\/tr><\/thead><tbody><tr><td><a href=\"\/pt\/accommodation-overview\/student_village\/\">Student Village Pequeno (Lado Norte)<\/a><\/td><td class=\"has-text-align-center\" data-align=\"center\">8 m<sup>2<\/sup><\/td><td class=\"has-text-align-center\" data-align=\"center\">\u00a51,500<\/td><\/tr><tr><td><a href=\"\/pt\/accommodation-overview\/student_village\/\">Student Village Pequeno (Lado Sul \/ Ensolarado)<\/a><\/td><td class=\"has-text-align-center\" data-align=\"center\">8 m<sup>2<\/sup><\/td><td class=\"has-text-align-center\" data-align=\"center\">\u00a51,800<\/td><\/tr><tr><td><a href=\"\/pt\/accommodation-overview\/student_village\/\">Student Village Grande<\/a><\/td><td class=\"has-text-align-center\" data-align=\"center\">11 m<sup>2<\/sup><\/td><td class=\"has-text-align-center\" data-align=\"center\">\u00a52,000<\/td><\/tr><\/tbody><\/table><\/figure>\n\n\n\n<h4 class=\"wp-block-heading\"><strong>Tipo Apartamento (Com banheiro, cozinha e toalete)<\/strong><\/h4>\n\n\n\n<figure class=\"wp-block-table has-small-font-size\"><table class=\"has-fixed-layout\"><thead><tr><th>Instala\u00e7\u00e3o \/ Tipo de Quarto<\/th><th class=\"has-text-align-center\" data-align=\"center\"><strong>Tamanho<\/strong><\/th><th class=\"has-text-align-center\" data-align=\"center\"><strong>Por Noite<\/strong><\/th><\/tr><\/thead><tbody><tr><td><a href=\"\/pt\/accommodation-dormitory\/\"><\/a><a href=\"\/pt\/accommodation-overview\/villa_1\/\">Villa 1<\/a><\/td><td class=\"has-text-align-center\" data-align=\"center\">30 m<sup>2<\/sup><\/td><td class=\"has-text-align-center\" data-align=\"center\">\u00a52,600<\/td><\/tr><tr><td><a href=\"\/pt\/accommodation-overview\/villa_4\/\">Villa 3<\/a><\/td><td class=\"has-text-align-center\" data-align=\"center\">22 m<sup>2<\/sup><\/td><td class=\"has-text-align-center\" data-align=\"center\">\u00a52,500<\/td><\/tr><tr><td><a href=\"\/pt\/accommodation-dormitory\/\"><\/a><a href=\"\/pt\/accommodation-overview\/villa_4\/\">Villa 3 (Quarto de Jogos)<\/a><\/td><td class=\"has-text-align-center\" data-align=\"center\">22 m<sup>2<\/sup><\/td><td class=\"has-text-align-center\" data-align=\"center\">\u00a53,200<\/td><\/tr><tr><td><a href=\"\/pt\/accommodation-overview\/villa_4\/\">Villa 3 (Quarto Pet-Friendly)<\/a><\/td><td class=\"has-text-align-center\" data-align=\"center\">22 m<sup>2<\/sup><\/td><td class=\"has-text-align-center\" data-align=\"center\">\u00a53,500<\/td><\/tr><tr><td><a href=\"\/pt\/accommodation-overview\/villa_4\/\">Villa 3 (Tatami, Quarto Fofo)<\/a><\/td><td class=\"has-text-align-center\" data-align=\"center\">22 m<sup>2<\/sup><\/td><td class=\"has-text-align-center\" data-align=\"center\">\u00a53,000<\/td><\/tr><tr><td><a href=\"\/pt\/accommodation-overview\/villa_4\/\">Villa 4<\/a><\/td><td class=\"has-text-align-center\" data-align=\"center\">22 m<sup>2<\/sup><\/td><td class=\"has-text-align-center\" data-align=\"center\">\u00a52,500<\/td><\/tr><tr><td><a href=\"\/pt\/accommodation-overview\/villa_5\/\">Villa 5A<\/a><\/td><td class=\"has-text-align-center\" data-align=\"center\">26 m<sup>2<\/sup><\/td><td class=\"has-text-align-center\" data-align=\"center\">\u00a53,400<\/td><\/tr><tr><td><a href=\"\/pt\/accommodation-overview\/villa_5\/\">Villa 5B<\/a><\/td><td class=\"has-text-align-center\" data-align=\"center\">30 m<sup>2<\/sup><\/td><td class=\"has-text-align-center\" data-align=\"center\">\u00a53,600<\/td><\/tr><tr><td><a href=\"\/pt\/accommodation-overview\/residence_hane\/\">Residence Hane A<\/a><\/td><td class=\"has-text-align-center\" data-align=\"center\">22 m<sup>2<\/sup><\/td><td class=\"has-text-align-center\" data-align=\"center\">\u00a52,800<\/td><\/tr><tr><td><a href=\"\/pt\/accommodation-overview\/residence_hane\/\">Residence Hane A com Varanda<\/a><\/td><td class=\"has-text-align-center\" data-align=\"center\">22 m<sup>2<\/sup><\/td><td class=\"has-text-align-center\" data-align=\"center\">\u00a52,900<\/td><\/tr><tr><td><a href=\"\/pt\/accommodation-overview\/residence_hane\/\">Residence Hane A com Varanda Grande<\/a><\/td><td class=\"has-text-align-center\" data-align=\"center\">22 m<sup>2<\/sup><\/td><td class=\"has-text-align-center\" data-align=\"center\">\u00a53,000<\/td><\/tr><tr><td><a href=\"\/pt\/accommodation-overview\/residence_hane\/\">Residence Hane B<\/a><\/td><td class=\"has-text-align-center\" data-align=\"center\">25 m<sup>2<\/sup><\/td><td class=\"has-text-align-center\" data-align=\"center\">\u00a53,000<\/td><\/tr><tr><td><a href=\"\/pt\/accommodation-overview\/residence_hane\/\">Residence Hane B com Varanda Grande<\/a><\/td><td class=\"has-text-align-center\" data-align=\"center\">25 m<sup>2<\/sup><\/td><td class=\"has-text-align-center\" data-align=\"center\">\u00a53,200<\/td><\/tr><tr><td><a href=\"\/pt\/accommodation-overview\/residence_k\/\">Residence K<\/a><\/td><td class=\"has-text-align-center\" data-align=\"center\">26 m<sup>2<\/sup><\/td><td class=\"has-text-align-center\" data-align=\"center\">\u00a52,700<\/td><\/tr><tr><td><a href=\"\/pt\/accommodation-overview\/residence_l\/\">Residence L (2DK) \u203b<\/a><\/td><td class=\"has-text-align-center\" data-align=\"center\">35 m<sup>2<\/sup><\/td><td class=\"has-text-align-center\" data-align=\"center\">\u00a54,800<\/td><\/tr><tr><td>Tokiwa Building (2DK) \u203b<\/td><td class=\"has-text-align-center\" data-align=\"center\">58 m<sup>2<\/sup><\/td><td class=\"has-text-align-center\" data-align=\"center\">\u00a55,200<\/td><\/tr><tr><td><a href=\"\/pt\/accommodation-overview\/residence_l\/\">Residence L (3DK) \u203b<\/a><\/td><td class=\"has-text-align-center\" data-align=\"center\">48 m<sup>2<\/sup><\/td><td class=\"has-text-align-center\" data-align=\"center\">\u00a55,400<\/td><\/tr><tr><td><a href=\"\/pt\/accommodation-overview\/residence_l_premium\/\">Residence L (1SLDK) Tipo Premium<\/a><\/td><td class=\"has-text-align-center\" data-align=\"center\">35 m<sup>2<\/sup><\/td><td class=\"has-text-align-center\" data-align=\"center\">\u00a56,000<\/td><\/tr><\/tbody><\/table><\/figure>\n\n\n\n<p>A tarifa di\u00e1ria inclui \u00e1gua, eletricidade, g\u00e1s e internet.<br>O valor \u00e9 calculado da data de entrada at\u00e9 a data de sa\u00edda.<br>Se armazenarmos sua bagagem, o pagamento ser\u00e1 necess\u00e1rio mesmo que voc\u00ea n\u00e3o esteja presente.<br>Os itens marcados com \u203b s\u00e3o acomoda\u00e7\u00f5es do tipo familiar.<\/p>\n\n\n\n<p>Observa\u00e7\u00f5es<\/p>\n\n\n\n<p>\u25cf Taxa de aluguel: \u00a5370 por dia<br>\u203b O aluguel est\u00e1 dispon\u00edvel apenas para estadias de 2 semanas ou mais. A taxa de aluguel para 1 a 14 dias \u00e9 de \u00a55,500.<br>A partir do 15\u00ba dia (14 noites), o valor \u00e9 calculado em \u00a5370 por dia.<\/p>\n\n\n\n<p>\u25cf Compra: \u00a529,200<br>\u203b Se voc\u00ea ficar 70 dias ou mais, comprar sai mais barato do que alugar.<br><br>O conjunto inclui: protetor de colch\u00e3o (shikibuton), len\u00e7ol, edredom, capa de edredom, travesseiro e fronha<br>\u3000\u3000\u3000 \u3000\u3000\u3000Tanto os futons alugados quanto os comprados podem ser usados para dormir no mesmo dia, sem necessidade de comprar nada adicional.<br>\u203b As fotos s\u00e3o apenas ilustrativas.<\/p>\n\n\n\n<figure class=\"wp-block-table is-style-stripes\"><table class=\"has-fixed-layout\"><tbody><tr><td><img loading=\"lazy\" decoding=\"async\" width=\"300\" height=\"200\" src=\"https:\/\/www.yamasa.biz\/im\/futon.jpg\" alt=\"Futon\"><\/td><td><mark style=\"background-color:rgba(0, 0, 0, 0);color:#ff1100\" class=\"has-inline-color\">Exceto em alguns quartos, as camas n\u00e3o v\u00eam com colch\u00e3o, portanto n\u00e3o \u00e9 poss\u00edvel dormir sem futon. Okazaki fica especialmente fria do outono ao in\u00edcio da primavera, e n\u00e3o \u00e9 poss\u00edvel dormir confortavelmente sem roupa de cama. Se voc\u00ea n\u00e3o precisar de futon, prepare seu pr\u00f3prio saco de dormir ou equivalente.<\/mark><\/td><\/tr><tr><td><img loading=\"lazy\" decoding=\"async\" width=\"300\" height=\"200\" src=\"https:\/\/www.yamasa.biz\/im\/bed.jpg\" alt=\"Bed without futon\"><\/td><td>Cama sem futon<\/td><\/tr><\/tbody><\/table><\/figure>\n\n\n\n<p>\u2022 As taxas de manuten\u00e7\u00e3o comum, taxas da associa\u00e7\u00e3o de bairro e os custos de servi\u00e7os p\u00fablicos est\u00e3o inclu\u00eddos na taxa de acomoda\u00e7\u00e3o.<br>Os quartos podem ser compartilhados por duas pessoas. Nesse caso, como regra, os dois residentes devem entrar e sair ao mesmo tempo.<br>A taxa do dormit\u00f3rio, a taxa de entrada e o dep\u00f3sito passam a ser 1,5 vezes o valor mostrado na tabela acima, e o representante dos dois ocupantes deve efetuar o pagamento.<br>\u203b Para acomoda\u00e7\u00f5es do tipo familiar, o pre\u00e7o indicado se aplica mesmo quando duas pessoas se hospedam.<br>\u203b Apenas estudantes atualmente matriculados podem se hospedar.<\/p>\n\n","protected":false},"excerpt":{"rendered":"","protected":false},"author":9,"featured_media":0,"parent":0,"menu_order":0,"comment_status":"closed","ping_status":"closed","template":"","meta":{"_locale":"pt_BR","_original_post":"https:\/\/www2.yamasa.org\/?page_id=2070","footnotes":""},"class_list":["post-3340","page","type-page","status-publish","hentry","pt-BR"],"yoast_head":"<!-- This site is optimized with the Yoast SEO plugin v27.4 - https:\/\/yoast.com\/product\/yoast-seo-wordpress\/ -->\n<title>Pre\u00e7o da hospedagem - YAMASA\u8a00\u8a9e\u6587\u5316\u5b66\u9662(\u8a8d\u5b9a\u65e5\u672c\u8a9e\u5b66\u6821\u7533\u8acb\u4e2d 2026\u5e7410\u6708\u4e88\u5b9a)<\/title>\n<meta name=\"robots\" content=\"index, follow, max-snippet:-1, max-image-preview:large, max-video-preview:-1\" \/>\n<link rel=\"canonical\" href=\"https:\/\/www.yamasa.org\/pt\/accommodation-fees\/\" \/>\n<meta property=\"og:locale\" content=\"pt_BR\" \/>\n<meta property=\"og:type\" content=\"article\" \/>\n<meta property=\"og:title\" content=\"Pre\u00e7o da hospedagem - YAMASA\u8a00\u8a9e\u6587\u5316\u5b66\u9662(\u8a8d\u5b9a\u65e5\u672c\u8a9e\u5b66\u6821\u7533\u8acb\u4e2d 2026\u5e7410\u6708\u4e88\u5b9a)\" \/>\n<meta property=\"og:url\" content=\"https:\/\/www.yamasa.org\/pt\/accommodation-fees\/\" \/>\n<meta property=\"og:site_name\" content=\"YAMASA\u8a00\u8a9e\u6587\u5316\u5b66\u9662(\u8a8d\u5b9a\u65e5\u672c\u8a9e\u5b66\u6821\u7533\u8acb\u4e2d 2026\u5e7410\u6708\u4e88\u5b9a)\" \/>\n<meta property=\"article:publisher\" content=\"https:\/\/www.facebook.com\/yamasainstitute\" \/>\n<meta property=\"article:modified_time\" content=\"2026-03-27T07:51:50+00:00\" \/>\n<meta name=\"twitter:card\" content=\"summary_large_image\" \/>\n<meta name=\"twitter:site\" content=\"@yamasa_ch\" \/>\n<script type=\"application\/ld+json\" class=\"yoast-schema-graph\">{\"@context\":\"https:\\\/\\\/schema.org\",\"@graph\":[{\"@type\":\"WebPage\",\"@id\":\"https:\\\/\\\/www.yamasa.org\\\/pt\\\/accommodation-fees\\\/\",\"url\":\"https:\\\/\\\/www.yamasa.org\\\/pt\\\/accommodation-fees\\\/\",\"name\":\"Pre\u00e7o da hospedagem - YAMASA\u8a00\u8a9e\u6587\u5316\u5b66\u9662(\u8a8d\u5b9a\u65e5\u672c\u8a9e\u5b66\u6821\u7533\u8acb\u4e2d 2026\u5e7410\u6708\u4e88\u5b9a)\",\"isPartOf\":{\"@id\":\"https:\\\/\\\/www.yamasa.org\\\/#website\"},\"datePublished\":\"2026-03-23T07:56:45+00:00\",\"dateModified\":\"2026-03-27T07:51:50+00:00\",\"breadcrumb\":{\"@id\":\"https:\\\/\\\/www.yamasa.org\\\/pt\\\/accommodation-fees\\\/#breadcrumb\"},\"inLanguage\":\"pt-BR\",\"potentialAction\":[{\"@type\":\"ReadAction\",\"target\":[\"https:\\\/\\\/www.yamasa.org\\\/pt\\\/accommodation-fees\\\/\"]}]},{\"@type\":\"BreadcrumbList\",\"@id\":\"https:\\\/\\\/www.yamasa.org\\\/pt\\\/accommodation-fees\\\/#breadcrumb\",\"itemListElement\":[{\"@type\":\"ListItem\",\"position\":1,\"name\":\"\u30db\u30fc\u30e0\",\"item\":\"https:\\\/\\\/www.yamasa.org\\\/\"},{\"@type\":\"ListItem\",\"position\":2,\"name\":\"Pre\u00e7o da hospedagem\"}]},{\"@type\":\"WebSite\",\"@id\":\"https:\\\/\\\/www.yamasa.org\\\/#website\",\"url\":\"https:\\\/\\\/www.yamasa.org\\\/\",\"name\":\"YAMASA\u8a00\u8a9e \u8a8d\u5b9a\u6821\",\"description\":\"\",\"publisher\":{\"@id\":\"https:\\\/\\\/www.yamasa.org\\\/#organization\"},\"potentialAction\":[{\"@type\":\"SearchAction\",\"target\":{\"@type\":\"EntryPoint\",\"urlTemplate\":\"https:\\\/\\\/www.yamasa.org\\\/?s={search_term_string}\"},\"query-input\":{\"@type\":\"PropertyValueSpecification\",\"valueRequired\":true,\"valueName\":\"search_term_string\"}}],\"inLanguage\":\"pt-BR\"},{\"@type\":\"Organization\",\"@id\":\"https:\\\/\\\/www.yamasa.org\\\/#organization\",\"name\":\"YAMASA\u8a00\u8a9e \u8a8d\u5b9a\u6821\",\"url\":\"https:\\\/\\\/www.yamasa.org\\\/\",\"logo\":{\"@type\":\"ImageObject\",\"inLanguage\":\"pt-BR\",\"@id\":\"https:\\\/\\\/www.yamasa.org\\\/#\\\/schema\\\/logo\\\/image\\\/\",\"url\":\"https:\\\/\\\/www.yamasa.org\\\/wp-content\\\/uploads\\\/2025\\\/12\\\/image.png\",\"contentUrl\":\"https:\\\/\\\/www.yamasa.org\\\/wp-content\\\/uploads\\\/2025\\\/12\\\/image.png\",\"width\":480,\"height\":110,\"caption\":\"YAMASA\u8a00\u8a9e \u8a8d\u5b9a\u6821\"},\"image\":{\"@id\":\"https:\\\/\\\/www.yamasa.org\\\/#\\\/schema\\\/logo\\\/image\\\/\"},\"sameAs\":[\"https:\\\/\\\/www.facebook.com\\\/yamasainstitute\",\"https:\\\/\\\/x.com\\\/yamasa_ch\",\"https:\\\/\\\/www.instagram.com\\\/yamasainstitute\\\/\"]}]}<\/script>\n<!-- \/ Yoast SEO plugin. -->","yoast_head_json":{"title":"Pre\u00e7o da hospedagem - YAMASA\u8a00\u8a9e\u6587\u5316\u5b66\u9662(\u8a8d\u5b9a\u65e5\u672c\u8a9e\u5b66\u6821\u7533\u8acb\u4e2d 2026\u5e7410\u6708\u4e88\u5b9a)","robots":{"index":"index","follow":"follow","max-snippet":"max-snippet:-1","max-image-preview":"max-image-preview:large","max-video-preview":"max-video-preview:-1"},"canonical":"https:\/\/www.yamasa.org\/pt\/accommodation-fees\/","og_locale":"pt_BR","og_type":"article","og_title":"Pre\u00e7o da hospedagem - YAMASA\u8a00\u8a9e\u6587\u5316\u5b66\u9662(\u8a8d\u5b9a\u65e5\u672c\u8a9e\u5b66\u6821\u7533\u8acb\u4e2d 2026\u5e7410\u6708\u4e88\u5b9a)","og_url":"https:\/\/www.yamasa.org\/pt\/accommodation-fees\/","og_site_name":"YAMASA\u8a00\u8a9e\u6587\u5316\u5b66\u9662(\u8a8d\u5b9a\u65e5\u672c\u8a9e\u5b66\u6821\u7533\u8acb\u4e2d 2026\u5e7410\u6708\u4e88\u5b9a)","article_publisher":"https:\/\/www.facebook.com\/yamasainstitute","article_modified_time":"2026-03-27T07:51:50+00:00","twitter_card":"summary_large_image","twitter_site":"@yamasa_ch","schema":{"@context":"https:\/\/schema.org","@graph":[{"@type":"WebPage","@id":"https:\/\/www.yamasa.org\/pt\/accommodation-fees\/","url":"https:\/\/www.yamasa.org\/pt\/accommodation-fees\/","name":"Pre\u00e7o da hospedagem - YAMASA\u8a00\u8a9e\u6587\u5316\u5b66\u9662(\u8a8d\u5b9a\u65e5\u672c\u8a9e\u5b66\u6821\u7533\u8acb\u4e2d 2026\u5e7410\u6708\u4e88\u5b9a)","isPartOf":{"@id":"https:\/\/www.yamasa.org\/#website"},"datePublished":"2026-03-23T07:56:45+00:00","dateModified":"2026-03-27T07:51:50+00:00","breadcrumb":{"@id":"https:\/\/www.yamasa.org\/pt\/accommodation-fees\/#breadcrumb"},"inLanguage":"pt-BR","potentialAction":[{"@type":"ReadAction","target":["https:\/\/www.yamasa.org\/pt\/accommodation-fees\/"]}]},{"@type":"BreadcrumbList","@id":"https:\/\/www.yamasa.org\/pt\/accommodation-fees\/#breadcrumb","itemListElement":[{"@type":"ListItem","position":1,"name":"\u30db\u30fc\u30e0","item":"https:\/\/www.yamasa.org\/"},{"@type":"ListItem","position":2,"name":"Pre\u00e7o da hospedagem"}]},{"@type":"WebSite","@id":"https:\/\/www.yamasa.org\/#website","url":"https:\/\/www.yamasa.org\/","name":"YAMASA\u8a00\u8a9e \u8a8d\u5b9a\u6821","description":"","publisher":{"@id":"https:\/\/www.yamasa.org\/#organization"},"potentialAction":[{"@type":"SearchAction","target":{"@type":"EntryPoint","urlTemplate":"https:\/\/www.yamasa.org\/?s={search_term_string}"},"query-input":{"@type":"PropertyValueSpecification","valueRequired":true,"valueName":"search_term_string"}}],"inLanguage":"pt-BR"},{"@type":"Organization","@id":"https:\/\/www.yamasa.org\/#organization","name":"YAMASA\u8a00\u8a9e \u8a8d\u5b9a\u6821","url":"https:\/\/www.yamasa.org\/","logo":{"@type":"ImageObject","inLanguage":"pt-BR","@id":"https:\/\/www.yamasa.org\/#\/schema\/logo\/image\/","url":"https:\/\/www.yamasa.org\/wp-content\/uploads\/2025\/12\/image.png","contentUrl":"https:\/\/www.yamasa.org\/wp-content\/uploads\/2025\/12\/image.png","width":480,"height":110,"caption":"YAMASA\u8a00\u8a9e \u8a8d\u5b9a\u6821"},"image":{"@id":"https:\/\/www.yamasa.org\/#\/schema\/logo\/image\/"},"sameAs":["https:\/\/www.facebook.com\/yamasainstitute","https:\/\/x.com\/yamasa_ch","https:\/\/www.instagram.com\/yamasainstitute\/"]}]}},"_links":{"self":[{"href":"https:\/\/www.yamasa.org\/wp-json\/wp\/v2\/pages\/3340","targetHints":{"allow":["GET"]}}],"collection":[{"href":"https:\/\/www.yamasa.org\/wp-json\/wp\/v2\/pages"}],"about":[{"href":"https:\/\/www.yamasa.org\/wp-json\/wp\/v2\/types\/page"}],"author":[{"embeddable":true,"href":"https:\/\/www.yamasa.org\/wp-json\/wp\/v2\/users\/9"}],"replies":[{"embeddable":true,"href":"https:\/\/www.yamasa.org\/wp-json\/wp\/v2\/comments?post=3340"}],"version-history":[{"count":1,"href":"https:\/\/www.yamasa.org\/wp-json\/wp\/v2\/pages\/3340\/revisions"}],"predecessor-version":[{"id":3343,"href":"https:\/\/www.yamasa.org\/wp-json\/wp\/v2\/pages\/3340\/revisions\/3343"}],"wp:attachment":[{"href":"https:\/\/www.yamasa.org\/wp-json\/wp\/v2\/media?parent=3340"}],"curies":[{"name":"wp","href":"https:\/\/api.w.org\/{rel}","templated":true}]}}