{"id":3192,"date":"2026-03-20T15:40:38","date_gmt":"2026-03-20T06:40:38","guid":{"rendered":"https:\/\/www.yamasa.org\/?page_id=3192"},"modified":"2026-03-20T16:06:28","modified_gmt":"2026-03-20T07:06:28","slug":"course","status":"publish","type":"page","link":"https:\/\/www.yamasa.org\/pt\/course\/","title":{"rendered":"Escolher um curso"},"content":{"rendered":"\n<h2 class=\"wp-block-heading\">A YAMASA oferece uma grande variedade de cursos para atender \u00e0s necessidades individuais de cada estudante.<\/h2>\n\n\n\n<p>Na YAMASA, oferecemos diversos cursos de curta dura\u00e7\u00e3o com foco em conversa\u00e7\u00e3o e japon\u00eas para o ambiente de trabalho, bem como <mark style=\"background-color:rgba(0, 0, 0, 0)\" class=\"has-inline-color has-accent-3-color\"><strong>cursos de longa dura\u00e7\u00e3o voltados para o desenvolvimento de habilidades em japon\u00eas \u00fateis para o futuro<\/strong><\/mark>. A dura\u00e7\u00e3o e as datas de in\u00edcio tamb\u00e9m foram planejadas de forma flex\u00edvel, para atender ao m\u00e1ximo poss\u00edvel \u00e0s prefer\u00eancias dos estudantes.<\/p>\n\n\n\n<p><strong><mark style=\"background-color:rgba(0, 0, 0, 0)\" class=\"has-inline-color has-accent-3-color\">Uma das caracter\u00edsticas da YAMASA \u00e9 a possibilidade de estudar com colegas de diferentes culturas e origens.<\/mark><\/strong><mark style=\"background-color:rgba(0, 0, 0, 0)\" class=\"has-inline-color has-accent-3-color\"><strong>Por meio de atividades em pares e em grupo com diversos colegas, os professores apoiam os estudantes para que possam alcan\u00e7ar seus objetivos.<\/strong><\/mark><\/p>\n\n\n\n<p>Para mais detalhes sobre cada curso, consulte a lista abaixo.<\/p>\n\n\n\n<figure class=\"wp-block-image size-full\"><img loading=\"lazy\" decoding=\"async\" width=\"690\" height=\"288\" src=\"https:\/\/www2.yamasa.org\/wp-content\/uploads\/2025\/11\/image-2.png\" alt=\"\" class=\"wp-image-118\" srcset=\"https:\/\/www.yamasa.org\/wp-content\/uploads\/2025\/11\/image-2.png 690w, https:\/\/www.yamasa.org\/wp-content\/uploads\/2025\/11\/image-2-300x125.png 300w\" sizes=\"auto, (max-width: 690px) 100vw, 690px\" \/><\/figure>\n\n\n\n<p><\/p>\n\n\n\n<p><\/p>\n\n\n\n<figure class=\"wp-block-table\"><table class=\"has-fixed-layout\"><tbody><tr><td><a href=\"\/pt\/course\/#id222\">Escolher pela dura\u00e7\u00e3o do curso<\/a><\/td><\/tr><\/tbody><\/table><\/figure>\n\n\n\n<figure class=\"wp-block-table\"><table class=\"has-fixed-layout\"><tbody><tr><td><a href=\"\/pt\/course\/#id223\">Escolher por objetivo ou prefer\u00eancia<\/a><\/td><\/tr><\/tbody><\/table><\/figure>\n\n\n\n\n\n<h2 class=\"wp-block-heading\" id=\"id222\">Escolher pela dura\u00e7\u00e3o do curso<\/h2>\n\n\n\n<h2 class=\"wp-block-heading\">2 anos<\/h2>\n\n\n\n<div class=\"wp-block-group has-global-padding is-layout-constrained wp-block-group-is-layout-constrained\">\n<h3 class=\"wp-block-heading\"><a href=\"\/pt\/courses-overview\/\">AIJP \/ Curso de Pesquisa em L\u00edngua e Cultura Japonesa (Programa de 2 anos \u2013 Acredita\u00e7\u00e3o MEXT pendente)<\/a><\/h3>\n\n\n\n<p>Este curso tem como objetivo ajudar estudantes internacionais a adquirir as compet\u00eancias necess\u00e1rias para alcan\u00e7ar seus objetivos, respeitando diferentes culturas e desenvolvendo uma compreens\u00e3o mais profunda da l\u00edngua e da cultura japonesa.<\/p>\n\n\n\n<p>Os estudantes aprendem as quatro habilidades lingu\u00edsticas \u2014 leitura, escrita, compreens\u00e3o auditiva e fala \u2014 com o objetivo de alcan\u00e7ar o n\u00edvel B2 em dois anos.<\/p>\n<\/div>\n\n\n\n<h2 class=\"wp-block-heading\" id=\"aijp_short\">3 meses a 1 ano e 9 meses (em unidades de 3 meses)<\/h2>\n\n\n\n<div class=\"wp-block-group has-global-padding is-layout-constrained wp-block-group-is-layout-constrained\">\n<h3 class=\"wp-block-heading\"><a href=\"\/pt\/short-term-courses\/\">AIJP Programa de Curta Dura\u00e7\u00e3o de L\u00edngua e Cultura Japonesa (N\u00e3o acreditado pelo MEXT<\/a>)<\/h3>\n\n\n\n<p>Este curso tem como objetivo ajudar os estudantes a desenvolver a capacidade de alcan\u00e7ar seus objetivos, respeitando diferentes culturas e adquirindo uma compreens\u00e3o mais profunda da l\u00edngua e da cultura japonesa.<\/p>\n\n\n\n<p>Os estudantes podem aprender as quatro habilidades lingu\u00edsticas \u2014 leitura, escrita, compreens\u00e3o auditiva e fala \u2014 por um per\u00edodo de 3 meses a 2 anos, dependendo de suas prefer\u00eancias.<\/p>\n\n\n\n<p><em>Se voc\u00ea precisar solicitar um visto de estudante, inscreva-se no AIJP \/ Curso de Pesquisa em L\u00edngua e Cultura Japonesa (Programa de 2 anos).<\/em><\/p>\n<\/div>\n\n\n\n<h2 class=\"wp-block-heading\">2 semanas a 12 semanas<\/h2>\n\n\n\n<div class=\"wp-block-group has-global-padding is-layout-constrained wp-block-group-is-layout-constrained\">\n<h3 class=\"wp-block-heading\"><a href=\"https:\/\/www.yamasa.biz\/pt\/programs_silac.html\">SILAC \u2013 Curso Intensivo de Conversa\u00e7\u00e3o de Curta Dura\u00e7\u00e3o <\/a><\/h3>\n\n\n\n<p><a href=\"https:\/\/www.yamasa.biz\/pt\/programs_silac.html\">(Institui\u00e7\u00e3o afiliada: YAMASA Institute for Japanese Language and Culture \u2013 N\u00e3o acreditado)<\/a><\/p>\n\n\n\n<p>O curso SILAC foi desenvolvido para ajudar os estudantes a melhorar suas habilidades de conversa\u00e7\u00e3o em japon\u00eas em um curto per\u00edodo de tempo. Oferece um ambiente de aprendizagem amig\u00e1vel e descontra\u00eddo. O curso pode ser realizado a partir de apenas duas semanas, e os estudantes podem escolher livremente a dura\u00e7\u00e3o dos seus estudos.<\/p>\n<\/div>\n\n\n\n<h2 class=\"wp-block-heading\" id=\"id223\">Escolher por objetivo ou prefer\u00eancia<\/h2>\n\n\n\n<figure class=\"wp-block-table\"><table class=\"has-fixed-layout\"><tbody><tr><td><a href=\"\/pt\/course\/#id2231\">Quero ingressar em uma universidade ou escola profissional no Jap\u00e3o<\/a><\/td><\/tr><\/tbody><\/table><\/figure>\n\n\n\n<figure class=\"wp-block-table\"><table class=\"has-fixed-layout\"><tbody><tr><td><a href=\"\/pt\/course\/#id2232\">Quero trabalhar no Jap\u00e3o<\/a><\/td><\/tr><\/tbody><\/table><\/figure>\n\n\n\n<figure class=\"wp-block-table\"><table class=\"has-fixed-layout\"><tbody><tr><td><a href=\"\/pt\/course\/#id2233\">Quero melhorar meu japon\u00eas<\/a><\/td><\/tr><\/tbody><\/table><\/figure>\n\n\n\n<figure class=\"wp-block-table\"><table class=\"has-fixed-layout\"><tbody><tr><td><a href=\"\/pt\/course\/#id2234\">Quero estudar online<\/a><\/td><\/tr><\/tbody><\/table><\/figure>\n\n\n\n<h2 class=\"wp-block-heading\" id=\"id2231\">Quero ingressar em uma universidade ou escola profissional no Jap\u00e3o<\/h2>\n\n\n\n<div class=\"wp-block-group has-global-padding is-layout-constrained wp-block-group-is-layout-constrained\">\n<h3 class=\"wp-block-heading\"><a href=\"\/pt\/courses-overview\/\">AIJP \/ Curso de Pesquisa em L\u00edngua e Cultura Japonesa (Programa de 2 anos \u2013 Acredita\u00e7\u00e3o MEXT pendente)<\/a><\/h3>\n\n\n\n<p>Este curso tem como objetivo ajudar estudantes internacionais a adquirir as compet\u00eancias necess\u00e1rias para alcan\u00e7ar seus objetivos, respeitando diferentes culturas e desenvolvendo uma compreens\u00e3o mais profunda da l\u00edngua e da cultura japonesa.<\/p>\n\n\n\n<p>Os estudantes aprendem as quatro habilidades lingu\u00edsticas \u2014 leitura, escrita, compreens\u00e3o auditiva e fala \u2014 com o objetivo de alcan\u00e7ar o n\u00edvel B2 em dois anos.<\/p>\n<\/div>\n\n\n\n<h2 class=\"wp-block-heading\" id=\"id2232\">Quero trabalhar no Jap\u00e3o<\/h2>\n\n\n\n<div class=\"wp-block-group has-global-padding is-layout-constrained wp-block-group-is-layout-constrained\">\n<h3 class=\"wp-block-heading\"><a href=\"\/pt\/courses-overview\/\">AIJP \/ Curso de Pesquisa em L\u00edngua e Cultura Japonesa (Programa de 2 anos \u2013 Acredita\u00e7\u00e3o MEXT pendente)<\/a><\/h3>\n\n\n\n<p>Este curso tem como objetivo ajudar estudantes internacionais a adquirir as compet\u00eancias necess\u00e1rias para alcan\u00e7ar seus objetivos, respeitando diferentes culturas e desenvolvendo uma compreens\u00e3o mais profunda da l\u00edngua e da cultura japonesa.<\/p>\n\n\n\n<p>Os estudantes aprendem as quatro habilidades lingu\u00edsticas \u2014 leitura, escrita, compreens\u00e3o auditiva e fala \u2014 com o objetivo de alcan\u00e7ar o n\u00edvel B2 em dois anos.<\/p>\n<\/div>\n\n\n\n<div class=\"wp-block-group has-global-padding is-layout-constrained wp-block-group-is-layout-constrained\">\n<h3 class=\"wp-block-heading\"><a href=\"\/pt\/short-term-courses\/\">AIJP Programa de Curta Dura\u00e7\u00e3o de L\u00edngua e Cultura Japonesa (N\u00e3o acreditado pelo MEXT<\/a>)<\/h3>\n\n\n\n<p>Este curso tem como objetivo ajudar os estudantes a desenvolver a capacidade de alcan\u00e7ar seus objetivos, respeitando diferentes culturas e adquirindo uma compreens\u00e3o mais profunda da l\u00edngua e da cultura japonesa.<\/p>\n\n\n\n<p>Os estudantes podem aprender as quatro habilidades lingu\u00edsticas \u2014 leitura, escrita, compreens\u00e3o auditiva e fala \u2014 por um per\u00edodo de 3 meses a 2 anos, dependendo de suas prefer\u00eancias.<\/p>\n\n\n\n<p><em>Se voc\u00ea precisar solicitar um visto de estudante, inscreva-se no AIJP \/ Curso de Pesquisa em L\u00edngua e Cultura Japonesa (Programa de 2 anos).<\/em><\/p>\n<\/div>\n\n\n\n<div class=\"wp-block-group has-global-padding is-layout-constrained wp-block-group-is-layout-constrained\">\n<h3 class=\"wp-block-heading\"><a href=\"https:\/\/www.yamasa.biz\/pt\/programs_silac.html\">SILAC \u2013 Curso Intensivo de Conversa\u00e7\u00e3o de Curta Dura\u00e7\u00e3o <\/a><\/h3>\n\n\n\n<p><a href=\"https:\/\/www.yamasa.biz\/pt\/programs_silac.html\">(Institui\u00e7\u00e3o afiliada: YAMASA Institute for Japanese Language and Culture \u2013 N\u00e3o acreditado)<\/a><\/p>\n\n\n\n<p>O curso SILAC foi desenvolvido para ajudar os estudantes a melhorar suas habilidades de conversa\u00e7\u00e3o em japon\u00eas em um curto per\u00edodo de tempo. Oferece um ambiente de aprendizagem amig\u00e1vel e descontra\u00eddo. O curso pode ser realizado a partir de apenas duas semanas, e os estudantes podem escolher livremente a dura\u00e7\u00e3o dos seus estudos.<\/p>\n<\/div>\n\n\n\n<h2 class=\"wp-block-heading\" id=\"id2233\">Quero melhorar meu japon\u00eas<\/h2>\n\n\n\n<div class=\"wp-block-group has-global-padding is-layout-constrained wp-block-group-is-layout-constrained\">\n<h3 class=\"wp-block-heading\"><a href=\"\/pt\/courses-overview\/\">AIJP \/ Curso de Pesquisa em L\u00edngua e Cultura Japonesa (Programa de 2 anos \u2013 Acredita\u00e7\u00e3o MEXT pendente)<\/a><\/h3>\n\n\n\n<p>Este curso tem como objetivo ajudar estudantes internacionais a adquirir as compet\u00eancias necess\u00e1rias para alcan\u00e7ar seus objetivos, respeitando diferentes culturas e desenvolvendo uma compreens\u00e3o mais profunda da l\u00edngua e da cultura japonesa.<\/p>\n\n\n\n<p>Os estudantes aprendem as quatro habilidades lingu\u00edsticas \u2014 leitura, escrita, compreens\u00e3o auditiva e fala \u2014 com o objetivo de alcan\u00e7ar o n\u00edvel B2 em dois anos.<\/p>\n<\/div>\n\n\n\n<div class=\"wp-block-group has-global-padding is-layout-constrained wp-block-group-is-layout-constrained\">\n<h3 class=\"wp-block-heading\"><a href=\"\/pt\/short-term-courses\/\">AIJP Programa de Curta Dura\u00e7\u00e3o de L\u00edngua e Cultura Japonesa (N\u00e3o acreditado pelo MEXT<\/a>)<\/h3>\n\n\n\n<p>Este curso tem como objetivo ajudar os estudantes a desenvolver a capacidade de alcan\u00e7ar seus objetivos, respeitando diferentes culturas e adquirindo uma compreens\u00e3o mais profunda da l\u00edngua e da cultura japonesa.<\/p>\n\n\n\n<p>Os estudantes podem aprender as quatro habilidades lingu\u00edsticas \u2014 leitura, escrita, compreens\u00e3o auditiva e fala \u2014 por um per\u00edodo de 3 meses a 2 anos, dependendo de suas prefer\u00eancias.<\/p>\n\n\n\n<p><em>Se voc\u00ea precisar solicitar um visto de estudante, inscreva-se no AIJP \/ Curso de Pesquisa em L\u00edngua e Cultura Japonesa (Programa de 2 anos).<\/em><\/p>\n<\/div>\n\n\n\n<div class=\"wp-block-group has-global-padding is-layout-constrained wp-block-group-is-layout-constrained\">\n<h3 class=\"wp-block-heading\"><a href=\"https:\/\/www.yamasa.biz\/pt\/programs_silac.html\">SILAC \u2013 Curso Intensivo de Conversa\u00e7\u00e3o de Curta Dura\u00e7\u00e3o <\/a><\/h3>\n\n\n\n<p><a href=\"https:\/\/www.yamasa.biz\/pt\/programs_silac.html\">(Institui\u00e7\u00e3o afiliada: YAMASA Institute for Japanese Language and Culture \u2013 N\u00e3o acreditado)<\/a><\/p>\n\n\n\n<p>O curso SILAC foi desenvolvido para ajudar os estudantes a melhorar suas habilidades de conversa\u00e7\u00e3o em japon\u00eas em um curto per\u00edodo de tempo. Oferece um ambiente de aprendizagem amig\u00e1vel e descontra\u00eddo. O curso pode ser realizado a partir de apenas duas semanas, e os estudantes podem escolher livremente a dura\u00e7\u00e3o dos seus estudos.<\/p>\n<\/div>\n\n\n\n<div class=\"wp-block-group has-global-padding is-layout-constrained wp-block-group-is-layout-constrained\">\n<h3 class=\"wp-block-heading\"><a href=\"https:\/\/online.yamasa.org\/\">Curso Online<\/a><\/h3>\n\n\n\n<p>(Institui\u00e7\u00e3o afiliada: YAMASA Institute for Japanese Language and Culture \u2013 N\u00e3o acreditado)<\/p>\n\n\n\n<p>Os cursos online est\u00e3o atualmente dispon\u00edveis e podem ser realizados de qualquer lugar do mundo. Seja voc\u00ea iniciante em japon\u00eas, esteja se preparando para o JLPT, queira melhorar suas habilidades de conversa\u00e7\u00e3o ou aprender japon\u00eas para neg\u00f3cios, as aulas individuais s\u00e3o personalizadas de acordo com seus objetivos.<\/p>\n<\/div>\n\n\n\n<h2 class=\"wp-block-heading\" id=\"id2234\">Quero estudar online<\/h2>\n\n\n\n\n\n\n\n<div class=\"wp-block-group has-global-padding is-layout-constrained wp-block-group-is-layout-constrained\">\n<h3 class=\"wp-block-heading\"><a href=\"https:\/\/online.yamasa.org\/\">Curso Online<\/a><\/h3>\n\n\n\n<p>(Institui\u00e7\u00e3o afiliada: YAMASA Institute for Japanese Language and Culture \u2013 N\u00e3o acreditado)<\/p>\n\n\n\n<p>Os cursos online est\u00e3o atualmente dispon\u00edveis e podem ser realizados de qualquer lugar do mundo. Seja voc\u00ea iniciante em japon\u00eas, esteja se preparando para o JLPT, queira melhorar suas habilidades de conversa\u00e7\u00e3o ou aprender japon\u00eas para neg\u00f3cios, as aulas individuais s\u00e3o personalizadas de acordo com seus objetivos.<\/p>\n<\/div>\n","protected":false},"excerpt":{"rendered":"<p>A YAMASA oferece uma grande variedade de cursos para atender \u00e0s necessidades individuais de cada estudante. Na YAMASA, oferecemos diversos cursos de curta dura\u00e7\u00e3o com foco em conversa\u00e7\u00e3o e japon\u00eas para o ambiente de trabalho, bem como cursos de longa dura\u00e7\u00e3o voltados para o desenvolvimento de habilidades em japon\u00eas \u00fateis para o futuro. A dura\u00e7\u00e3o [&hellip;]<\/p>\n","protected":false},"author":9,"featured_media":0,"parent":0,"menu_order":0,"comment_status":"closed","ping_status":"closed","template":"","meta":{"_locale":"pt_BR","_original_post":"https:\/\/www2.yamasa.org\/?page_id=1097","footnotes":""},"class_list":["post-3192","page","type-page","status-publish","hentry","pt-BR"],"yoast_head":"<!-- This site is optimized with the Yoast SEO plugin v27.4 - https:\/\/yoast.com\/product\/yoast-seo-wordpress\/ -->\n<title>Escolher um curso - YAMASA\u8a00\u8a9e\u6587\u5316\u5b66\u9662(\u8a8d\u5b9a\u65e5\u672c\u8a9e\u5b66\u6821\u7533\u8acb\u4e2d 2026\u5e7410\u6708\u4e88\u5b9a)<\/title>\n<meta name=\"robots\" content=\"index, follow, max-snippet:-1, max-image-preview:large, max-video-preview:-1\" \/>\n<link rel=\"canonical\" href=\"https:\/\/www.yamasa.org\/pt\/course\/\" \/>\n<meta property=\"og:locale\" content=\"pt_BR\" \/>\n<meta property=\"og:type\" content=\"article\" \/>\n<meta property=\"og:title\" content=\"Escolher um curso - YAMASA\u8a00\u8a9e\u6587\u5316\u5b66\u9662(\u8a8d\u5b9a\u65e5\u672c\u8a9e\u5b66\u6821\u7533\u8acb\u4e2d 2026\u5e7410\u6708\u4e88\u5b9a)\" \/>\n<meta property=\"og:description\" content=\"A YAMASA oferece uma grande variedade de cursos para atender \u00e0s necessidades individuais de cada estudante. Na YAMASA, oferecemos diversos cursos de curta dura\u00e7\u00e3o com foco em conversa\u00e7\u00e3o e japon\u00eas para o ambiente de trabalho, bem como cursos de longa dura\u00e7\u00e3o voltados para o desenvolvimento de habilidades em japon\u00eas \u00fateis para o futuro. A dura\u00e7\u00e3o [&hellip;]\" \/>\n<meta property=\"og:url\" content=\"https:\/\/www.yamasa.org\/pt\/course\/\" \/>\n<meta property=\"og:site_name\" content=\"YAMASA\u8a00\u8a9e\u6587\u5316\u5b66\u9662(\u8a8d\u5b9a\u65e5\u672c\u8a9e\u5b66\u6821\u7533\u8acb\u4e2d 2026\u5e7410\u6708\u4e88\u5b9a)\" \/>\n<meta property=\"article:publisher\" content=\"https:\/\/www.facebook.com\/yamasainstitute\" \/>\n<meta property=\"article:modified_time\" content=\"2026-03-20T07:06:28+00:00\" \/>\n<meta property=\"og:image\" content=\"https:\/\/www.yamasa.org\/wp-content\/uploads\/2025\/11\/image-2.png\" \/>\n\t<meta property=\"og:image:width\" content=\"690\" \/>\n\t<meta property=\"og:image:height\" content=\"288\" \/>\n\t<meta property=\"og:image:type\" content=\"image\/png\" \/>\n<meta name=\"twitter:card\" content=\"summary_large_image\" \/>\n<meta name=\"twitter:site\" content=\"@yamasa_ch\" \/>\n<meta name=\"twitter:label1\" content=\"Est. tempo de leitura\" \/>\n\t<meta name=\"twitter:data1\" content=\"18 minutos\" \/>\n<script type=\"application\/ld+json\" class=\"yoast-schema-graph\">{\"@context\":\"https:\\\/\\\/schema.org\",\"@graph\":[{\"@type\":\"WebPage\",\"@id\":\"https:\\\/\\\/www.yamasa.org\\\/pt\\\/course\\\/\",\"url\":\"https:\\\/\\\/www.yamasa.org\\\/pt\\\/course\\\/\",\"name\":\"Escolher um curso - YAMASA\u8a00\u8a9e\u6587\u5316\u5b66\u9662(\u8a8d\u5b9a\u65e5\u672c\u8a9e\u5b66\u6821\u7533\u8acb\u4e2d 2026\u5e7410\u6708\u4e88\u5b9a)\",\"isPartOf\":{\"@id\":\"https:\\\/\\\/www.yamasa.org\\\/#website\"},\"primaryImageOfPage\":{\"@id\":\"https:\\\/\\\/www.yamasa.org\\\/pt\\\/course\\\/#primaryimage\"},\"image\":{\"@id\":\"https:\\\/\\\/www.yamasa.org\\\/pt\\\/course\\\/#primaryimage\"},\"thumbnailUrl\":\"https:\\\/\\\/www2.yamasa.org\\\/wp-content\\\/uploads\\\/2025\\\/11\\\/image-2.png\",\"datePublished\":\"2026-03-20T06:40:38+00:00\",\"dateModified\":\"2026-03-20T07:06:28+00:00\",\"breadcrumb\":{\"@id\":\"https:\\\/\\\/www.yamasa.org\\\/pt\\\/course\\\/#breadcrumb\"},\"inLanguage\":\"pt-BR\",\"potentialAction\":[{\"@type\":\"ReadAction\",\"target\":[\"https:\\\/\\\/www.yamasa.org\\\/pt\\\/course\\\/\"]}]},{\"@type\":\"ImageObject\",\"inLanguage\":\"pt-BR\",\"@id\":\"https:\\\/\\\/www.yamasa.org\\\/pt\\\/course\\\/#primaryimage\",\"url\":\"https:\\\/\\\/www2.yamasa.org\\\/wp-content\\\/uploads\\\/2025\\\/11\\\/image-2.png\",\"contentUrl\":\"https:\\\/\\\/www2.yamasa.org\\\/wp-content\\\/uploads\\\/2025\\\/11\\\/image-2.png\"},{\"@type\":\"BreadcrumbList\",\"@id\":\"https:\\\/\\\/www.yamasa.org\\\/pt\\\/course\\\/#breadcrumb\",\"itemListElement\":[{\"@type\":\"ListItem\",\"position\":1,\"name\":\"\u30db\u30fc\u30e0\",\"item\":\"https:\\\/\\\/www.yamasa.org\\\/\"},{\"@type\":\"ListItem\",\"position\":2,\"name\":\"Escolher um curso\"}]},{\"@type\":\"WebSite\",\"@id\":\"https:\\\/\\\/www.yamasa.org\\\/#website\",\"url\":\"https:\\\/\\\/www.yamasa.org\\\/\",\"name\":\"YAMASA\u8a00\u8a9e \u8a8d\u5b9a\u6821\",\"description\":\"\",\"publisher\":{\"@id\":\"https:\\\/\\\/www.yamasa.org\\\/#organization\"},\"potentialAction\":[{\"@type\":\"SearchAction\",\"target\":{\"@type\":\"EntryPoint\",\"urlTemplate\":\"https:\\\/\\\/www.yamasa.org\\\/?s={search_term_string}\"},\"query-input\":{\"@type\":\"PropertyValueSpecification\",\"valueRequired\":true,\"valueName\":\"search_term_string\"}}],\"inLanguage\":\"pt-BR\"},{\"@type\":\"Organization\",\"@id\":\"https:\\\/\\\/www.yamasa.org\\\/#organization\",\"name\":\"YAMASA\u8a00\u8a9e \u8a8d\u5b9a\u6821\",\"url\":\"https:\\\/\\\/www.yamasa.org\\\/\",\"logo\":{\"@type\":\"ImageObject\",\"inLanguage\":\"pt-BR\",\"@id\":\"https:\\\/\\\/www.yamasa.org\\\/#\\\/schema\\\/logo\\\/image\\\/\",\"url\":\"https:\\\/\\\/www.yamasa.org\\\/wp-content\\\/uploads\\\/2025\\\/12\\\/image.png\",\"contentUrl\":\"https:\\\/\\\/www.yamasa.org\\\/wp-content\\\/uploads\\\/2025\\\/12\\\/image.png\",\"width\":480,\"height\":110,\"caption\":\"YAMASA\u8a00\u8a9e \u8a8d\u5b9a\u6821\"},\"image\":{\"@id\":\"https:\\\/\\\/www.yamasa.org\\\/#\\\/schema\\\/logo\\\/image\\\/\"},\"sameAs\":[\"https:\\\/\\\/www.facebook.com\\\/yamasainstitute\",\"https:\\\/\\\/x.com\\\/yamasa_ch\",\"https:\\\/\\\/www.instagram.com\\\/yamasainstitute\\\/\"]}]}<\/script>\n<!-- \/ Yoast SEO plugin. -->","yoast_head_json":{"title":"Escolher um curso - YAMASA\u8a00\u8a9e\u6587\u5316\u5b66\u9662(\u8a8d\u5b9a\u65e5\u672c\u8a9e\u5b66\u6821\u7533\u8acb\u4e2d 2026\u5e7410\u6708\u4e88\u5b9a)","robots":{"index":"index","follow":"follow","max-snippet":"max-snippet:-1","max-image-preview":"max-image-preview:large","max-video-preview":"max-video-preview:-1"},"canonical":"https:\/\/www.yamasa.org\/pt\/course\/","og_locale":"pt_BR","og_type":"article","og_title":"Escolher um curso - YAMASA\u8a00\u8a9e\u6587\u5316\u5b66\u9662(\u8a8d\u5b9a\u65e5\u672c\u8a9e\u5b66\u6821\u7533\u8acb\u4e2d 2026\u5e7410\u6708\u4e88\u5b9a)","og_description":"A YAMASA oferece uma grande variedade de cursos para atender \u00e0s necessidades individuais de cada estudante. Na YAMASA, oferecemos diversos cursos de curta dura\u00e7\u00e3o com foco em conversa\u00e7\u00e3o e japon\u00eas para o ambiente de trabalho, bem como cursos de longa dura\u00e7\u00e3o voltados para o desenvolvimento de habilidades em japon\u00eas \u00fateis para o futuro. A dura\u00e7\u00e3o [&hellip;]","og_url":"https:\/\/www.yamasa.org\/pt\/course\/","og_site_name":"YAMASA\u8a00\u8a9e\u6587\u5316\u5b66\u9662(\u8a8d\u5b9a\u65e5\u672c\u8a9e\u5b66\u6821\u7533\u8acb\u4e2d 2026\u5e7410\u6708\u4e88\u5b9a)","article_publisher":"https:\/\/www.facebook.com\/yamasainstitute","article_modified_time":"2026-03-20T07:06:28+00:00","og_image":[{"width":690,"height":288,"url":"https:\/\/www.yamasa.org\/wp-content\/uploads\/2025\/11\/image-2.png","type":"image\/png"}],"twitter_card":"summary_large_image","twitter_site":"@yamasa_ch","twitter_misc":{"Est. tempo de leitura":"18 minutos"},"schema":{"@context":"https:\/\/schema.org","@graph":[{"@type":"WebPage","@id":"https:\/\/www.yamasa.org\/pt\/course\/","url":"https:\/\/www.yamasa.org\/pt\/course\/","name":"Escolher um curso - YAMASA\u8a00\u8a9e\u6587\u5316\u5b66\u9662(\u8a8d\u5b9a\u65e5\u672c\u8a9e\u5b66\u6821\u7533\u8acb\u4e2d 2026\u5e7410\u6708\u4e88\u5b9a)","isPartOf":{"@id":"https:\/\/www.yamasa.org\/#website"},"primaryImageOfPage":{"@id":"https:\/\/www.yamasa.org\/pt\/course\/#primaryimage"},"image":{"@id":"https:\/\/www.yamasa.org\/pt\/course\/#primaryimage"},"thumbnailUrl":"https:\/\/www2.yamasa.org\/wp-content\/uploads\/2025\/11\/image-2.png","datePublished":"2026-03-20T06:40:38+00:00","dateModified":"2026-03-20T07:06:28+00:00","breadcrumb":{"@id":"https:\/\/www.yamasa.org\/pt\/course\/#breadcrumb"},"inLanguage":"pt-BR","potentialAction":[{"@type":"ReadAction","target":["https:\/\/www.yamasa.org\/pt\/course\/"]}]},{"@type":"ImageObject","inLanguage":"pt-BR","@id":"https:\/\/www.yamasa.org\/pt\/course\/#primaryimage","url":"https:\/\/www2.yamasa.org\/wp-content\/uploads\/2025\/11\/image-2.png","contentUrl":"https:\/\/www2.yamasa.org\/wp-content\/uploads\/2025\/11\/image-2.png"},{"@type":"BreadcrumbList","@id":"https:\/\/www.yamasa.org\/pt\/course\/#breadcrumb","itemListElement":[{"@type":"ListItem","position":1,"name":"\u30db\u30fc\u30e0","item":"https:\/\/www.yamasa.org\/"},{"@type":"ListItem","position":2,"name":"Escolher um curso"}]},{"@type":"WebSite","@id":"https:\/\/www.yamasa.org\/#website","url":"https:\/\/www.yamasa.org\/","name":"YAMASA\u8a00\u8a9e \u8a8d\u5b9a\u6821","description":"","publisher":{"@id":"https:\/\/www.yamasa.org\/#organization"},"potentialAction":[{"@type":"SearchAction","target":{"@type":"EntryPoint","urlTemplate":"https:\/\/www.yamasa.org\/?s={search_term_string}"},"query-input":{"@type":"PropertyValueSpecification","valueRequired":true,"valueName":"search_term_string"}}],"inLanguage":"pt-BR"},{"@type":"Organization","@id":"https:\/\/www.yamasa.org\/#organization","name":"YAMASA\u8a00\u8a9e \u8a8d\u5b9a\u6821","url":"https:\/\/www.yamasa.org\/","logo":{"@type":"ImageObject","inLanguage":"pt-BR","@id":"https:\/\/www.yamasa.org\/#\/schema\/logo\/image\/","url":"https:\/\/www.yamasa.org\/wp-content\/uploads\/2025\/12\/image.png","contentUrl":"https:\/\/www.yamasa.org\/wp-content\/uploads\/2025\/12\/image.png","width":480,"height":110,"caption":"YAMASA\u8a00\u8a9e \u8a8d\u5b9a\u6821"},"image":{"@id":"https:\/\/www.yamasa.org\/#\/schema\/logo\/image\/"},"sameAs":["https:\/\/www.facebook.com\/yamasainstitute","https:\/\/x.com\/yamasa_ch","https:\/\/www.instagram.com\/yamasainstitute\/"]}]}},"_links":{"self":[{"href":"https:\/\/www.yamasa.org\/wp-json\/wp\/v2\/pages\/3192","targetHints":{"allow":["GET"]}}],"collection":[{"href":"https:\/\/www.yamasa.org\/wp-json\/wp\/v2\/pages"}],"about":[{"href":"https:\/\/www.yamasa.org\/wp-json\/wp\/v2\/types\/page"}],"author":[{"embeddable":true,"href":"https:\/\/www.yamasa.org\/wp-json\/wp\/v2\/users\/9"}],"replies":[{"embeddable":true,"href":"https:\/\/www.yamasa.org\/wp-json\/wp\/v2\/comments?post=3192"}],"version-history":[{"count":16,"href":"https:\/\/www.yamasa.org\/wp-json\/wp\/v2\/pages\/3192\/revisions"}],"predecessor-version":[{"id":3221,"href":"https:\/\/www.yamasa.org\/wp-json\/wp\/v2\/pages\/3192\/revisions\/3221"}],"wp:attachment":[{"href":"https:\/\/www.yamasa.org\/wp-json\/wp\/v2\/media?parent=3192"}],"curies":[{"name":"wp","href":"https:\/\/api.w.org\/{rel}","templated":true}]}}