{"id":3183,"date":"2026-03-19T16:16:32","date_gmt":"2026-03-19T07:16:32","guid":{"rendered":"https:\/\/www.yamasa.org\/?page_id=3183"},"modified":"2026-03-26T15:28:14","modified_gmt":"2026-03-26T06:28:14","slug":"contact","status":"publish","type":"page","link":"https:\/\/www.yamasa.org\/pt\/contact\/","title":{"rendered":"Contato \/ Informa\u00e7\u00f5es de Contato"},"content":{"rendered":"\n<h2 class=\"wp-block-heading has-x-large-font-size\">Contato \/ Informa\u00e7\u00f5es de Contato<\/h2>\n\n\n\n<p>Se voc\u00ea tiver qualquer d\u00favida sobre a YAMASA Instituto de L\u00edngua e Cultura, como aulas, acomoda\u00e7\u00f5es, vida no Jap\u00e3o ou quest\u00f5es de visto, n\u00e3o hesite em entrar em contato conosco. Aguardamos com prazer o seu contato por telefone ou e-mail.<\/p>\n\n\n\n<h2 class=\"wp-block-heading\">Formul\u00e1rio de Contato<\/h2>\n\n\n\n<p><a href=\"\/pt\/contact-form\/\" target=\"_blank\" rel=\"noreferrer noopener\">Please fill in this Inquiry Online Form<\/a><\/p>\n\n\n\n<h2 class=\"wp-block-heading\">FAQ<\/h2>\n\n\n\n<p>Se tiver alguma d\u00favida, consulte tamb\u00e9m a p\u00e1gina <a href=\"\/faq\/\">FAQ<\/a>.<\/p>\n\n\n\n<h2 class=\"wp-block-heading\">Informa\u00e7\u00f5es de Contato<\/h2>\n\n\n\n<p><br>O escrit\u00f3rio da YAMASA funciona de segunda a sexta-feira, das 9:00 \u00e0s 17:00 (hor\u00e1rio do Jap\u00e3o). Para contato por telefone, ligue dentro desse hor\u00e1rio. Observe que a escola pode estar fechada durante o per\u00edodo de fim de ano\/ano novo e por volta do dia 15 de agosto.<br><br><br>C\u00f3digo do pa\u00eds: 81<br><br>Telefone:\u30000564-55-8111<br>FAX:\u3000 0564-55-8113\u3000<br><br><br>Dependendo do conte\u00fado da sua mensagem, envie seu e-mail para os endere\u00e7os abaixo. O contato por e-mail est\u00e1 dispon\u00edvel 24 horas por dia, 365 dias por ano.<\/p>\n\n\n\n<h3 class=\"wp-block-heading\">Para consultas sobre admiss\u00e3o<\/h3>\n\n\n\n<p><a href=\"mailto:admissions@yamasa.org\">admissions@yamasa.org<\/a><\/p>\n\n\n\n<h3 class=\"wp-block-heading\">Para institui\u00e7\u00f5es educacionais, m\u00eddia e outros contatos<\/h3>\n\n\n\n<p><a href=\"mailto:info@yamasa.org\">info@yamasa.org<\/a><\/p>\n\n\n\n<h2 class=\"wp-block-heading\">Phone<\/h2>\n\n\n\n<p>+81 (0)564-55-8111<\/p>\n\n\n\n<h2 class=\"wp-block-heading\">Fax<\/h2>\n\n\n\n<p>+81 (0)564-55-8113<\/p>\n","protected":false},"excerpt":{"rendered":"<p>Contato \/ Informa\u00e7\u00f5es de Contato Se voc\u00ea tiver qualquer d\u00favida sobre a YAMASA Instituto de L\u00edngua e Cultura, como aulas, acomoda\u00e7\u00f5es, vida no Jap\u00e3o ou quest\u00f5es de visto, n\u00e3o hesite em entrar em contato conosco. Aguardamos com prazer o seu contato por telefone ou e-mail. Formul\u00e1rio de Contato Please fill in this Inquiry Online Form [&hellip;]<\/p>\n","protected":false},"author":9,"featured_media":0,"parent":0,"menu_order":4,"comment_status":"closed","ping_status":"closed","template":"page-no-title","meta":{"_locale":"pt_BR","_original_post":"https:\/\/www2.yamasa.org\/?page_id=26","footnotes":""},"class_list":["post-3183","page","type-page","status-publish","hentry","pt-BR"],"yoast_head":"<!-- This site is optimized with the Yoast SEO plugin v27.4 - https:\/\/yoast.com\/product\/yoast-seo-wordpress\/ -->\n<title>Contato \/ Informa\u00e7\u00f5es de Contato - YAMASA\u8a00\u8a9e\u6587\u5316\u5b66\u9662(\u8a8d\u5b9a\u65e5\u672c\u8a9e\u5b66\u6821\u7533\u8acb\u4e2d 2026\u5e7410\u6708\u4e88\u5b9a)<\/title>\n<meta name=\"robots\" content=\"index, follow, max-snippet:-1, max-image-preview:large, max-video-preview:-1\" \/>\n<link rel=\"canonical\" href=\"https:\/\/www.yamasa.org\/pt\/contact\/\" \/>\n<meta property=\"og:locale\" content=\"pt_BR\" \/>\n<meta property=\"og:type\" content=\"article\" \/>\n<meta property=\"og:title\" content=\"Contato \/ Informa\u00e7\u00f5es de Contato - YAMASA\u8a00\u8a9e\u6587\u5316\u5b66\u9662(\u8a8d\u5b9a\u65e5\u672c\u8a9e\u5b66\u6821\u7533\u8acb\u4e2d 2026\u5e7410\u6708\u4e88\u5b9a)\" \/>\n<meta property=\"og:description\" content=\"Contato \/ Informa\u00e7\u00f5es de Contato Se voc\u00ea tiver qualquer d\u00favida sobre a YAMASA Instituto de L\u00edngua e Cultura, como aulas, acomoda\u00e7\u00f5es, vida no Jap\u00e3o ou quest\u00f5es de visto, n\u00e3o hesite em entrar em contato conosco. Aguardamos com prazer o seu contato por telefone ou e-mail. Formul\u00e1rio de Contato Please fill in this Inquiry Online Form [&hellip;]\" \/>\n<meta property=\"og:url\" content=\"https:\/\/www.yamasa.org\/pt\/contact\/\" \/>\n<meta property=\"og:site_name\" content=\"YAMASA\u8a00\u8a9e\u6587\u5316\u5b66\u9662(\u8a8d\u5b9a\u65e5\u672c\u8a9e\u5b66\u6821\u7533\u8acb\u4e2d 2026\u5e7410\u6708\u4e88\u5b9a)\" \/>\n<meta property=\"article:publisher\" content=\"https:\/\/www.facebook.com\/yamasainstitute\" \/>\n<meta property=\"article:modified_time\" content=\"2026-03-26T06:28:14+00:00\" \/>\n<meta name=\"twitter:card\" content=\"summary_large_image\" \/>\n<meta name=\"twitter:site\" content=\"@yamasa_ch\" \/>\n<meta name=\"twitter:label1\" content=\"Est. tempo de leitura\" \/>\n\t<meta name=\"twitter:data1\" content=\"3 minutos\" \/>\n<script type=\"application\/ld+json\" class=\"yoast-schema-graph\">{\"@context\":\"https:\\\/\\\/schema.org\",\"@graph\":[{\"@type\":\"WebPage\",\"@id\":\"https:\\\/\\\/www.yamasa.org\\\/pt\\\/contact\\\/\",\"url\":\"https:\\\/\\\/www.yamasa.org\\\/pt\\\/contact\\\/\",\"name\":\"Contato \\\/ Informa\u00e7\u00f5es de Contato - YAMASA\u8a00\u8a9e\u6587\u5316\u5b66\u9662(\u8a8d\u5b9a\u65e5\u672c\u8a9e\u5b66\u6821\u7533\u8acb\u4e2d 2026\u5e7410\u6708\u4e88\u5b9a)\",\"isPartOf\":{\"@id\":\"https:\\\/\\\/www.yamasa.org\\\/#website\"},\"datePublished\":\"2026-03-19T07:16:32+00:00\",\"dateModified\":\"2026-03-26T06:28:14+00:00\",\"breadcrumb\":{\"@id\":\"https:\\\/\\\/www.yamasa.org\\\/pt\\\/contact\\\/#breadcrumb\"},\"inLanguage\":\"pt-BR\",\"potentialAction\":[{\"@type\":\"ReadAction\",\"target\":[\"https:\\\/\\\/www.yamasa.org\\\/pt\\\/contact\\\/\"]}]},{\"@type\":\"BreadcrumbList\",\"@id\":\"https:\\\/\\\/www.yamasa.org\\\/pt\\\/contact\\\/#breadcrumb\",\"itemListElement\":[{\"@type\":\"ListItem\",\"position\":1,\"name\":\"\u30db\u30fc\u30e0\",\"item\":\"https:\\\/\\\/www.yamasa.org\\\/\"},{\"@type\":\"ListItem\",\"position\":2,\"name\":\"Contato \\\/ Informa\u00e7\u00f5es de Contato\"}]},{\"@type\":\"WebSite\",\"@id\":\"https:\\\/\\\/www.yamasa.org\\\/#website\",\"url\":\"https:\\\/\\\/www.yamasa.org\\\/\",\"name\":\"YAMASA\u8a00\u8a9e \u8a8d\u5b9a\u6821\",\"description\":\"\",\"publisher\":{\"@id\":\"https:\\\/\\\/www.yamasa.org\\\/#organization\"},\"potentialAction\":[{\"@type\":\"SearchAction\",\"target\":{\"@type\":\"EntryPoint\",\"urlTemplate\":\"https:\\\/\\\/www.yamasa.org\\\/?s={search_term_string}\"},\"query-input\":{\"@type\":\"PropertyValueSpecification\",\"valueRequired\":true,\"valueName\":\"search_term_string\"}}],\"inLanguage\":\"pt-BR\"},{\"@type\":\"Organization\",\"@id\":\"https:\\\/\\\/www.yamasa.org\\\/#organization\",\"name\":\"YAMASA\u8a00\u8a9e \u8a8d\u5b9a\u6821\",\"url\":\"https:\\\/\\\/www.yamasa.org\\\/\",\"logo\":{\"@type\":\"ImageObject\",\"inLanguage\":\"pt-BR\",\"@id\":\"https:\\\/\\\/www.yamasa.org\\\/#\\\/schema\\\/logo\\\/image\\\/\",\"url\":\"https:\\\/\\\/www.yamasa.org\\\/wp-content\\\/uploads\\\/2025\\\/12\\\/image.png\",\"contentUrl\":\"https:\\\/\\\/www.yamasa.org\\\/wp-content\\\/uploads\\\/2025\\\/12\\\/image.png\",\"width\":480,\"height\":110,\"caption\":\"YAMASA\u8a00\u8a9e \u8a8d\u5b9a\u6821\"},\"image\":{\"@id\":\"https:\\\/\\\/www.yamasa.org\\\/#\\\/schema\\\/logo\\\/image\\\/\"},\"sameAs\":[\"https:\\\/\\\/www.facebook.com\\\/yamasainstitute\",\"https:\\\/\\\/x.com\\\/yamasa_ch\",\"https:\\\/\\\/www.instagram.com\\\/yamasainstitute\\\/\"]}]}<\/script>\n<!-- \/ Yoast SEO plugin. -->","yoast_head_json":{"title":"Contato \/ Informa\u00e7\u00f5es de Contato - YAMASA\u8a00\u8a9e\u6587\u5316\u5b66\u9662(\u8a8d\u5b9a\u65e5\u672c\u8a9e\u5b66\u6821\u7533\u8acb\u4e2d 2026\u5e7410\u6708\u4e88\u5b9a)","robots":{"index":"index","follow":"follow","max-snippet":"max-snippet:-1","max-image-preview":"max-image-preview:large","max-video-preview":"max-video-preview:-1"},"canonical":"https:\/\/www.yamasa.org\/pt\/contact\/","og_locale":"pt_BR","og_type":"article","og_title":"Contato \/ Informa\u00e7\u00f5es de Contato - YAMASA\u8a00\u8a9e\u6587\u5316\u5b66\u9662(\u8a8d\u5b9a\u65e5\u672c\u8a9e\u5b66\u6821\u7533\u8acb\u4e2d 2026\u5e7410\u6708\u4e88\u5b9a)","og_description":"Contato \/ Informa\u00e7\u00f5es de Contato Se voc\u00ea tiver qualquer d\u00favida sobre a YAMASA Instituto de L\u00edngua e Cultura, como aulas, acomoda\u00e7\u00f5es, vida no Jap\u00e3o ou quest\u00f5es de visto, n\u00e3o hesite em entrar em contato conosco. Aguardamos com prazer o seu contato por telefone ou e-mail. Formul\u00e1rio de Contato Please fill in this Inquiry Online Form [&hellip;]","og_url":"https:\/\/www.yamasa.org\/pt\/contact\/","og_site_name":"YAMASA\u8a00\u8a9e\u6587\u5316\u5b66\u9662(\u8a8d\u5b9a\u65e5\u672c\u8a9e\u5b66\u6821\u7533\u8acb\u4e2d 2026\u5e7410\u6708\u4e88\u5b9a)","article_publisher":"https:\/\/www.facebook.com\/yamasainstitute","article_modified_time":"2026-03-26T06:28:14+00:00","twitter_card":"summary_large_image","twitter_site":"@yamasa_ch","twitter_misc":{"Est. tempo de leitura":"3 minutos"},"schema":{"@context":"https:\/\/schema.org","@graph":[{"@type":"WebPage","@id":"https:\/\/www.yamasa.org\/pt\/contact\/","url":"https:\/\/www.yamasa.org\/pt\/contact\/","name":"Contato \/ Informa\u00e7\u00f5es de Contato - YAMASA\u8a00\u8a9e\u6587\u5316\u5b66\u9662(\u8a8d\u5b9a\u65e5\u672c\u8a9e\u5b66\u6821\u7533\u8acb\u4e2d 2026\u5e7410\u6708\u4e88\u5b9a)","isPartOf":{"@id":"https:\/\/www.yamasa.org\/#website"},"datePublished":"2026-03-19T07:16:32+00:00","dateModified":"2026-03-26T06:28:14+00:00","breadcrumb":{"@id":"https:\/\/www.yamasa.org\/pt\/contact\/#breadcrumb"},"inLanguage":"pt-BR","potentialAction":[{"@type":"ReadAction","target":["https:\/\/www.yamasa.org\/pt\/contact\/"]}]},{"@type":"BreadcrumbList","@id":"https:\/\/www.yamasa.org\/pt\/contact\/#breadcrumb","itemListElement":[{"@type":"ListItem","position":1,"name":"\u30db\u30fc\u30e0","item":"https:\/\/www.yamasa.org\/"},{"@type":"ListItem","position":2,"name":"Contato \/ Informa\u00e7\u00f5es de Contato"}]},{"@type":"WebSite","@id":"https:\/\/www.yamasa.org\/#website","url":"https:\/\/www.yamasa.org\/","name":"YAMASA\u8a00\u8a9e \u8a8d\u5b9a\u6821","description":"","publisher":{"@id":"https:\/\/www.yamasa.org\/#organization"},"potentialAction":[{"@type":"SearchAction","target":{"@type":"EntryPoint","urlTemplate":"https:\/\/www.yamasa.org\/?s={search_term_string}"},"query-input":{"@type":"PropertyValueSpecification","valueRequired":true,"valueName":"search_term_string"}}],"inLanguage":"pt-BR"},{"@type":"Organization","@id":"https:\/\/www.yamasa.org\/#organization","name":"YAMASA\u8a00\u8a9e \u8a8d\u5b9a\u6821","url":"https:\/\/www.yamasa.org\/","logo":{"@type":"ImageObject","inLanguage":"pt-BR","@id":"https:\/\/www.yamasa.org\/#\/schema\/logo\/image\/","url":"https:\/\/www.yamasa.org\/wp-content\/uploads\/2025\/12\/image.png","contentUrl":"https:\/\/www.yamasa.org\/wp-content\/uploads\/2025\/12\/image.png","width":480,"height":110,"caption":"YAMASA\u8a00\u8a9e \u8a8d\u5b9a\u6821"},"image":{"@id":"https:\/\/www.yamasa.org\/#\/schema\/logo\/image\/"},"sameAs":["https:\/\/www.facebook.com\/yamasainstitute","https:\/\/x.com\/yamasa_ch","https:\/\/www.instagram.com\/yamasainstitute\/"]}]}},"_links":{"self":[{"href":"https:\/\/www.yamasa.org\/wp-json\/wp\/v2\/pages\/3183","targetHints":{"allow":["GET"]}}],"collection":[{"href":"https:\/\/www.yamasa.org\/wp-json\/wp\/v2\/pages"}],"about":[{"href":"https:\/\/www.yamasa.org\/wp-json\/wp\/v2\/types\/page"}],"author":[{"embeddable":true,"href":"https:\/\/www.yamasa.org\/wp-json\/wp\/v2\/users\/9"}],"replies":[{"embeddable":true,"href":"https:\/\/www.yamasa.org\/wp-json\/wp\/v2\/comments?post=3183"}],"version-history":[{"count":2,"href":"https:\/\/www.yamasa.org\/wp-json\/wp\/v2\/pages\/3183\/revisions"}],"predecessor-version":[{"id":3567,"href":"https:\/\/www.yamasa.org\/wp-json\/wp\/v2\/pages\/3183\/revisions\/3567"}],"wp:attachment":[{"href":"https:\/\/www.yamasa.org\/wp-json\/wp\/v2\/media?parent=3183"}],"curies":[{"name":"wp","href":"https:\/\/api.w.org\/{rel}","templated":true}]}}