{"id":3173,"date":"2026-03-19T15:52:20","date_gmt":"2026-03-19T06:52:20","guid":{"rendered":"https:\/\/www.yamasa.org\/?page_id=3173"},"modified":"2026-03-19T15:54:56","modified_gmt":"2026-03-19T06:54:56","slug":"location","status":"publish","type":"page","link":"https:\/\/www.yamasa.org\/pt\/location\/","title":{"rendered":"Localiza\u00e7\u00e3o"},"content":{"rendered":"\n<div class=\"wp-block-group has-global-padding is-layout-constrained wp-block-group-is-layout-constrained\">\n<h2 class=\"wp-block-heading\">Localiza\u00e7\u00e3o<\/h2>\n\n\n\n<div class=\"wp-block-columns is-layout-flex wp-container-core-columns-is-layout-28f84493 wp-block-columns-is-layout-flex\">\n<div class=\"wp-block-column is-layout-flow wp-block-column-is-layout-flow\" style=\"flex-basis:66.66%\">\n<p>A chave para melhorar a profici\u00eancia em japon\u00eas n\u00e3o \u00e9 apenas a \u201cqualidade\u201d dos cursos oferecidos pela institui\u00e7\u00e3o, mas tamb\u00e9m encontrar um ambiente de moradia confort\u00e1vel para estudar. Ao ingressar na YAMASA Institute, tudo isso pode ser facilmente alcan\u00e7ado.<\/p>\n\n\n\n<p>A cidade de Okazaki, onde a YAMASA est\u00e1 localizada, situa-se aproximadamente no centro do Jap\u00e3o, com acesso a Osaka, Kyoto e T\u00f3quio em cerca de duas horas utilizando o Shinkansen. Al\u00e9m dessas grandes cidades, Okazaki tamb\u00e9m est\u00e1 a apenas 30 minutos de trem de Nagoya, a quarta maior cidade do Jap\u00e3o. Assim, vivendo em Okazaki, voc\u00ea pode desfrutar de um ambiente tranquilo para estudar, enquanto tem f\u00e1cil acesso \u00e0s grandes \u00e1reas urbanas para lazer.<\/p>\n<\/div>\n\n\n\n<div class=\"wp-block-column is-layout-flow wp-block-column-is-layout-flow\" style=\"flex-basis:33.33%\">\n<figure data-wp-context=\"{&quot;imageId&quot;:&quot;69f7c289c0f02&quot;}\" data-wp-interactive=\"core\/image\" data-wp-key=\"69f7c289c0f02\" class=\"wp-block-image size-medium wp-lightbox-container\"><img loading=\"lazy\" decoding=\"async\" width=\"300\" height=\"300\" data-wp-class--hide=\"state.isContentHidden\" data-wp-class--show=\"state.isContentVisible\" data-wp-init=\"callbacks.setButtonStyles\" data-wp-on--click=\"actions.showLightbox\" data-wp-on--load=\"callbacks.setButtonStyles\" data-wp-on-window--resize=\"callbacks.setButtonStyles\" src=\"https:\/\/www.yamasa.org\/wp-content\/uploads\/2025\/11\/image-21-300x300.png\" alt=\"\" class=\"wp-image-407\" srcset=\"https:\/\/www.yamasa.org\/wp-content\/uploads\/2025\/11\/image-21-300x300.png 300w, https:\/\/www.yamasa.org\/wp-content\/uploads\/2025\/11\/image-21-150x150.png 150w, https:\/\/www.yamasa.org\/wp-content\/uploads\/2025\/11\/image-21.png 336w\" sizes=\"auto, (max-width: 300px) 100vw, 300px\" \/><button\n\t\t\tclass=\"lightbox-trigger\"\n\t\t\ttype=\"button\"\n\t\t\taria-haspopup=\"dialog\"\n\t\t\taria-label=\"Ampliar\"\n\t\t\tdata-wp-init=\"callbacks.initTriggerButton\"\n\t\t\tdata-wp-on--click=\"actions.showLightbox\"\n\t\t\tdata-wp-style--right=\"state.imageButtonRight\"\n\t\t\tdata-wp-style--top=\"state.imageButtonTop\"\n\t\t>\n\t\t\t<svg xmlns=\"http:\/\/www.w3.org\/2000\/svg\" width=\"12\" height=\"12\" fill=\"none\" viewBox=\"0 0 12 12\">\n\t\t\t\t<path fill=\"#fff\" d=\"M2 0a2 2 0 0 0-2 2v2h1.5V2a.5.5 0 0 1 .5-.5h2V0H2Zm2 10.5H2a.5.5 0 0 1-.5-.5V8H0v2a2 2 0 0 0 2 2h2v-1.5ZM8 12v-1.5h2a.5.5 0 0 0 .5-.5V8H12v2a2 2 0 0 1-2 2H8Zm2-12a2 2 0 0 1 2 2v2h-1.5V2a.5.5 0 0 0-.5-.5H8V0h2Z\" \/>\n\t\t\t<\/svg>\n\t\t<\/button><\/figure>\n<\/div>\n<\/div>\n\n\n\n<h2 class=\"wp-block-heading\">Sobre a cidade de Okazaki<\/h2>\n\n\n\n<div class=\"wp-block-group has-global-padding is-layout-constrained wp-block-group-is-layout-constrained\">\n<h3 class=\"wp-block-heading\">Caracter\u00edsticas<\/h3>\n\n\n\n<p>Okazaki \u00e9 uma cidade com uma longa hist\u00f3ria e rica cultura, repleta de belos castelos, templos e parques. Tamb\u00e9m \u00e9 um centro industrial onde se concentram empresas relacionadas a grandes fabricantes como a Toyota e a Mitsubishi, al\u00e9m de ser um importante centro comercial da regi\u00e3o. Em compara\u00e7\u00e3o com grandes cidades, oferece um ambiente de vida mais confort\u00e1vel, com alugu\u00e9is mais baixos, excelente infraestrutura de sa\u00fade e com\u00e9rcio, sendo uma cidade segura e conveniente.<\/p>\n<\/div>\n\n\n\n<div class=\"wp-block-group has-global-padding is-layout-constrained wp-block-group-is-layout-constrained\">\n<h3 class=\"wp-block-heading\">Custo de vida<\/h3>\n\n\n\n<p>Em compara\u00e7\u00e3o com T\u00f3quio ou Osaka, viver em <a href=\"\/okazaki\/\">Okazaki<\/a> \u00e9 muito mais econ\u00f4mico em termos de aluguel, permitindo reduzir os custos de vida no dia a dia. Embora o Jap\u00e3o seja geralmente considerado um pa\u00eds caro, na YAMASA voc\u00ea pode aproveitar seus estudos de japon\u00eas e a vida no Jap\u00e3o com mais tranquilidade financeira.<\/p>\n<\/div>\n\n\n\n<div class=\"wp-block-group has-global-padding is-layout-constrained wp-block-group-is-layout-constrained\">\n<h3 class=\"wp-block-heading\">Cultura e Hist\u00f3ria<\/h3>\n\n\n\n<p>Okazaki \u00e9 uma cidade rica em hist\u00f3ria e cultura. Ela prosperou como um importante centro por mais de 1.000 anos e tamb\u00e9m \u00e9 conhecida como o local de nascimento de Tokugawa Ieyasu, que unificou o Jap\u00e3o durante o per\u00edodo Sengoku. A cidade possui o maior n\u00famero de templos per capita no Jap\u00e3o, al\u00e9m de contar com muitos templos e santu\u00e1rios hist\u00f3ricos, incluindo o Castelo de Okazaki. Produtos tradicionais japoneses, como o hatcho miso, e os espetaculares fogos de artif\u00edcio de ver\u00e3o tamb\u00e9m s\u00e3o especialidades locais. Uma das grandes atra\u00e7\u00f5es de Okazaki \u00e9 a oportunidade de vivenciar de perto a aut\u00eantica cultura japonesa.<\/p>\n\n\n\n<figure style=\"text-align: center;\">\n  <iframe loading=\"lazy\" width=\"560\" height=\"315\"\n    src=\"https:\/\/www.youtube.com\/embed\/8E8ji3VfEFw?si=pjC387zhTQmdgMO6\"\n    title=\"YouTube video player\" frameborder=\"0\"\n    allow=\"accelerometer; autoplay; clipboard-write; encrypted-media; gyroscope; picture-in-picture; web-share\"\n    referrerpolicy=\"strict-origin-when-cross-origin\" allowfullscreen>\n  <\/iframe>\n  <figcaption style=\"font-size: 14px; color: #666; margin-top: 8px;\">\n    Fonte: <a href=\"http:\/\/www.studiohiro.jp\/moviegallery\/index.html\" target=\"_blank\" style=\"color: #666; text-decoration: underline;\">\n      Studio Hiro\n    <\/a>\n  <\/figcaption>\n<\/figure>\n<\/div>\n\n\n\n<div class=\"wp-block-group has-global-padding is-layout-constrained wp-block-group-is-layout-constrained\">\n<h3 class=\"wp-block-heading\">Chubupedia<\/h3>\n\n\n\n<div class=\"wp-block-group alignwide is-vertical is-content-justification-center is-layout-flex wp-container-core-group-is-layout-ce155fab wp-block-group-is-layout-flex\">\n<figure class=\"wp-block-gallery has-nested-images columns-default is-cropped wp-block-gallery-1 is-layout-flex wp-block-gallery-is-layout-flex\">\n<figure class=\"wp-block-image size-large\"><img loading=\"lazy\" decoding=\"async\" width=\"202\" height=\"135\" data-id=\"419\" src=\"https:\/\/www.yamasa.org\/wp-content\/uploads\/2025\/11\/image-22.png\" alt=\"\" class=\"wp-image-419\"\/><figcaption class=\"wp-element-caption\">Cities<\/figcaption><\/figure>\n\n\n\n<figure class=\"wp-block-image size-large\"><img loading=\"lazy\" decoding=\"async\" width=\"202\" height=\"135\" data-id=\"420\" src=\"https:\/\/www.yamasa.org\/wp-content\/uploads\/2025\/11\/image-23.png\" alt=\"\" class=\"wp-image-420\"\/><figcaption class=\"wp-element-caption\">Cultural Pursuits<\/figcaption><\/figure>\n\n\n\n<figure class=\"wp-block-image size-large\"><img loading=\"lazy\" decoding=\"async\" width=\"202\" height=\"135\" data-id=\"421\" src=\"https:\/\/www.yamasa.org\/wp-content\/uploads\/2025\/11\/image-24.png\" alt=\"\" class=\"wp-image-421\"\/><figcaption class=\"wp-element-caption\">Festivals<\/figcaption><\/figure>\n<\/figure>\n\n\n\n<figure class=\"wp-block-gallery has-nested-images columns-default is-cropped wp-block-gallery-2 is-layout-flex wp-block-gallery-is-layout-flex\">\n<figure class=\"wp-block-image size-large\"><img loading=\"lazy\" decoding=\"async\" width=\"202\" height=\"134\" data-id=\"422\" src=\"https:\/\/www.yamasa.org\/wp-content\/uploads\/2025\/11\/image-25.png\" alt=\"\" class=\"wp-image-422\"\/><figcaption class=\"wp-element-caption\">Tourist Attractions<\/figcaption><\/figure>\n\n\n\n<figure class=\"wp-block-image size-large\"><img loading=\"lazy\" decoding=\"async\" width=\"202\" height=\"134\" data-id=\"423\" src=\"https:\/\/www.yamasa.org\/wp-content\/uploads\/2025\/11\/image-26.png\" alt=\"\" class=\"wp-image-423\"\/><figcaption class=\"wp-element-caption\">Food<\/figcaption><\/figure>\n\n\n\n<figure class=\"wp-block-image size-large\"><img loading=\"lazy\" decoding=\"async\" width=\"202\" height=\"135\" data-id=\"424\" src=\"https:\/\/www.yamasa.org\/wp-content\/uploads\/2025\/11\/image-27.png\" alt=\"\" class=\"wp-image-424\"\/><figcaption class=\"wp-element-caption\">Other<\/figcaption><\/figure>\n<\/figure>\n<\/div>\n<\/div>\n<\/div>\n","protected":false},"excerpt":{"rendered":"<p>Localiza\u00e7\u00e3o A chave para melhorar a profici\u00eancia em japon\u00eas n\u00e3o \u00e9 apenas a \u201cqualidade\u201d dos cursos oferecidos pela institui\u00e7\u00e3o, mas tamb\u00e9m encontrar um ambiente de moradia confort\u00e1vel para estudar. Ao ingressar na YAMASA Institute, tudo isso pode ser facilmente alcan\u00e7ado. A cidade de Okazaki, onde a YAMASA est\u00e1 localizada, situa-se aproximadamente no centro do Jap\u00e3o, [&hellip;]<\/p>\n","protected":false},"author":9,"featured_media":0,"parent":0,"menu_order":24,"comment_status":"closed","ping_status":"closed","template":"","meta":{"_locale":"pt_BR","_original_post":"https:\/\/www2.yamasa.org\/?page_id=16","footnotes":""},"class_list":["post-3173","page","type-page","status-publish","hentry","pt-BR"],"yoast_head":"<!-- This site is optimized with the Yoast SEO plugin v27.4 - https:\/\/yoast.com\/product\/yoast-seo-wordpress\/ -->\n<title>Localiza\u00e7\u00e3o - YAMASA\u8a00\u8a9e\u6587\u5316\u5b66\u9662(\u8a8d\u5b9a\u65e5\u672c\u8a9e\u5b66\u6821\u7533\u8acb\u4e2d 2026\u5e7410\u6708\u4e88\u5b9a)<\/title>\n<meta name=\"robots\" content=\"index, follow, max-snippet:-1, max-image-preview:large, max-video-preview:-1\" \/>\n<link rel=\"canonical\" href=\"https:\/\/www.yamasa.org\/pt\/location\/\" \/>\n<meta property=\"og:locale\" content=\"pt_BR\" \/>\n<meta property=\"og:type\" content=\"article\" \/>\n<meta property=\"og:title\" content=\"Localiza\u00e7\u00e3o - YAMASA\u8a00\u8a9e\u6587\u5316\u5b66\u9662(\u8a8d\u5b9a\u65e5\u672c\u8a9e\u5b66\u6821\u7533\u8acb\u4e2d 2026\u5e7410\u6708\u4e88\u5b9a)\" \/>\n<meta property=\"og:description\" content=\"Localiza\u00e7\u00e3o A chave para melhorar a profici\u00eancia em japon\u00eas n\u00e3o \u00e9 apenas a \u201cqualidade\u201d dos cursos oferecidos pela institui\u00e7\u00e3o, mas tamb\u00e9m encontrar um ambiente de moradia confort\u00e1vel para estudar. Ao ingressar na YAMASA Institute, tudo isso pode ser facilmente alcan\u00e7ado. A cidade de Okazaki, onde a YAMASA est\u00e1 localizada, situa-se aproximadamente no centro do Jap\u00e3o, [&hellip;]\" \/>\n<meta property=\"og:url\" content=\"https:\/\/www.yamasa.org\/pt\/location\/\" \/>\n<meta property=\"og:site_name\" content=\"YAMASA\u8a00\u8a9e\u6587\u5316\u5b66\u9662(\u8a8d\u5b9a\u65e5\u672c\u8a9e\u5b66\u6821\u7533\u8acb\u4e2d 2026\u5e7410\u6708\u4e88\u5b9a)\" \/>\n<meta property=\"article:publisher\" content=\"https:\/\/www.facebook.com\/yamasainstitute\" \/>\n<meta property=\"article:modified_time\" content=\"2026-03-19T06:54:56+00:00\" \/>\n<meta property=\"og:image\" content=\"https:\/\/www.yamasa.org\/wp-content\/uploads\/2025\/11\/image-21.png\" \/>\n\t<meta property=\"og:image:width\" content=\"336\" \/>\n\t<meta property=\"og:image:height\" content=\"336\" \/>\n\t<meta property=\"og:image:type\" content=\"image\/png\" \/>\n<meta name=\"twitter:card\" content=\"summary_large_image\" \/>\n<meta name=\"twitter:site\" content=\"@yamasa_ch\" \/>\n<meta name=\"twitter:label1\" content=\"Est. tempo de leitura\" \/>\n\t<meta name=\"twitter:data1\" content=\"7 minutos\" \/>\n<script type=\"application\/ld+json\" class=\"yoast-schema-graph\">{\"@context\":\"https:\\\/\\\/schema.org\",\"@graph\":[{\"@type\":\"WebPage\",\"@id\":\"https:\\\/\\\/www.yamasa.org\\\/pt\\\/location\\\/\",\"url\":\"https:\\\/\\\/www.yamasa.org\\\/pt\\\/location\\\/\",\"name\":\"Localiza\u00e7\u00e3o - YAMASA\u8a00\u8a9e\u6587\u5316\u5b66\u9662(\u8a8d\u5b9a\u65e5\u672c\u8a9e\u5b66\u6821\u7533\u8acb\u4e2d 2026\u5e7410\u6708\u4e88\u5b9a)\",\"isPartOf\":{\"@id\":\"https:\\\/\\\/www.yamasa.org\\\/#website\"},\"primaryImageOfPage\":{\"@id\":\"https:\\\/\\\/www.yamasa.org\\\/pt\\\/location\\\/#primaryimage\"},\"image\":{\"@id\":\"https:\\\/\\\/www.yamasa.org\\\/pt\\\/location\\\/#primaryimage\"},\"thumbnailUrl\":\"https:\\\/\\\/www.yamasa.org\\\/wp-content\\\/uploads\\\/2025\\\/11\\\/image-21-300x300.png\",\"datePublished\":\"2026-03-19T06:52:20+00:00\",\"dateModified\":\"2026-03-19T06:54:56+00:00\",\"breadcrumb\":{\"@id\":\"https:\\\/\\\/www.yamasa.org\\\/pt\\\/location\\\/#breadcrumb\"},\"inLanguage\":\"pt-BR\",\"potentialAction\":[{\"@type\":\"ReadAction\",\"target\":[\"https:\\\/\\\/www.yamasa.org\\\/pt\\\/location\\\/\"]}]},{\"@type\":\"ImageObject\",\"inLanguage\":\"pt-BR\",\"@id\":\"https:\\\/\\\/www.yamasa.org\\\/pt\\\/location\\\/#primaryimage\",\"url\":\"https:\\\/\\\/www.yamasa.org\\\/wp-content\\\/uploads\\\/2025\\\/11\\\/image-21.png\",\"contentUrl\":\"https:\\\/\\\/www.yamasa.org\\\/wp-content\\\/uploads\\\/2025\\\/11\\\/image-21.png\",\"width\":336,\"height\":336},{\"@type\":\"BreadcrumbList\",\"@id\":\"https:\\\/\\\/www.yamasa.org\\\/pt\\\/location\\\/#breadcrumb\",\"itemListElement\":[{\"@type\":\"ListItem\",\"position\":1,\"name\":\"\u30db\u30fc\u30e0\",\"item\":\"https:\\\/\\\/www.yamasa.org\\\/\"},{\"@type\":\"ListItem\",\"position\":2,\"name\":\"Localiza\u00e7\u00e3o\"}]},{\"@type\":\"WebSite\",\"@id\":\"https:\\\/\\\/www.yamasa.org\\\/#website\",\"url\":\"https:\\\/\\\/www.yamasa.org\\\/\",\"name\":\"YAMASA\u8a00\u8a9e \u8a8d\u5b9a\u6821\",\"description\":\"\",\"publisher\":{\"@id\":\"https:\\\/\\\/www.yamasa.org\\\/#organization\"},\"potentialAction\":[{\"@type\":\"SearchAction\",\"target\":{\"@type\":\"EntryPoint\",\"urlTemplate\":\"https:\\\/\\\/www.yamasa.org\\\/?s={search_term_string}\"},\"query-input\":{\"@type\":\"PropertyValueSpecification\",\"valueRequired\":true,\"valueName\":\"search_term_string\"}}],\"inLanguage\":\"pt-BR\"},{\"@type\":\"Organization\",\"@id\":\"https:\\\/\\\/www.yamasa.org\\\/#organization\",\"name\":\"YAMASA\u8a00\u8a9e \u8a8d\u5b9a\u6821\",\"url\":\"https:\\\/\\\/www.yamasa.org\\\/\",\"logo\":{\"@type\":\"ImageObject\",\"inLanguage\":\"pt-BR\",\"@id\":\"https:\\\/\\\/www.yamasa.org\\\/#\\\/schema\\\/logo\\\/image\\\/\",\"url\":\"https:\\\/\\\/www.yamasa.org\\\/wp-content\\\/uploads\\\/2025\\\/12\\\/image.png\",\"contentUrl\":\"https:\\\/\\\/www.yamasa.org\\\/wp-content\\\/uploads\\\/2025\\\/12\\\/image.png\",\"width\":480,\"height\":110,\"caption\":\"YAMASA\u8a00\u8a9e \u8a8d\u5b9a\u6821\"},\"image\":{\"@id\":\"https:\\\/\\\/www.yamasa.org\\\/#\\\/schema\\\/logo\\\/image\\\/\"},\"sameAs\":[\"https:\\\/\\\/www.facebook.com\\\/yamasainstitute\",\"https:\\\/\\\/x.com\\\/yamasa_ch\",\"https:\\\/\\\/www.instagram.com\\\/yamasainstitute\\\/\"]}]}<\/script>\n<!-- \/ Yoast SEO plugin. -->","yoast_head_json":{"title":"Localiza\u00e7\u00e3o - YAMASA\u8a00\u8a9e\u6587\u5316\u5b66\u9662(\u8a8d\u5b9a\u65e5\u672c\u8a9e\u5b66\u6821\u7533\u8acb\u4e2d 2026\u5e7410\u6708\u4e88\u5b9a)","robots":{"index":"index","follow":"follow","max-snippet":"max-snippet:-1","max-image-preview":"max-image-preview:large","max-video-preview":"max-video-preview:-1"},"canonical":"https:\/\/www.yamasa.org\/pt\/location\/","og_locale":"pt_BR","og_type":"article","og_title":"Localiza\u00e7\u00e3o - YAMASA\u8a00\u8a9e\u6587\u5316\u5b66\u9662(\u8a8d\u5b9a\u65e5\u672c\u8a9e\u5b66\u6821\u7533\u8acb\u4e2d 2026\u5e7410\u6708\u4e88\u5b9a)","og_description":"Localiza\u00e7\u00e3o A chave para melhorar a profici\u00eancia em japon\u00eas n\u00e3o \u00e9 apenas a \u201cqualidade\u201d dos cursos oferecidos pela institui\u00e7\u00e3o, mas tamb\u00e9m encontrar um ambiente de moradia confort\u00e1vel para estudar. Ao ingressar na YAMASA Institute, tudo isso pode ser facilmente alcan\u00e7ado. A cidade de Okazaki, onde a YAMASA est\u00e1 localizada, situa-se aproximadamente no centro do Jap\u00e3o, [&hellip;]","og_url":"https:\/\/www.yamasa.org\/pt\/location\/","og_site_name":"YAMASA\u8a00\u8a9e\u6587\u5316\u5b66\u9662(\u8a8d\u5b9a\u65e5\u672c\u8a9e\u5b66\u6821\u7533\u8acb\u4e2d 2026\u5e7410\u6708\u4e88\u5b9a)","article_publisher":"https:\/\/www.facebook.com\/yamasainstitute","article_modified_time":"2026-03-19T06:54:56+00:00","og_image":[{"width":336,"height":336,"url":"https:\/\/www.yamasa.org\/wp-content\/uploads\/2025\/11\/image-21.png","type":"image\/png"}],"twitter_card":"summary_large_image","twitter_site":"@yamasa_ch","twitter_misc":{"Est. tempo de leitura":"7 minutos"},"schema":{"@context":"https:\/\/schema.org","@graph":[{"@type":"WebPage","@id":"https:\/\/www.yamasa.org\/pt\/location\/","url":"https:\/\/www.yamasa.org\/pt\/location\/","name":"Localiza\u00e7\u00e3o - YAMASA\u8a00\u8a9e\u6587\u5316\u5b66\u9662(\u8a8d\u5b9a\u65e5\u672c\u8a9e\u5b66\u6821\u7533\u8acb\u4e2d 2026\u5e7410\u6708\u4e88\u5b9a)","isPartOf":{"@id":"https:\/\/www.yamasa.org\/#website"},"primaryImageOfPage":{"@id":"https:\/\/www.yamasa.org\/pt\/location\/#primaryimage"},"image":{"@id":"https:\/\/www.yamasa.org\/pt\/location\/#primaryimage"},"thumbnailUrl":"https:\/\/www.yamasa.org\/wp-content\/uploads\/2025\/11\/image-21-300x300.png","datePublished":"2026-03-19T06:52:20+00:00","dateModified":"2026-03-19T06:54:56+00:00","breadcrumb":{"@id":"https:\/\/www.yamasa.org\/pt\/location\/#breadcrumb"},"inLanguage":"pt-BR","potentialAction":[{"@type":"ReadAction","target":["https:\/\/www.yamasa.org\/pt\/location\/"]}]},{"@type":"ImageObject","inLanguage":"pt-BR","@id":"https:\/\/www.yamasa.org\/pt\/location\/#primaryimage","url":"https:\/\/www.yamasa.org\/wp-content\/uploads\/2025\/11\/image-21.png","contentUrl":"https:\/\/www.yamasa.org\/wp-content\/uploads\/2025\/11\/image-21.png","width":336,"height":336},{"@type":"BreadcrumbList","@id":"https:\/\/www.yamasa.org\/pt\/location\/#breadcrumb","itemListElement":[{"@type":"ListItem","position":1,"name":"\u30db\u30fc\u30e0","item":"https:\/\/www.yamasa.org\/"},{"@type":"ListItem","position":2,"name":"Localiza\u00e7\u00e3o"}]},{"@type":"WebSite","@id":"https:\/\/www.yamasa.org\/#website","url":"https:\/\/www.yamasa.org\/","name":"YAMASA\u8a00\u8a9e \u8a8d\u5b9a\u6821","description":"","publisher":{"@id":"https:\/\/www.yamasa.org\/#organization"},"potentialAction":[{"@type":"SearchAction","target":{"@type":"EntryPoint","urlTemplate":"https:\/\/www.yamasa.org\/?s={search_term_string}"},"query-input":{"@type":"PropertyValueSpecification","valueRequired":true,"valueName":"search_term_string"}}],"inLanguage":"pt-BR"},{"@type":"Organization","@id":"https:\/\/www.yamasa.org\/#organization","name":"YAMASA\u8a00\u8a9e \u8a8d\u5b9a\u6821","url":"https:\/\/www.yamasa.org\/","logo":{"@type":"ImageObject","inLanguage":"pt-BR","@id":"https:\/\/www.yamasa.org\/#\/schema\/logo\/image\/","url":"https:\/\/www.yamasa.org\/wp-content\/uploads\/2025\/12\/image.png","contentUrl":"https:\/\/www.yamasa.org\/wp-content\/uploads\/2025\/12\/image.png","width":480,"height":110,"caption":"YAMASA\u8a00\u8a9e \u8a8d\u5b9a\u6821"},"image":{"@id":"https:\/\/www.yamasa.org\/#\/schema\/logo\/image\/"},"sameAs":["https:\/\/www.facebook.com\/yamasainstitute","https:\/\/x.com\/yamasa_ch","https:\/\/www.instagram.com\/yamasainstitute\/"]}]}},"_links":{"self":[{"href":"https:\/\/www.yamasa.org\/wp-json\/wp\/v2\/pages\/3173","targetHints":{"allow":["GET"]}}],"collection":[{"href":"https:\/\/www.yamasa.org\/wp-json\/wp\/v2\/pages"}],"about":[{"href":"https:\/\/www.yamasa.org\/wp-json\/wp\/v2\/types\/page"}],"author":[{"embeddable":true,"href":"https:\/\/www.yamasa.org\/wp-json\/wp\/v2\/users\/9"}],"replies":[{"embeddable":true,"href":"https:\/\/www.yamasa.org\/wp-json\/wp\/v2\/comments?post=3173"}],"version-history":[{"count":1,"href":"https:\/\/www.yamasa.org\/wp-json\/wp\/v2\/pages\/3173\/revisions"}],"predecessor-version":[{"id":3174,"href":"https:\/\/www.yamasa.org\/wp-json\/wp\/v2\/pages\/3173\/revisions\/3174"}],"wp:attachment":[{"href":"https:\/\/www.yamasa.org\/wp-json\/wp\/v2\/media?parent=3173"}],"curies":[{"name":"wp","href":"https:\/\/api.w.org\/{rel}","templated":true}]}}