{"id":3169,"date":"2026-03-19T15:48:25","date_gmt":"2026-03-19T06:48:25","guid":{"rendered":"https:\/\/www.yamasa.org\/?page_id=3169"},"modified":"2026-04-02T11:39:47","modified_gmt":"2026-04-02T02:39:47","slug":"philosophy","status":"publish","type":"page","link":"https:\/\/www.yamasa.org\/pt\/philosophy\/","title":{"rendered":"Filosofia, prop\u00f3sito e objetivos da YAMASA"},"content":{"rendered":"\n<h2 class=\"wp-block-heading\"><strong>Princ\u00edpios Fundamentais<\/strong><\/h2>\n\n\n\n<p><strong>\u201cA harmonia \u00e9 o valor supremo\u201d<\/strong><br>Nosso objetivo \u00e9 criar um ambiente onde pessoas de diferentes origens e culturas possam se encontrar, compreender e respeitar umas \u00e0s outras por meio da l\u00edngua japonesa, cultivando o esp\u00edrito de \u201charmonia\u201d e crescendo juntas.<\/p>\n\n\n\n<h2 class=\"wp-block-heading\"><strong>Objetivo<\/strong><\/h2>\n\n\n\n<p>Nosso objetivo \u00e9 contribuir para a realiza\u00e7\u00e3o de um interc\u00e2mbio internacional sustent\u00e1vel e de uma sociedade multicultural baseada na conviv\u00eancia, oferecendo educa\u00e7\u00e3o de l\u00edngua japonesa de alta qualidade e promovendo o esp\u00edrito de compreens\u00e3o m\u00fatua entre os alunos.<\/p>\n\n\n\n<h2 class=\"wp-block-heading\"><strong>Metas<\/strong><\/h2>\n\n\n\n<ol class=\"wp-block-list\">\n<li><strong>Compreens\u00e3o Cultural:<\/strong> Formar pessoas que busquem compreender a cultura e os valores que fundamentam a sociedade japonesa.<\/li>\n\n\n\n<li><strong>Conviv\u00eancia e Contribui\u00e7\u00e3o:<\/strong> Formar pessoas que valorizem a diversidade, desenvolvam suas pr\u00f3prias capacidades para contribuir com a sociedade internacional e reconhe\u00e7am as habilidades dos outros.<\/li>\n\n\n\n<li><strong>Capacidade de Comunica\u00e7\u00e3o:<\/strong> Formar pessoas que consigam expressar suas pr\u00f3prias ideias, respeitando os outros.<\/li>\n<\/ol>\n\n\n\n<p><\/p>\n\n\n\n<p><\/p>\n\n\n\n<h6 class=\"wp-block-heading\"><\/h6>\n\n\n\n<h6 class=\"wp-block-heading\"><\/h6>\n\n\n\n<p><\/p>\n\n\n\n<p>\u3000\u3000\u3000\u3000<\/p>\n\n\n\n<p><\/p>\n\n\n\n<p><\/p>\n\n\n\n<p><\/p>\n\n\n\n<p>Para alcan\u00e7ar os objetivos educacionais acima, valorizamos acima de tudo \u201cter valor\u201d e \u201cser sincero\u201d, e nos esfor\u00e7amos para oferecer consistentemente os tr\u00eas servi\u00e7os a seguir.<\/p>\n\n\n\n<p><\/p>\n\n\n\n<h3 class=\"wp-block-heading\"><strong>Empatia e Hospitalidade<\/strong><\/h3>\n\n\n\n<p>Todos os professores e funcion\u00e1rios se esfor\u00e7am para se comunicar com cada aluno individualmente, demonstrando aten\u00e7\u00e3o e compreens\u00e3o genu\u00edna. N\u00e3o apenas em sala de aula, mas tamb\u00e9m em aspectos da vida cotidiana e nos planos futuros, buscamos oferecer um suporte pr\u00f3ximo e dedicado.<\/p>\n\n\n\n<p><\/p>\n\n\n\n<h3 class=\"wp-block-heading\"><strong>Educa\u00e7\u00e3o e Servi\u00e7os de Alta Qualidade<\/strong><\/h3>\n\n\n\n<p>A YAMASA tem oferecido, ao longo de muitos anos, programas de ensino de japon\u00eas e servi\u00e7os ao cliente de alta qualidade, sendo altamente avaliada tanto no Jap\u00e3o quanto no exterior. Continuaremos a proporcionar oportunidades enriquecedoras de aprendizado do japon\u00eas, juntamente com um atendimento atencioso e um ambiente de vida seguro e confort\u00e1vel.<\/p>\n\n\n\n<p><\/p>\n\n\n\n<h3 class=\"wp-block-heading\"><strong>Respeito e Aceita\u00e7\u00e3o da Diversidade<\/strong><\/h3>\n\n\n\n<p>Desde a funda\u00e7\u00e3o da YAMASA, temos orgulho de receber estudantes de aproximadamente 100 pa\u00edses ao redor do mundo. Para atender a essa diversidade, nos esfor\u00e7amos ao m\u00e1ximo para oferecer uma educa\u00e7\u00e3o que corresponda aos objetivos individuais de aprendizado de cada aluno.<\/p>\n","protected":false},"excerpt":{"rendered":"<p>Princ\u00edpios Fundamentais \u201cA harmonia \u00e9 o valor supremo\u201dNosso objetivo \u00e9 criar um ambiente onde pessoas de diferentes origens e culturas possam se encontrar, compreender e respeitar umas \u00e0s outras por meio da l\u00edngua japonesa, cultivando o esp\u00edrito de \u201charmonia\u201d e crescendo juntas. Objetivo Nosso objetivo \u00e9 contribuir para a realiza\u00e7\u00e3o de um interc\u00e2mbio internacional sustent\u00e1vel [&hellip;]<\/p>\n","protected":false},"author":9,"featured_media":0,"parent":0,"menu_order":3,"comment_status":"closed","ping_status":"closed","template":"","meta":{"_locale":"pt_BR","_original_post":"https:\/\/www2.yamasa.org\/?page_id=12","footnotes":""},"class_list":["post-3169","page","type-page","status-publish","hentry","pt-BR"],"yoast_head":"<!-- This site is optimized with the Yoast SEO plugin v27.4 - https:\/\/yoast.com\/product\/yoast-seo-wordpress\/ -->\n<title>Filosofia, prop\u00f3sito e objetivos da YAMASA - YAMASA\u8a00\u8a9e\u6587\u5316\u5b66\u9662(\u8a8d\u5b9a\u65e5\u672c\u8a9e\u5b66\u6821\u7533\u8acb\u4e2d 2026\u5e7410\u6708\u4e88\u5b9a)<\/title>\n<meta name=\"robots\" content=\"index, follow, max-snippet:-1, max-image-preview:large, max-video-preview:-1\" \/>\n<link rel=\"canonical\" href=\"https:\/\/www.yamasa.org\/pt\/philosophy\/\" \/>\n<meta property=\"og:locale\" content=\"pt_BR\" \/>\n<meta property=\"og:type\" content=\"article\" \/>\n<meta property=\"og:title\" content=\"Filosofia, prop\u00f3sito e objetivos da YAMASA - YAMASA\u8a00\u8a9e\u6587\u5316\u5b66\u9662(\u8a8d\u5b9a\u65e5\u672c\u8a9e\u5b66\u6821\u7533\u8acb\u4e2d 2026\u5e7410\u6708\u4e88\u5b9a)\" \/>\n<meta property=\"og:description\" content=\"Princ\u00edpios Fundamentais \u201cA harmonia \u00e9 o valor supremo\u201dNosso objetivo \u00e9 criar um ambiente onde pessoas de diferentes origens e culturas possam se encontrar, compreender e respeitar umas \u00e0s outras por meio da l\u00edngua japonesa, cultivando o esp\u00edrito de \u201charmonia\u201d e crescendo juntas. Objetivo Nosso objetivo \u00e9 contribuir para a realiza\u00e7\u00e3o de um interc\u00e2mbio internacional sustent\u00e1vel [&hellip;]\" \/>\n<meta property=\"og:url\" content=\"https:\/\/www.yamasa.org\/pt\/philosophy\/\" \/>\n<meta property=\"og:site_name\" content=\"YAMASA\u8a00\u8a9e\u6587\u5316\u5b66\u9662(\u8a8d\u5b9a\u65e5\u672c\u8a9e\u5b66\u6821\u7533\u8acb\u4e2d 2026\u5e7410\u6708\u4e88\u5b9a)\" \/>\n<meta property=\"article:publisher\" content=\"https:\/\/www.facebook.com\/yamasainstitute\" \/>\n<meta property=\"article:modified_time\" content=\"2026-04-02T02:39:47+00:00\" \/>\n<meta name=\"twitter:card\" content=\"summary_large_image\" \/>\n<meta name=\"twitter:site\" content=\"@yamasa_ch\" \/>\n<meta name=\"twitter:label1\" content=\"Est. tempo de leitura\" \/>\n\t<meta name=\"twitter:data1\" content=\"6 minutos\" \/>\n<script type=\"application\/ld+json\" class=\"yoast-schema-graph\">{\"@context\":\"https:\\\/\\\/schema.org\",\"@graph\":[{\"@type\":\"WebPage\",\"@id\":\"https:\\\/\\\/www.yamasa.org\\\/pt\\\/philosophy\\\/\",\"url\":\"https:\\\/\\\/www.yamasa.org\\\/pt\\\/philosophy\\\/\",\"name\":\"Filosofia, prop\u00f3sito e objetivos da YAMASA - YAMASA\u8a00\u8a9e\u6587\u5316\u5b66\u9662(\u8a8d\u5b9a\u65e5\u672c\u8a9e\u5b66\u6821\u7533\u8acb\u4e2d 2026\u5e7410\u6708\u4e88\u5b9a)\",\"isPartOf\":{\"@id\":\"https:\\\/\\\/www.yamasa.org\\\/#website\"},\"datePublished\":\"2026-03-19T06:48:25+00:00\",\"dateModified\":\"2026-04-02T02:39:47+00:00\",\"breadcrumb\":{\"@id\":\"https:\\\/\\\/www.yamasa.org\\\/pt\\\/philosophy\\\/#breadcrumb\"},\"inLanguage\":\"pt-BR\",\"potentialAction\":[{\"@type\":\"ReadAction\",\"target\":[\"https:\\\/\\\/www.yamasa.org\\\/pt\\\/philosophy\\\/\"]}]},{\"@type\":\"BreadcrumbList\",\"@id\":\"https:\\\/\\\/www.yamasa.org\\\/pt\\\/philosophy\\\/#breadcrumb\",\"itemListElement\":[{\"@type\":\"ListItem\",\"position\":1,\"name\":\"\u30db\u30fc\u30e0\",\"item\":\"https:\\\/\\\/www.yamasa.org\\\/\"},{\"@type\":\"ListItem\",\"position\":2,\"name\":\"Filosofia, prop\u00f3sito e objetivos da YAMASA\"}]},{\"@type\":\"WebSite\",\"@id\":\"https:\\\/\\\/www.yamasa.org\\\/#website\",\"url\":\"https:\\\/\\\/www.yamasa.org\\\/\",\"name\":\"YAMASA\u8a00\u8a9e \u8a8d\u5b9a\u6821\",\"description\":\"\",\"publisher\":{\"@id\":\"https:\\\/\\\/www.yamasa.org\\\/#organization\"},\"potentialAction\":[{\"@type\":\"SearchAction\",\"target\":{\"@type\":\"EntryPoint\",\"urlTemplate\":\"https:\\\/\\\/www.yamasa.org\\\/?s={search_term_string}\"},\"query-input\":{\"@type\":\"PropertyValueSpecification\",\"valueRequired\":true,\"valueName\":\"search_term_string\"}}],\"inLanguage\":\"pt-BR\"},{\"@type\":\"Organization\",\"@id\":\"https:\\\/\\\/www.yamasa.org\\\/#organization\",\"name\":\"YAMASA\u8a00\u8a9e \u8a8d\u5b9a\u6821\",\"url\":\"https:\\\/\\\/www.yamasa.org\\\/\",\"logo\":{\"@type\":\"ImageObject\",\"inLanguage\":\"pt-BR\",\"@id\":\"https:\\\/\\\/www.yamasa.org\\\/#\\\/schema\\\/logo\\\/image\\\/\",\"url\":\"https:\\\/\\\/www.yamasa.org\\\/wp-content\\\/uploads\\\/2025\\\/12\\\/image.png\",\"contentUrl\":\"https:\\\/\\\/www.yamasa.org\\\/wp-content\\\/uploads\\\/2025\\\/12\\\/image.png\",\"width\":480,\"height\":110,\"caption\":\"YAMASA\u8a00\u8a9e \u8a8d\u5b9a\u6821\"},\"image\":{\"@id\":\"https:\\\/\\\/www.yamasa.org\\\/#\\\/schema\\\/logo\\\/image\\\/\"},\"sameAs\":[\"https:\\\/\\\/www.facebook.com\\\/yamasainstitute\",\"https:\\\/\\\/x.com\\\/yamasa_ch\",\"https:\\\/\\\/www.instagram.com\\\/yamasainstitute\\\/\"]}]}<\/script>\n<!-- \/ Yoast SEO plugin. -->","yoast_head_json":{"title":"Filosofia, prop\u00f3sito e objetivos da YAMASA - YAMASA\u8a00\u8a9e\u6587\u5316\u5b66\u9662(\u8a8d\u5b9a\u65e5\u672c\u8a9e\u5b66\u6821\u7533\u8acb\u4e2d 2026\u5e7410\u6708\u4e88\u5b9a)","robots":{"index":"index","follow":"follow","max-snippet":"max-snippet:-1","max-image-preview":"max-image-preview:large","max-video-preview":"max-video-preview:-1"},"canonical":"https:\/\/www.yamasa.org\/pt\/philosophy\/","og_locale":"pt_BR","og_type":"article","og_title":"Filosofia, prop\u00f3sito e objetivos da YAMASA - YAMASA\u8a00\u8a9e\u6587\u5316\u5b66\u9662(\u8a8d\u5b9a\u65e5\u672c\u8a9e\u5b66\u6821\u7533\u8acb\u4e2d 2026\u5e7410\u6708\u4e88\u5b9a)","og_description":"Princ\u00edpios Fundamentais \u201cA harmonia \u00e9 o valor supremo\u201dNosso objetivo \u00e9 criar um ambiente onde pessoas de diferentes origens e culturas possam se encontrar, compreender e respeitar umas \u00e0s outras por meio da l\u00edngua japonesa, cultivando o esp\u00edrito de \u201charmonia\u201d e crescendo juntas. Objetivo Nosso objetivo \u00e9 contribuir para a realiza\u00e7\u00e3o de um interc\u00e2mbio internacional sustent\u00e1vel [&hellip;]","og_url":"https:\/\/www.yamasa.org\/pt\/philosophy\/","og_site_name":"YAMASA\u8a00\u8a9e\u6587\u5316\u5b66\u9662(\u8a8d\u5b9a\u65e5\u672c\u8a9e\u5b66\u6821\u7533\u8acb\u4e2d 2026\u5e7410\u6708\u4e88\u5b9a)","article_publisher":"https:\/\/www.facebook.com\/yamasainstitute","article_modified_time":"2026-04-02T02:39:47+00:00","twitter_card":"summary_large_image","twitter_site":"@yamasa_ch","twitter_misc":{"Est. tempo de leitura":"6 minutos"},"schema":{"@context":"https:\/\/schema.org","@graph":[{"@type":"WebPage","@id":"https:\/\/www.yamasa.org\/pt\/philosophy\/","url":"https:\/\/www.yamasa.org\/pt\/philosophy\/","name":"Filosofia, prop\u00f3sito e objetivos da YAMASA - YAMASA\u8a00\u8a9e\u6587\u5316\u5b66\u9662(\u8a8d\u5b9a\u65e5\u672c\u8a9e\u5b66\u6821\u7533\u8acb\u4e2d 2026\u5e7410\u6708\u4e88\u5b9a)","isPartOf":{"@id":"https:\/\/www.yamasa.org\/#website"},"datePublished":"2026-03-19T06:48:25+00:00","dateModified":"2026-04-02T02:39:47+00:00","breadcrumb":{"@id":"https:\/\/www.yamasa.org\/pt\/philosophy\/#breadcrumb"},"inLanguage":"pt-BR","potentialAction":[{"@type":"ReadAction","target":["https:\/\/www.yamasa.org\/pt\/philosophy\/"]}]},{"@type":"BreadcrumbList","@id":"https:\/\/www.yamasa.org\/pt\/philosophy\/#breadcrumb","itemListElement":[{"@type":"ListItem","position":1,"name":"\u30db\u30fc\u30e0","item":"https:\/\/www.yamasa.org\/"},{"@type":"ListItem","position":2,"name":"Filosofia, prop\u00f3sito e objetivos da YAMASA"}]},{"@type":"WebSite","@id":"https:\/\/www.yamasa.org\/#website","url":"https:\/\/www.yamasa.org\/","name":"YAMASA\u8a00\u8a9e \u8a8d\u5b9a\u6821","description":"","publisher":{"@id":"https:\/\/www.yamasa.org\/#organization"},"potentialAction":[{"@type":"SearchAction","target":{"@type":"EntryPoint","urlTemplate":"https:\/\/www.yamasa.org\/?s={search_term_string}"},"query-input":{"@type":"PropertyValueSpecification","valueRequired":true,"valueName":"search_term_string"}}],"inLanguage":"pt-BR"},{"@type":"Organization","@id":"https:\/\/www.yamasa.org\/#organization","name":"YAMASA\u8a00\u8a9e \u8a8d\u5b9a\u6821","url":"https:\/\/www.yamasa.org\/","logo":{"@type":"ImageObject","inLanguage":"pt-BR","@id":"https:\/\/www.yamasa.org\/#\/schema\/logo\/image\/","url":"https:\/\/www.yamasa.org\/wp-content\/uploads\/2025\/12\/image.png","contentUrl":"https:\/\/www.yamasa.org\/wp-content\/uploads\/2025\/12\/image.png","width":480,"height":110,"caption":"YAMASA\u8a00\u8a9e \u8a8d\u5b9a\u6821"},"image":{"@id":"https:\/\/www.yamasa.org\/#\/schema\/logo\/image\/"},"sameAs":["https:\/\/www.facebook.com\/yamasainstitute","https:\/\/x.com\/yamasa_ch","https:\/\/www.instagram.com\/yamasainstitute\/"]}]}},"_links":{"self":[{"href":"https:\/\/www.yamasa.org\/wp-json\/wp\/v2\/pages\/3169","targetHints":{"allow":["GET"]}}],"collection":[{"href":"https:\/\/www.yamasa.org\/wp-json\/wp\/v2\/pages"}],"about":[{"href":"https:\/\/www.yamasa.org\/wp-json\/wp\/v2\/types\/page"}],"author":[{"embeddable":true,"href":"https:\/\/www.yamasa.org\/wp-json\/wp\/v2\/users\/9"}],"replies":[{"embeddable":true,"href":"https:\/\/www.yamasa.org\/wp-json\/wp\/v2\/comments?post=3169"}],"version-history":[{"count":2,"href":"https:\/\/www.yamasa.org\/wp-json\/wp\/v2\/pages\/3169\/revisions"}],"predecessor-version":[{"id":3698,"href":"https:\/\/www.yamasa.org\/wp-json\/wp\/v2\/pages\/3169\/revisions\/3698"}],"wp:attachment":[{"href":"https:\/\/www.yamasa.org\/wp-json\/wp\/v2\/media?parent=3169"}],"curies":[{"name":"wp","href":"https:\/\/api.w.org\/{rel}","templated":true}]}}