{"id":3153,"date":"2026-03-19T15:29:35","date_gmt":"2026-03-19T06:29:35","guid":{"rendered":"https:\/\/www.yamasa.org\/?page_id=3153"},"modified":"2026-03-19T15:40:02","modified_gmt":"2026-03-19T06:40:02","slug":"home","status":"publish","type":"page","link":"https:\/\/www.yamasa.org\/pt\/home\/","title":{"rendered":"Bem-vindo \u00e0 YAMASA"},"content":{"rendered":"\n<figure class=\"wp-block-image alignwide size-full\" style=\"margin-top:0;margin-bottom:var(--wp--preset--spacing--50)\"><img loading=\"lazy\" decoding=\"async\" width=\"957\" height=\"346\" src=\"\/wp-content\/uploads\/2025\/11\/image.png\" alt=\"\" class=\"wp-image-100\" srcset=\"https:\/\/www.yamasa.org\/wp-content\/uploads\/2025\/11\/image.png 957w, https:\/\/www.yamasa.org\/wp-content\/uploads\/2025\/11\/image-300x108.png 300w, https:\/\/www.yamasa.org\/wp-content\/uploads\/2025\/11\/image-768x278.png 768w\" sizes=\"auto, (max-width: 957px) 100vw, 957px\" \/><\/figure>\n\n\n\n<div class=\"wp-block-group is-layout-flow wp-block-group-is-layout-flow\">\n<style>\n\/* \u304a\u77e5\u3089\u305b\u30a8\u30ea\u30a2\u5168\u4f53\u306e\u30b9\u30bf\u30a4\u30eb *\/\n.yamasa-notice-container {\n    background-color: #f9f9f9; \/* \u80cc\u666f\u8272\uff1a\u8584\u3044\u30b0\u30ec\u30fc *\/\n    border: 1px solid #ddd;\n    border-radius: 8px;\n    padding: 20px;\n    margin: 20px auto;\n    max-width: 1000px;\n    font-family: \"Helvetica Neue\", Arial, sans-serif;\n    line-height: 1.6;\n    color: #333;\n}\n\n\/* \u5404\u8a00\u8a9e\u30d6\u30ed\u30c3\u30af\u306e\u30b9\u30bf\u30a4\u30eb *\/\n.yamasa-lang-section {\n    padding: 20px 0;\n    border-bottom: 1px solid #eee;\n}\n\n.yamasa-lang-section:last-child {\n    border-bottom: none;\n}\n\n\/* \u898b\u51fa\u3057\u306e\u30b9\u30bf\u30a4\u30eb *\/\n.yamasa-notice-title {\n    font-weight: bold;\n    font-size: 1.1em;\n    margin-bottom: 10px;\n    color: #003366; \/* YAMASA\u30d6\u30eb\u30fc\u7cfb\u306e\u8272 *\/\n}\n\n\/* \u672c\u6587\u306e\u30b9\u30bf\u30a4\u30eb *\/\n.yamasa-notice-text {\n    margin-bottom: 15px;\n    font-size: 0.95em;\n}\n\n\/* \u30ea\u30f3\u30af\u30dc\u30bf\u30f3\u30a8\u30ea\u30a2 *\/\n.yamasa-link-area {\n    display: flex;\n    flex-wrap: wrap;\n    gap: 15px;\n    margin-top: 15px;\n}\n\n\/* \u30e1\u30a4\u30f3\u30dc\u30bf\u30f3\uff08\u7533\u3057\u8fbc\u307f\u30da\u30fc\u30b8\uff09 *\/\n.btn-yamasa-primary {\n    display: inline-block;\n    background-color: #d32f2f; \/* \u76ee\u7acb\u3064\u8d64\u8272 *\/\n    color: #fff !important;\n    padding: 10px 20px;\n    text-decoration: none;\n    border-radius: 4px;\n    font-weight: bold;\n    text-align: center;\n    transition: background-color 0.3s;\n}\n\n.btn-yamasa-primary:hover {\n    background-color: #b71c1c;\n}\n\n\/* \u30b5\u30d6\u30ea\u30f3\u30af\uff08\u65e7\u30b5\u30a4\u30c8\uff09 *\/\n.link-yamasa-secondary {\n    display: inline-block;\n    padding: 10px 0;\n    color: #0066cc;\n    text-decoration: underline;\n    font-weight: bold;\n}\n\n.link-yamasa-secondary:hover {\n    text-decoration: none;\n    color: #003366;\n}\n\n\/* \u30b9\u30de\u30db\u5411\u3051\u306e\u8abf\u6574 *\/\n@media (max-width: 600px) {\n    .yamasa-link-area {\n        flex-direction: column;\n        gap: 10px;\n    }\n    .btn-yamasa-primary, .link-yamasa-secondary {\n        width: 100%;\n        box-sizing: border-box;\n    }\n}\n<\/style>\n\n<div class=\"yamasa-notice-container\">\n\n    <div class=\"yamasa-lang-section\">\n        <div class=\"yamasa-notice-title\">Aviso Importante: Renova\u00e7\u00e3o do Site e Admiss\u00f5es para Outubro de 2026<\/div>\n        <div class=\"yamasa-notice-text\">\n            O Instituto YAMASA est\u00e1 em processo de solicita\u00e7\u00e3o de credenciamento junto ao MEXT para outubro de 2026. Este \u00e9 um novo site dedicado \u00e0s admiss\u00f5es para outubro de 2026. Como a p\u00e1gina ainda est\u00e1 em desenvolvimento, o conte\u00fado est\u00e1 dispon\u00edvel <strong>apenas em japon\u00eas<\/strong>.\n        <\/div>\n        <div class=\"yamasa-link-area\">\n            <a href=\"https:\/\/www.yamasa.org\/pt\/apply\/\" class=\"btn-yamasa-primary\">\n                Inscri\u00e7\u00e3o para Outubro de 2026 &raquo;\n            <\/a>\n            <a href=\"https:\/\/www.yamasa.biz\/\" class=\"link-yamasa-secondary\">\n                Para Informa\u00e7\u00f5es Gerais (Visite o site anterior)\n            <\/a>\n        <\/div>\n    <\/div>\n<\/div>\n\n\n\n<p><\/p>\n\n\n\n<div class=\"wp-block-columns is-layout-flex wp-container-core-columns-is-layout-34eb0de6 wp-block-columns-is-layout-flex\">\n<div class=\"wp-block-column is-layout-flow wp-block-column-is-layout-flow\">\n<div class=\"wp-block-media-text has-media-on-the-right is-stacked-on-mobile has-background\" style=\"background-color:#e5e5e5;margin-top:5px;margin-right:0;margin-bottom:5px;margin-left:0;padding-top:0;padding-right:0;padding-left:0;grid-template-columns:auto 27%\"><div class=\"wp-block-media-text__content\">\n<p style=\"padding-top:0;padding-right:0;padding-bottom:0\"><a href=\"\/pt\/features\/\"><strong>Por que escolher a YAMASA<\/strong><br>Descubra os muitos atrativos da YAMASA, onde estudantes v\u00eam de todo o mundo.<\/a><\/p>\n<\/div><figure class=\"wp-block-media-text__media\"><a href=\"\/features\/\"><img loading=\"lazy\" decoding=\"async\" width=\"211\" height=\"209\" src=\"\/wp-content\/uploads\/2025\/11\/image-4.png\" alt=\"\" class=\"wp-image-279 size-full\" srcset=\"https:\/\/www.yamasa.org\/wp-content\/uploads\/2025\/11\/image-4.png 211w, https:\/\/www.yamasa.org\/wp-content\/uploads\/2025\/11\/image-4-150x150.png 150w\" sizes=\"auto, (max-width: 211px) 100vw, 211px\" \/><\/a><\/figure><\/div>\n\n\n\n<div class=\"wp-block-media-text has-media-on-the-right is-stacked-on-mobile has-background\" style=\"background-color:#e5e5e5;margin-top:5px;margin-right:0;margin-bottom:5px;margin-left:0;padding-top:0;padding-right:0;padding-bottom:0;padding-left:0;grid-template-columns:auto 27%\"><div class=\"wp-block-media-text__content\">\n<p style=\"padding-top:0;padding-right:0;padding-bottom:0\"><a href=\"\/pt\/location\/\"><strong>Localiza\u00e7\u00e3o<\/strong><br>A YAMASA est\u00e1 localizada na cidade de Okazaki, no centro do Jap\u00e3o.<\/a><\/p>\n<\/div><figure class=\"wp-block-media-text__media\"><a href=\"\/location\/\"><img loading=\"lazy\" decoding=\"async\" width=\"131\" height=\"130\" src=\"\/wp-content\/uploads\/2025\/11\/image-6.png\" alt=\"\" class=\"wp-image-294 size-full\"\/><\/a><\/figure><\/div>\n\n\n\n<div class=\"wp-block-media-text has-media-on-the-right is-stacked-on-mobile has-background\" style=\"background-color:#e5e5e5;margin-top:0;margin-right:0;margin-bottom:0;margin-left:0;padding-top:0;padding-right:0;padding-bottom:0;padding-left:0;grid-template-columns:auto 27%\"><div class=\"wp-block-media-text__content\">\n<p style=\"padding-top:0;padding-right:0;padding-bottom:0\"><a href=\"\/pt\/campus\/\"><strong>Guia do Campus<\/strong><br>Explore nossas excelentes instala\u00e7\u00f5es, incluindo um caf\u00e9 e uma academia.<\/a><\/p>\n<\/div><figure class=\"wp-block-media-text__media\"><a href=\"\/campus\/\"><img loading=\"lazy\" decoding=\"async\" width=\"131\" height=\"129\" src=\"\/wp-content\/uploads\/2025\/11\/image-8.png\" alt=\"\" class=\"wp-image-296 size-full\"\/><\/a><\/figure><\/div>\n\n\n\n<div class=\"wp-block-media-text has-media-on-the-right is-stacked-on-mobile has-background\" style=\"background-color:#e5e5e5;margin-top:5px;margin-right:0;margin-bottom:5px;margin-left:0;padding-top:0;padding-right:0;padding-bottom:0;padding-left:0;grid-template-columns:auto 27%\"><div class=\"wp-block-media-text__content\">\n<p style=\"padding-top:0;padding-right:0;padding-bottom:0\"><a href=\"http:\/\/domino.yamasa.group\/ocjs\/kanjidic.nsf\/SortedByKanji2THPortuguese?OpenView\"><strong>Dicion\u00e1rio de Kanji<\/strong><br>Um dicion\u00e1rio online de kanji oferecido pela YAMASA.<\/a><\/p>\n<\/div><figure class=\"wp-block-media-text__media\"><a href=\"http:\/\/domino.yamasa.group\/ocjs\/kanjidic.nsf\/SortedByKanji2THEnglish?OpenView\"><img loading=\"lazy\" decoding=\"async\" width=\"147\" height=\"152\" src=\"\/wp-content\/uploads\/2025\/11\/image-10.png\" alt=\"\" class=\"wp-image-298 size-full\"\/><\/a><\/figure><\/div>\n<\/div>\n\n\n\n<div class=\"wp-block-column is-layout-flow wp-block-column-is-layout-flow\">\n<div class=\"wp-block-media-text has-media-on-the-right is-stacked-on-mobile has-background\" style=\"background-color:#e5e5e5;margin-top:5px;margin-right:0;margin-bottom:5px;margin-left:0;padding-top:0;padding-right:0;padding-bottom:0;padding-left:0;grid-template-columns:auto 27%\"><div class=\"wp-block-media-text__content\">\n<p style=\"padding-top:0;padding-right:0;padding-bottom:0\"><a href=\"\/pt\/course\/\"><strong>Cursos<\/strong><br>A YAMASA oferece uma variedade de cursos.<\/a><\/p>\n<\/div><figure class=\"wp-block-media-text__media\"><a href=\"\/courses-overview\/\"><img loading=\"lazy\" decoding=\"async\" width=\"134\" height=\"132\" src=\"\/wp-content\/uploads\/2025\/11\/image-5.png\" alt=\"\" class=\"wp-image-292 size-full\"\/><\/a><\/figure><\/div>\n\n\n\n<div class=\"wp-block-media-text has-media-on-the-right is-stacked-on-mobile has-background\" style=\"background-color:#e5e5e5;margin-top:5px;margin-right:0;margin-bottom:5px;margin-left:0;padding-top:0;padding-right:0;padding-bottom:0;padding-left:0;grid-template-columns:auto 27%\"><div class=\"wp-block-media-text__content\">\n<p style=\"padding-top:0;padding-right:0;padding-bottom:0\"><a href=\"\/pt\/accommodation-overview\/\"><strong>Alojamento<\/strong><br>A YAMASA oferece uma variedade de moradias seguras e confort\u00e1veis.<\/a><\/p>\n<\/div><figure class=\"wp-block-media-text__media\"><a href=\"\/accommodation-overview\/\"><img loading=\"lazy\" decoding=\"async\" width=\"170\" height=\"113\" src=\"\/wp-content\/uploads\/2025\/11\/fac_thum01.jpg\" alt=\"\" class=\"wp-image-209 size-full\"\/><\/a><\/figure><\/div>\n\n\n\n<div class=\"wp-block-media-text has-media-on-the-right is-stacked-on-mobile has-background\" style=\"background-color:#e5e5e5;margin-top:5px;margin-right:0;margin-bottom:5px;margin-left:0;padding-top:0;padding-right:0;padding-bottom:0;padding-left:0;grid-template-columns:auto 27%\"><div class=\"wp-block-media-text__content\">\n<p><a href=\"\/pt\/yamasaday\/\"><strong>Vida Estudantil<\/strong><br>Viva no Jap\u00e3o e estude japon\u00eas.<br>D\u00ea uma olhada na vida estudantil!<\/a><\/p>\n<\/div><figure class=\"wp-block-media-text__media\"><a href=\"\/yamasaday\/\"><img loading=\"lazy\" decoding=\"async\" width=\"147\" height=\"148\" src=\"\/wp-content\/uploads\/2025\/11\/image-9.png\" alt=\"\" class=\"wp-image-297 size-full\"\/><\/a><\/figure><\/div>\n\n\n\n<div class=\"wp-block-media-text has-media-on-the-right is-stacked-on-mobile has-background\" style=\"background-color:#e5e5e5;margin-top:5px;margin-right:0;margin-bottom:5px;margin-left:0;padding-top:0;padding-right:0;padding-bottom:0;padding-left:0;grid-template-columns:auto 27%\"><div class=\"wp-block-media-text__content\">\n<p style=\"padding-top:0;padding-right:0;padding-bottom:0\"><a href=\"\/pt\/alumni\/\" target=\"_blank\" rel=\"noreferrer noopener\"><strong>Ex-alunos<\/strong><br>Conhe\u00e7a nossos ex-alunos, que deixaram sua marca em muitas \u00e1reas diferentes.<\/a><\/p>\n<\/div><figure class=\"wp-block-media-text__media\"><a href=\"\/alumni\/\"><img loading=\"lazy\" decoding=\"async\" width=\"150\" height=\"146\" src=\"\/wp-content\/uploads\/2025\/11\/image-11.png\" alt=\"\" class=\"wp-image-299 size-full\"\/><\/a><\/figure><\/div>\n<\/div>\n<\/div>\n\n\n\n<div class=\"wp-block-columns is-layout-flex wp-container-core-columns-is-layout-ec1ca911 wp-block-columns-is-layout-flex\" style=\"margin-bottom:var(--wp--preset--spacing--30)\">\n<div class=\"wp-block-column is-layout-flow wp-block-column-is-layout-flow\">\n<div class=\"wp-block-buttons is-content-justification-center is-layout-flex wp-container-core-buttons-is-layout-a89b3969 wp-block-buttons-is-layout-flex\">\n<div class=\"wp-block-button has-custom-width wp-block-button__width-50\"><a class=\"wp-block-button__link wp-element-button\" href=\"\/apply\/\">Inscrever-se<\/a><\/div>\n<\/div>\n<\/div>\n\n\n\n<div class=\"wp-block-column is-layout-flow wp-block-column-is-layout-flow\">\n<div class=\"wp-block-buttons is-content-justification-center is-layout-flex wp-container-core-buttons-is-layout-a89b3969 wp-block-buttons-is-layout-flex\">\n<div class=\"wp-block-button has-custom-width wp-block-button__width-50\"><a class=\"wp-block-button__link wp-element-button\" href=\"\/contact\/\">Entre em contato<\/a><\/div>\n<\/div>\n<\/div>\n<\/div>\n\n\n\n<div class=\"wp-block-group alignwide is-layout-flow wp-block-group-is-layout-flow\" style=\"border-radius:0px;margin-bottom:var(--wp--preset--spacing--40);padding-top:var(--wp--preset--spacing--20);padding-bottom:var(--wp--preset--spacing--20);box-shadow:var(--wp--preset--shadow--natural)\">\n<h3 class=\"wp-block-heading alignwide has-text-align-center has-background has-large-font-size\" style=\"background-color:#edfcff;margin-right:var(--wp--preset--spacing--20);margin-left:var(--wp--preset--spacing--20)\">An\u00fancios Importantes<\/h3>\n\n\n\n<div class=\"wp-block-query is-layout-flow wp-block-query-is-layout-flow\"><\/div>\n<\/div>\n\n\n\n<h3 class=\"wp-block-heading has-text-align-left\">Siga a YAMASA nas redes sociais e saiba mais sobre o nosso instituto!<\/h3>\n\n\n\n<div style=\"text-align:center;\">\n  <iframe loading=\"lazy\" \n    src=\"https:\/\/www.facebook.com\/plugins\/page.php?href=https%3A%2F%2Fwww.facebook.com%2Fyamasainstitute&#038;tabs=timeline&#038;height=800&#038;small_header=false&#038;adapt_container_width=true&#038;hide_cover=false&#038;show_facepile=false&#038;appId\"\n    width=\"100%\"\n    height=\"800\"\n    style=\"border:none;overflow:hidden;\"\n    scrolling=\"no\"\n    frameborder=\"0\"\n    allowfullscreen=\"true\"\n    allow=\"autoplay; clipboard-write; encrypted-media; picture-in-picture; web-share\">\n  <\/iframe>\n<\/div>\n\n\n\n<p>Confira tamb\u00e9m o nosso Instagram!<\/p>\n\n\n\n<div class=\"wp-block-columns is-layout-flex wp-container-core-columns-is-layout-0806ab5c wp-block-columns-is-layout-flex\" style=\"margin-top:var(--wp--preset--spacing--30);margin-bottom:var(--wp--preset--spacing--30)\">\n<div class=\"wp-block-column is-layout-flow wp-block-column-is-layout-flow\">\n<figure class=\"wp-block-image aligncenter size-large is-resized\"><a href=\"https:\/\/www.facebook.com\/yamasainstitute\" target=\"_blank\" rel=\" noreferrer noopener\"><img loading=\"lazy\" decoding=\"async\" width=\"1024\" height=\"1024\" src=\"\/wp-content\/uploads\/2025\/11\/image-16-1024x1024.png\" alt=\"\" class=\"wp-image-368\" style=\"width:200px\" srcset=\"https:\/\/www.yamasa.org\/wp-content\/uploads\/2025\/11\/image-16-1024x1024.png 1024w, https:\/\/www.yamasa.org\/wp-content\/uploads\/2025\/11\/image-16-300x300.png 300w, https:\/\/www.yamasa.org\/wp-content\/uploads\/2025\/11\/image-16-150x150.png 150w, https:\/\/www.yamasa.org\/wp-content\/uploads\/2025\/11\/image-16-768x768.png 768w, https:\/\/www.yamasa.org\/wp-content\/uploads\/2025\/11\/image-16-1536x1536.png 1536w, https:\/\/www.yamasa.org\/wp-content\/uploads\/2025\/11\/image-16-2048x2048.png 2048w\" sizes=\"auto, (max-width: 1024px) 100vw, 1024px\" \/><\/a><\/figure>\n<\/div>\n\n\n\n<div class=\"wp-block-column is-layout-flow wp-block-column-is-layout-flow\">\n<figure class=\"wp-block-image aligncenter size-full is-resized\"><a href=\"https:\/\/www.instagram.com\/yamasainstitute\/\" target=\"_blank\" rel=\" noreferrer noopener\"><img loading=\"lazy\" decoding=\"async\" width=\"600\" height=\"600\" src=\"\/wp-content\/uploads\/2025\/11\/image-15.png\" alt=\"\" class=\"wp-image-342\" style=\"width:200px\" srcset=\"https:\/\/www.yamasa.org\/wp-content\/uploads\/2025\/11\/image-15.png 600w, https:\/\/www.yamasa.org\/wp-content\/uploads\/2025\/11\/image-15-300x300.png 300w, https:\/\/www.yamasa.org\/wp-content\/uploads\/2025\/11\/image-15-150x150.png 150w\" sizes=\"auto, (max-width: 600px) 100vw, 600px\" \/><\/a><\/figure>\n<\/div>\n<\/div>\n<\/div>\n\n\n\n<p><\/p>\n","protected":false},"excerpt":{"rendered":"<p>Aviso Importante: Renova\u00e7\u00e3o do Site e Admiss\u00f5es para Outubro de 2026 O Instituto YAMASA est\u00e1 em processo de solicita\u00e7\u00e3o de credenciamento junto ao MEXT para outubro de 2026. Este \u00e9 um novo site dedicado \u00e0s admiss\u00f5es para outubro de 2026. Como a p\u00e1gina ainda est\u00e1 em desenvolvimento, o conte\u00fado est\u00e1 dispon\u00edvel apenas em japon\u00eas. Inscri\u00e7\u00e3o [&hellip;]<\/p>\n","protected":false},"author":9,"featured_media":0,"parent":0,"menu_order":0,"comment_status":"closed","ping_status":"closed","template":"","meta":{"_locale":"pt_BR","_original_post":"https:\/\/www.yamasa.org\/?page_id=3078","footnotes":""},"class_list":["post-3153","page","type-page","status-publish","hentry","pt-BR"],"yoast_head":"<!-- This site is optimized with the Yoast SEO plugin v27.4 - https:\/\/yoast.com\/product\/yoast-seo-wordpress\/ -->\n<title>Bem-vindo \u00e0 YAMASA - YAMASA\u8a00\u8a9e\u6587\u5316\u5b66\u9662(\u8a8d\u5b9a\u65e5\u672c\u8a9e\u5b66\u6821\u7533\u8acb\u4e2d 2026\u5e7410\u6708\u4e88\u5b9a)<\/title>\n<meta name=\"robots\" content=\"index, follow, max-snippet:-1, max-image-preview:large, max-video-preview:-1\" \/>\n<link rel=\"canonical\" href=\"https:\/\/www.yamasa.org\/pt\/home\/\" \/>\n<meta property=\"og:locale\" content=\"pt_BR\" \/>\n<meta property=\"og:type\" content=\"article\" \/>\n<meta property=\"og:title\" content=\"Bem-vindo \u00e0 YAMASA - YAMASA\u8a00\u8a9e\u6587\u5316\u5b66\u9662(\u8a8d\u5b9a\u65e5\u672c\u8a9e\u5b66\u6821\u7533\u8acb\u4e2d 2026\u5e7410\u6708\u4e88\u5b9a)\" \/>\n<meta property=\"og:description\" content=\"Aviso Importante: Renova\u00e7\u00e3o do Site e Admiss\u00f5es para Outubro de 2026 O Instituto YAMASA est\u00e1 em processo de solicita\u00e7\u00e3o de credenciamento junto ao MEXT para outubro de 2026. Este \u00e9 um novo site dedicado \u00e0s admiss\u00f5es para outubro de 2026. Como a p\u00e1gina ainda est\u00e1 em desenvolvimento, o conte\u00fado est\u00e1 dispon\u00edvel apenas em japon\u00eas. Inscri\u00e7\u00e3o [&hellip;]\" \/>\n<meta property=\"og:url\" content=\"https:\/\/www.yamasa.org\/pt\/home\/\" \/>\n<meta property=\"og:site_name\" content=\"YAMASA\u8a00\u8a9e\u6587\u5316\u5b66\u9662(\u8a8d\u5b9a\u65e5\u672c\u8a9e\u5b66\u6821\u7533\u8acb\u4e2d 2026\u5e7410\u6708\u4e88\u5b9a)\" \/>\n<meta property=\"article:publisher\" content=\"https:\/\/www.facebook.com\/yamasainstitute\" \/>\n<meta property=\"article:modified_time\" content=\"2026-03-19T06:40:02+00:00\" \/>\n<meta name=\"twitter:card\" content=\"summary_large_image\" \/>\n<meta name=\"twitter:site\" content=\"@yamasa_ch\" \/>\n<meta name=\"twitter:label1\" content=\"Est. tempo de leitura\" \/>\n\t<meta name=\"twitter:data1\" content=\"9 minutos\" \/>\n<script type=\"application\/ld+json\" class=\"yoast-schema-graph\">{\"@context\":\"https:\\\/\\\/schema.org\",\"@graph\":[{\"@type\":\"WebPage\",\"@id\":\"https:\\\/\\\/www.yamasa.org\\\/pt\\\/home\\\/\",\"url\":\"https:\\\/\\\/www.yamasa.org\\\/pt\\\/home\\\/\",\"name\":\"Bem-vindo \u00e0 YAMASA - YAMASA\u8a00\u8a9e\u6587\u5316\u5b66\u9662(\u8a8d\u5b9a\u65e5\u672c\u8a9e\u5b66\u6821\u7533\u8acb\u4e2d 2026\u5e7410\u6708\u4e88\u5b9a)\",\"isPartOf\":{\"@id\":\"https:\\\/\\\/www.yamasa.org\\\/#website\"},\"datePublished\":\"2026-03-19T06:29:35+00:00\",\"dateModified\":\"2026-03-19T06:40:02+00:00\",\"breadcrumb\":{\"@id\":\"https:\\\/\\\/www.yamasa.org\\\/pt\\\/home\\\/#breadcrumb\"},\"inLanguage\":\"pt-BR\",\"potentialAction\":[{\"@type\":\"ReadAction\",\"target\":[\"https:\\\/\\\/www.yamasa.org\\\/pt\\\/home\\\/\"]}]},{\"@type\":\"BreadcrumbList\",\"@id\":\"https:\\\/\\\/www.yamasa.org\\\/pt\\\/home\\\/#breadcrumb\",\"itemListElement\":[{\"@type\":\"ListItem\",\"position\":1,\"name\":\"\u30db\u30fc\u30e0\",\"item\":\"https:\\\/\\\/www.yamasa.org\\\/\"},{\"@type\":\"ListItem\",\"position\":2,\"name\":\"Bem-vindo \u00e0 YAMASA\"}]},{\"@type\":\"WebSite\",\"@id\":\"https:\\\/\\\/www.yamasa.org\\\/#website\",\"url\":\"https:\\\/\\\/www.yamasa.org\\\/\",\"name\":\"YAMASA\u8a00\u8a9e \u8a8d\u5b9a\u6821\",\"description\":\"\",\"publisher\":{\"@id\":\"https:\\\/\\\/www.yamasa.org\\\/#organization\"},\"potentialAction\":[{\"@type\":\"SearchAction\",\"target\":{\"@type\":\"EntryPoint\",\"urlTemplate\":\"https:\\\/\\\/www.yamasa.org\\\/?s={search_term_string}\"},\"query-input\":{\"@type\":\"PropertyValueSpecification\",\"valueRequired\":true,\"valueName\":\"search_term_string\"}}],\"inLanguage\":\"pt-BR\"},{\"@type\":\"Organization\",\"@id\":\"https:\\\/\\\/www.yamasa.org\\\/#organization\",\"name\":\"YAMASA\u8a00\u8a9e \u8a8d\u5b9a\u6821\",\"url\":\"https:\\\/\\\/www.yamasa.org\\\/\",\"logo\":{\"@type\":\"ImageObject\",\"inLanguage\":\"pt-BR\",\"@id\":\"https:\\\/\\\/www.yamasa.org\\\/#\\\/schema\\\/logo\\\/image\\\/\",\"url\":\"https:\\\/\\\/www.yamasa.org\\\/wp-content\\\/uploads\\\/2025\\\/12\\\/image.png\",\"contentUrl\":\"https:\\\/\\\/www.yamasa.org\\\/wp-content\\\/uploads\\\/2025\\\/12\\\/image.png\",\"width\":480,\"height\":110,\"caption\":\"YAMASA\u8a00\u8a9e \u8a8d\u5b9a\u6821\"},\"image\":{\"@id\":\"https:\\\/\\\/www.yamasa.org\\\/#\\\/schema\\\/logo\\\/image\\\/\"},\"sameAs\":[\"https:\\\/\\\/www.facebook.com\\\/yamasainstitute\",\"https:\\\/\\\/x.com\\\/yamasa_ch\",\"https:\\\/\\\/www.instagram.com\\\/yamasainstitute\\\/\"]}]}<\/script>\n<!-- \/ Yoast SEO plugin. -->","yoast_head_json":{"title":"Bem-vindo \u00e0 YAMASA - YAMASA\u8a00\u8a9e\u6587\u5316\u5b66\u9662(\u8a8d\u5b9a\u65e5\u672c\u8a9e\u5b66\u6821\u7533\u8acb\u4e2d 2026\u5e7410\u6708\u4e88\u5b9a)","robots":{"index":"index","follow":"follow","max-snippet":"max-snippet:-1","max-image-preview":"max-image-preview:large","max-video-preview":"max-video-preview:-1"},"canonical":"https:\/\/www.yamasa.org\/pt\/home\/","og_locale":"pt_BR","og_type":"article","og_title":"Bem-vindo \u00e0 YAMASA - YAMASA\u8a00\u8a9e\u6587\u5316\u5b66\u9662(\u8a8d\u5b9a\u65e5\u672c\u8a9e\u5b66\u6821\u7533\u8acb\u4e2d 2026\u5e7410\u6708\u4e88\u5b9a)","og_description":"Aviso Importante: Renova\u00e7\u00e3o do Site e Admiss\u00f5es para Outubro de 2026 O Instituto YAMASA est\u00e1 em processo de solicita\u00e7\u00e3o de credenciamento junto ao MEXT para outubro de 2026. Este \u00e9 um novo site dedicado \u00e0s admiss\u00f5es para outubro de 2026. Como a p\u00e1gina ainda est\u00e1 em desenvolvimento, o conte\u00fado est\u00e1 dispon\u00edvel apenas em japon\u00eas. Inscri\u00e7\u00e3o [&hellip;]","og_url":"https:\/\/www.yamasa.org\/pt\/home\/","og_site_name":"YAMASA\u8a00\u8a9e\u6587\u5316\u5b66\u9662(\u8a8d\u5b9a\u65e5\u672c\u8a9e\u5b66\u6821\u7533\u8acb\u4e2d 2026\u5e7410\u6708\u4e88\u5b9a)","article_publisher":"https:\/\/www.facebook.com\/yamasainstitute","article_modified_time":"2026-03-19T06:40:02+00:00","twitter_card":"summary_large_image","twitter_site":"@yamasa_ch","twitter_misc":{"Est. tempo de leitura":"9 minutos"},"schema":{"@context":"https:\/\/schema.org","@graph":[{"@type":"WebPage","@id":"https:\/\/www.yamasa.org\/pt\/home\/","url":"https:\/\/www.yamasa.org\/pt\/home\/","name":"Bem-vindo \u00e0 YAMASA - YAMASA\u8a00\u8a9e\u6587\u5316\u5b66\u9662(\u8a8d\u5b9a\u65e5\u672c\u8a9e\u5b66\u6821\u7533\u8acb\u4e2d 2026\u5e7410\u6708\u4e88\u5b9a)","isPartOf":{"@id":"https:\/\/www.yamasa.org\/#website"},"datePublished":"2026-03-19T06:29:35+00:00","dateModified":"2026-03-19T06:40:02+00:00","breadcrumb":{"@id":"https:\/\/www.yamasa.org\/pt\/home\/#breadcrumb"},"inLanguage":"pt-BR","potentialAction":[{"@type":"ReadAction","target":["https:\/\/www.yamasa.org\/pt\/home\/"]}]},{"@type":"BreadcrumbList","@id":"https:\/\/www.yamasa.org\/pt\/home\/#breadcrumb","itemListElement":[{"@type":"ListItem","position":1,"name":"\u30db\u30fc\u30e0","item":"https:\/\/www.yamasa.org\/"},{"@type":"ListItem","position":2,"name":"Bem-vindo \u00e0 YAMASA"}]},{"@type":"WebSite","@id":"https:\/\/www.yamasa.org\/#website","url":"https:\/\/www.yamasa.org\/","name":"YAMASA\u8a00\u8a9e \u8a8d\u5b9a\u6821","description":"","publisher":{"@id":"https:\/\/www.yamasa.org\/#organization"},"potentialAction":[{"@type":"SearchAction","target":{"@type":"EntryPoint","urlTemplate":"https:\/\/www.yamasa.org\/?s={search_term_string}"},"query-input":{"@type":"PropertyValueSpecification","valueRequired":true,"valueName":"search_term_string"}}],"inLanguage":"pt-BR"},{"@type":"Organization","@id":"https:\/\/www.yamasa.org\/#organization","name":"YAMASA\u8a00\u8a9e \u8a8d\u5b9a\u6821","url":"https:\/\/www.yamasa.org\/","logo":{"@type":"ImageObject","inLanguage":"pt-BR","@id":"https:\/\/www.yamasa.org\/#\/schema\/logo\/image\/","url":"https:\/\/www.yamasa.org\/wp-content\/uploads\/2025\/12\/image.png","contentUrl":"https:\/\/www.yamasa.org\/wp-content\/uploads\/2025\/12\/image.png","width":480,"height":110,"caption":"YAMASA\u8a00\u8a9e \u8a8d\u5b9a\u6821"},"image":{"@id":"https:\/\/www.yamasa.org\/#\/schema\/logo\/image\/"},"sameAs":["https:\/\/www.facebook.com\/yamasainstitute","https:\/\/x.com\/yamasa_ch","https:\/\/www.instagram.com\/yamasainstitute\/"]}]}},"_links":{"self":[{"href":"https:\/\/www.yamasa.org\/wp-json\/wp\/v2\/pages\/3153","targetHints":{"allow":["GET"]}}],"collection":[{"href":"https:\/\/www.yamasa.org\/wp-json\/wp\/v2\/pages"}],"about":[{"href":"https:\/\/www.yamasa.org\/wp-json\/wp\/v2\/types\/page"}],"author":[{"embeddable":true,"href":"https:\/\/www.yamasa.org\/wp-json\/wp\/v2\/users\/9"}],"replies":[{"embeddable":true,"href":"https:\/\/www.yamasa.org\/wp-json\/wp\/v2\/comments?post=3153"}],"version-history":[{"count":6,"href":"https:\/\/www.yamasa.org\/wp-json\/wp\/v2\/pages\/3153\/revisions"}],"predecessor-version":[{"id":3164,"href":"https:\/\/www.yamasa.org\/wp-json\/wp\/v2\/pages\/3153\/revisions\/3164"}],"wp:attachment":[{"href":"https:\/\/www.yamasa.org\/wp-json\/wp\/v2\/media?parent=3153"}],"curies":[{"name":"wp","href":"https:\/\/api.w.org\/{rel}","templated":true}]}}