{"id":2629,"date":"2026-03-11T11:33:07","date_gmt":"2026-03-11T02:33:07","guid":{"rendered":"https:\/\/www.yamasa.org\/?page_id=2629"},"modified":"2026-03-11T11:33:07","modified_gmt":"2026-03-11T02:33:07","slug":"features","status":"publish","type":"page","link":"https:\/\/www.yamasa.org\/pt\/features\/","title":{"rendered":"Principais Caracter\u00edsticas e Benef\u00edcios"},"content":{"rendered":"\n<h2 class=\"wp-block-heading\">Os Diferenciais da YAMASA<\/h2>\n\n\n\n<h3 class=\"wp-block-heading\"><strong>1. Curr\u00edculo Intensivo e Eficaz<\/strong><\/h3>\n\n\n\n<p>A YAMASA oferece mais horas de aula por semana do que a maioria das escolas de l\u00edngua japonesa. Mesmo com o mesmo valor de mensalidade, os alunos podem dedicar mais tempo ao estudo e ao aprimoramento do japon\u00eas.<\/p>\n\n\n\n<p>Sabemos que estudar no Jap\u00e3o muitas vezes \u00e9 uma oportunidade \u00fanica na vida para nossos alunos. Por isso, oferecemos um curr\u00edculo rico e intensivo, projetado para ajud\u00e1-lo a aproveitar ao m\u00e1ximo seu tempo limitado e alcan\u00e7ar o maior progresso poss\u00edvel em suas habilidades no idioma japon\u00eas.<\/p>\n\n\n\n<h3 class=\"wp-block-heading\"><strong>2. Professores e Equipe Altamente Qualificados<\/strong><\/h3>\n\n\n\n<p>Os professores da YAMASA s\u00e3o cuidadosamente selecionados e continuam recebendo treinamentos especializados mesmo ap\u00f3s a contrata\u00e7\u00e3o, aprimorando constantemente suas habilidades como educadores.<\/p>\n\n\n\n<p>Al\u00e9m disso, a equipe de apoio ao estudante oferece suporte dedicado em todos os aspectos da vida estudantil, desde procedimentos de imigra\u00e7\u00e3o at\u00e9 a solu\u00e7\u00e3o de problemas do dia a dia. Nosso objetivo \u00e9 garantir que os alunos possam se concentrar no estudo da l\u00edngua japonesa e na experi\u00eancia da cultura japonesa com tranquilidade.<\/p>\n\n\n\n<p>Nossos excelentes professores e funcion\u00e1rios aguardam ansiosamente para receb\u00ea-lo na YAMASA.<\/p>\n\n\n\n<h3 class=\"wp-block-heading\"><strong>3. Sistema de Ensino em Equipe<\/strong><\/h3>\n\n\n\n<p>A YAMASA adota um sistema de ensino em equipe, algo ainda raro entre escolas de japon\u00eas. Cada turma \u00e9 conduzida por uma equipe de quatro a cinco professores.<\/p>\n\n\n\n<p>Ao aprender com v\u00e1rios professores, os alunos desenvolvem a capacidade de compreender diferentes estilos de fala e se adaptar ao japon\u00eas real usado no dia a dia. Al\u00e9m disso, o contato com diferentes m\u00e9todos de ensino torna as aulas mais din\u00e2micas e interessantes, mantendo a motiva\u00e7\u00e3o dos alunos todos os dias.<\/p>\n\n\n\n<h3 class=\"wp-block-heading\"><strong>4. Suporte de Aprendizagem Personalizado<\/strong><\/h3>\n\n\n\n<p>Um dos motivos pelos quais muitos alunos escolhem a YAMASA \u00e9 o acompanhamento acad\u00eamico personalizado. Procuramos compreender cuidadosamente a personalidade, o estilo de aprendizagem e o n\u00edvel de profici\u00eancia de cada estudante antes de oferecer orienta\u00e7\u00f5es.<\/p>\n\n\n\n<p>Em vez de um ensino padronizado, oferecemos um sistema de suporte atento e individualizado que ajuda cada aluno a alcan\u00e7ar seus objetivos.<\/p>\n\n\n\n<h3 class=\"wp-block-heading\"><strong>5. Acomoda\u00e7\u00e3o Estudantil da YAMASA a Dist\u00e2ncia de Caminhada<\/strong><\/h3>\n\n\n\n<p>A YAMASA possui diversos tipos de resid\u00eancias estudantis localizadas a uma curta dist\u00e2ncia a p\u00e9 do campus. Os alunos podem escolher entre diferentes tipos de acomoda\u00e7\u00e3o de acordo com seu or\u00e7amento e estilo de vida.<\/p>\n\n\n\n<p>Oferecer moradia segura, confort\u00e1vel e com pre\u00e7os acess\u00edveis \u00e9 um dos grandes pontos fortes da YAMASA. Em muitos casos, estudantes internacionais t\u00eam dificuldade para encontrar moradia de qualidade a um pre\u00e7o adequado, especialmente em grandes cidades, onde longos deslocamentos podem se tornar estressantes.<\/p>\n\n\n\n<p>Na YAMASA, os alunos podem come\u00e7ar imediatamente sua experi\u00eancia de estudo no Jap\u00e3o sem preocupa\u00e7\u00f5es com moradia ou com trens lotados.<\/p>\n\n\n\n<h3 class=\"wp-block-heading\"><strong>6. Um Ambiente de Aprendizagem Internacional<\/strong><\/h3>\n\n\n\n<p>Outro grande diferencial da YAMASA \u00e9 seu ambiente multicultural. Estudantes de diversas partes do mundo estudam juntos, sem concentra\u00e7\u00e3o excessiva de uma \u00fanica nacionalidade.<\/p>\n\n\n\n<p>Nesse ambiente internacional, o japon\u00eas naturalmente se torna a l\u00edngua comum entre os alunos. Ao se comunicar em japon\u00eas durante os intervalos e ap\u00f3s as aulas, os estudantes desenvolvem suas habilidades lingu\u00edsticas ainda mais rapidamente do que apenas dentro da sala de aula.<\/p>\n\n\n\n<p>Muitos alunos escolhem a YAMASA justamente por causa desse ambiente internacional \u00fanico.<\/p>\n\n\n\n<h3 class=\"wp-block-heading\"><strong>7. Planejamento de Futuro com o Programa de Estudos de L\u00edngua e Cultura<\/strong><\/h3>\n\n\n\n<p>Nosso rec\u00e9m-criado Programa de Estudos de L\u00edngua e Cultura vai al\u00e9m do aprendizado do idioma, permitindo que os alunos aprofundem sua compreens\u00e3o da cultura e dos valores que formam a base da sociedade japonesa.<\/p>\n\n\n\n<p>A alta compet\u00eancia em japon\u00eas e a compreens\u00e3o intercultural adquiridas neste programa formam uma base s\u00f3lida para quem deseja ingressar em universidades ou programas de p\u00f3s-gradua\u00e7\u00e3o no Jap\u00e3o, ou iniciar uma carreira profissional no pa\u00eds.<\/p>\n\n\n\n<p>Tamb\u00e9m oferecemos orienta\u00e7\u00e3o e informa\u00e7\u00f5es para ajudar os alunos a planejar e escolher seu pr\u00f3prio caminho para o futuro.<\/p>\n\n\n\n<h3 class=\"wp-block-heading\"><strong>8. Okazaki \u2013 Um Lugar Confort\u00e1vel para Estudar e Viver<\/strong><\/h3>\n\n\n\n<p>A cidade de Okazaki, na prov\u00edncia de Aichi, onde est\u00e1 localizado o campus da YAMASA, \u00e9 conhecida como o local de nascimento de <strong>Tokugawa Ieyasu<\/strong>, combinando rica hist\u00f3ria com a conveni\u00eancia de uma cidade moderna.<\/p>\n\n\n\n<p>Comparada a grandes metr\u00f3poles como T\u00f3quio ou Osaka, o custo de vida e o aluguel s\u00e3o mais acess\u00edveis, permitindo que os estudantes desfrutem de uma alta qualidade de vida com menor carga financeira.<\/p>\n\n\n\n<p>Com centros comerciais, hospitais e parques naturais nas proximidades, Okazaki oferece um ambiente ideal para estudantes internacionais que desejam se concentrar nos estudos enquanto aproveitam plenamente a vida no Jap\u00e3o.<\/p>\n","protected":false},"excerpt":{"rendered":"<p>Os Diferenciais da YAMASA 1. Curr\u00edculo Intensivo e Eficaz A YAMASA oferece mais horas de aula por semana do que a maioria das escolas de l\u00edngua japonesa. Mesmo com o mesmo valor de mensalidade, os alunos podem dedicar mais tempo ao estudo e ao aprimoramento do japon\u00eas. Sabemos que estudar no Jap\u00e3o muitas vezes \u00e9 [&hellip;]<\/p>\n","protected":false},"author":1,"featured_media":0,"parent":0,"menu_order":33,"comment_status":"closed","ping_status":"closed","template":"","meta":{"_locale":"pt_BR","_original_post":"https:\/\/www2.yamasa.org\/?page_id=14","footnotes":""},"class_list":["post-2629","page","type-page","status-publish","hentry","pt-BR"],"yoast_head":"<!-- This site is optimized with the Yoast SEO plugin v27.4 - https:\/\/yoast.com\/product\/yoast-seo-wordpress\/ -->\n<title>Principais Caracter\u00edsticas e Benef\u00edcios - YAMASA\u8a00\u8a9e\u6587\u5316\u5b66\u9662(\u8a8d\u5b9a\u65e5\u672c\u8a9e\u5b66\u6821\u7533\u8acb\u4e2d 2026\u5e7410\u6708\u4e88\u5b9a)<\/title>\n<meta name=\"robots\" content=\"index, follow, max-snippet:-1, max-image-preview:large, max-video-preview:-1\" \/>\n<link rel=\"canonical\" href=\"https:\/\/www.yamasa.org\/pt\/features\/\" \/>\n<meta property=\"og:locale\" content=\"pt_BR\" \/>\n<meta property=\"og:type\" content=\"article\" \/>\n<meta property=\"og:title\" content=\"Principais Caracter\u00edsticas e Benef\u00edcios - YAMASA\u8a00\u8a9e\u6587\u5316\u5b66\u9662(\u8a8d\u5b9a\u65e5\u672c\u8a9e\u5b66\u6821\u7533\u8acb\u4e2d 2026\u5e7410\u6708\u4e88\u5b9a)\" \/>\n<meta property=\"og:description\" content=\"Os Diferenciais da YAMASA 1. Curr\u00edculo Intensivo e Eficaz A YAMASA oferece mais horas de aula por semana do que a maioria das escolas de l\u00edngua japonesa. Mesmo com o mesmo valor de mensalidade, os alunos podem dedicar mais tempo ao estudo e ao aprimoramento do japon\u00eas. Sabemos que estudar no Jap\u00e3o muitas vezes \u00e9 [&hellip;]\" \/>\n<meta property=\"og:url\" content=\"https:\/\/www.yamasa.org\/pt\/features\/\" \/>\n<meta property=\"og:site_name\" content=\"YAMASA\u8a00\u8a9e\u6587\u5316\u5b66\u9662(\u8a8d\u5b9a\u65e5\u672c\u8a9e\u5b66\u6821\u7533\u8acb\u4e2d 2026\u5e7410\u6708\u4e88\u5b9a)\" \/>\n<meta property=\"article:publisher\" content=\"https:\/\/www.facebook.com\/yamasainstitute\" \/>\n<meta name=\"twitter:card\" content=\"summary_large_image\" \/>\n<meta name=\"twitter:site\" content=\"@yamasa_ch\" \/>\n<meta name=\"twitter:label1\" content=\"Est. tempo de leitura\" \/>\n\t<meta name=\"twitter:data1\" content=\"5 minutos\" \/>\n<script type=\"application\/ld+json\" class=\"yoast-schema-graph\">{\"@context\":\"https:\\\/\\\/schema.org\",\"@graph\":[{\"@type\":\"WebPage\",\"@id\":\"https:\\\/\\\/www.yamasa.org\\\/pt\\\/features\\\/\",\"url\":\"https:\\\/\\\/www.yamasa.org\\\/pt\\\/features\\\/\",\"name\":\"Principais Caracter\u00edsticas e Benef\u00edcios - YAMASA\u8a00\u8a9e\u6587\u5316\u5b66\u9662(\u8a8d\u5b9a\u65e5\u672c\u8a9e\u5b66\u6821\u7533\u8acb\u4e2d 2026\u5e7410\u6708\u4e88\u5b9a)\",\"isPartOf\":{\"@id\":\"https:\\\/\\\/www.yamasa.org\\\/#website\"},\"datePublished\":\"2026-03-11T02:33:07+00:00\",\"breadcrumb\":{\"@id\":\"https:\\\/\\\/www.yamasa.org\\\/pt\\\/features\\\/#breadcrumb\"},\"inLanguage\":\"pt-BR\",\"potentialAction\":[{\"@type\":\"ReadAction\",\"target\":[\"https:\\\/\\\/www.yamasa.org\\\/pt\\\/features\\\/\"]}]},{\"@type\":\"BreadcrumbList\",\"@id\":\"https:\\\/\\\/www.yamasa.org\\\/pt\\\/features\\\/#breadcrumb\",\"itemListElement\":[{\"@type\":\"ListItem\",\"position\":1,\"name\":\"\u30db\u30fc\u30e0\",\"item\":\"https:\\\/\\\/www.yamasa.org\\\/\"},{\"@type\":\"ListItem\",\"position\":2,\"name\":\"Principais Caracter\u00edsticas e Benef\u00edcios\"}]},{\"@type\":\"WebSite\",\"@id\":\"https:\\\/\\\/www.yamasa.org\\\/#website\",\"url\":\"https:\\\/\\\/www.yamasa.org\\\/\",\"name\":\"YAMASA\u8a00\u8a9e \u8a8d\u5b9a\u6821\",\"description\":\"\",\"publisher\":{\"@id\":\"https:\\\/\\\/www.yamasa.org\\\/#organization\"},\"potentialAction\":[{\"@type\":\"SearchAction\",\"target\":{\"@type\":\"EntryPoint\",\"urlTemplate\":\"https:\\\/\\\/www.yamasa.org\\\/?s={search_term_string}\"},\"query-input\":{\"@type\":\"PropertyValueSpecification\",\"valueRequired\":true,\"valueName\":\"search_term_string\"}}],\"inLanguage\":\"pt-BR\"},{\"@type\":\"Organization\",\"@id\":\"https:\\\/\\\/www.yamasa.org\\\/#organization\",\"name\":\"YAMASA\u8a00\u8a9e \u8a8d\u5b9a\u6821\",\"url\":\"https:\\\/\\\/www.yamasa.org\\\/\",\"logo\":{\"@type\":\"ImageObject\",\"inLanguage\":\"pt-BR\",\"@id\":\"https:\\\/\\\/www.yamasa.org\\\/#\\\/schema\\\/logo\\\/image\\\/\",\"url\":\"https:\\\/\\\/www.yamasa.org\\\/wp-content\\\/uploads\\\/2025\\\/12\\\/image.png\",\"contentUrl\":\"https:\\\/\\\/www.yamasa.org\\\/wp-content\\\/uploads\\\/2025\\\/12\\\/image.png\",\"width\":480,\"height\":110,\"caption\":\"YAMASA\u8a00\u8a9e \u8a8d\u5b9a\u6821\"},\"image\":{\"@id\":\"https:\\\/\\\/www.yamasa.org\\\/#\\\/schema\\\/logo\\\/image\\\/\"},\"sameAs\":[\"https:\\\/\\\/www.facebook.com\\\/yamasainstitute\",\"https:\\\/\\\/x.com\\\/yamasa_ch\",\"https:\\\/\\\/www.instagram.com\\\/yamasainstitute\\\/\"]}]}<\/script>\n<!-- \/ Yoast SEO plugin. -->","yoast_head_json":{"title":"Principais Caracter\u00edsticas e Benef\u00edcios - YAMASA\u8a00\u8a9e\u6587\u5316\u5b66\u9662(\u8a8d\u5b9a\u65e5\u672c\u8a9e\u5b66\u6821\u7533\u8acb\u4e2d 2026\u5e7410\u6708\u4e88\u5b9a)","robots":{"index":"index","follow":"follow","max-snippet":"max-snippet:-1","max-image-preview":"max-image-preview:large","max-video-preview":"max-video-preview:-1"},"canonical":"https:\/\/www.yamasa.org\/pt\/features\/","og_locale":"pt_BR","og_type":"article","og_title":"Principais Caracter\u00edsticas e Benef\u00edcios - YAMASA\u8a00\u8a9e\u6587\u5316\u5b66\u9662(\u8a8d\u5b9a\u65e5\u672c\u8a9e\u5b66\u6821\u7533\u8acb\u4e2d 2026\u5e7410\u6708\u4e88\u5b9a)","og_description":"Os Diferenciais da YAMASA 1. Curr\u00edculo Intensivo e Eficaz A YAMASA oferece mais horas de aula por semana do que a maioria das escolas de l\u00edngua japonesa. Mesmo com o mesmo valor de mensalidade, os alunos podem dedicar mais tempo ao estudo e ao aprimoramento do japon\u00eas. Sabemos que estudar no Jap\u00e3o muitas vezes \u00e9 [&hellip;]","og_url":"https:\/\/www.yamasa.org\/pt\/features\/","og_site_name":"YAMASA\u8a00\u8a9e\u6587\u5316\u5b66\u9662(\u8a8d\u5b9a\u65e5\u672c\u8a9e\u5b66\u6821\u7533\u8acb\u4e2d 2026\u5e7410\u6708\u4e88\u5b9a)","article_publisher":"https:\/\/www.facebook.com\/yamasainstitute","twitter_card":"summary_large_image","twitter_site":"@yamasa_ch","twitter_misc":{"Est. tempo de leitura":"5 minutos"},"schema":{"@context":"https:\/\/schema.org","@graph":[{"@type":"WebPage","@id":"https:\/\/www.yamasa.org\/pt\/features\/","url":"https:\/\/www.yamasa.org\/pt\/features\/","name":"Principais Caracter\u00edsticas e Benef\u00edcios - YAMASA\u8a00\u8a9e\u6587\u5316\u5b66\u9662(\u8a8d\u5b9a\u65e5\u672c\u8a9e\u5b66\u6821\u7533\u8acb\u4e2d 2026\u5e7410\u6708\u4e88\u5b9a)","isPartOf":{"@id":"https:\/\/www.yamasa.org\/#website"},"datePublished":"2026-03-11T02:33:07+00:00","breadcrumb":{"@id":"https:\/\/www.yamasa.org\/pt\/features\/#breadcrumb"},"inLanguage":"pt-BR","potentialAction":[{"@type":"ReadAction","target":["https:\/\/www.yamasa.org\/pt\/features\/"]}]},{"@type":"BreadcrumbList","@id":"https:\/\/www.yamasa.org\/pt\/features\/#breadcrumb","itemListElement":[{"@type":"ListItem","position":1,"name":"\u30db\u30fc\u30e0","item":"https:\/\/www.yamasa.org\/"},{"@type":"ListItem","position":2,"name":"Principais Caracter\u00edsticas e Benef\u00edcios"}]},{"@type":"WebSite","@id":"https:\/\/www.yamasa.org\/#website","url":"https:\/\/www.yamasa.org\/","name":"YAMASA\u8a00\u8a9e \u8a8d\u5b9a\u6821","description":"","publisher":{"@id":"https:\/\/www.yamasa.org\/#organization"},"potentialAction":[{"@type":"SearchAction","target":{"@type":"EntryPoint","urlTemplate":"https:\/\/www.yamasa.org\/?s={search_term_string}"},"query-input":{"@type":"PropertyValueSpecification","valueRequired":true,"valueName":"search_term_string"}}],"inLanguage":"pt-BR"},{"@type":"Organization","@id":"https:\/\/www.yamasa.org\/#organization","name":"YAMASA\u8a00\u8a9e \u8a8d\u5b9a\u6821","url":"https:\/\/www.yamasa.org\/","logo":{"@type":"ImageObject","inLanguage":"pt-BR","@id":"https:\/\/www.yamasa.org\/#\/schema\/logo\/image\/","url":"https:\/\/www.yamasa.org\/wp-content\/uploads\/2025\/12\/image.png","contentUrl":"https:\/\/www.yamasa.org\/wp-content\/uploads\/2025\/12\/image.png","width":480,"height":110,"caption":"YAMASA\u8a00\u8a9e \u8a8d\u5b9a\u6821"},"image":{"@id":"https:\/\/www.yamasa.org\/#\/schema\/logo\/image\/"},"sameAs":["https:\/\/www.facebook.com\/yamasainstitute","https:\/\/x.com\/yamasa_ch","https:\/\/www.instagram.com\/yamasainstitute\/"]}]}},"_links":{"self":[{"href":"https:\/\/www.yamasa.org\/wp-json\/wp\/v2\/pages\/2629","targetHints":{"allow":["GET"]}}],"collection":[{"href":"https:\/\/www.yamasa.org\/wp-json\/wp\/v2\/pages"}],"about":[{"href":"https:\/\/www.yamasa.org\/wp-json\/wp\/v2\/types\/page"}],"author":[{"embeddable":true,"href":"https:\/\/www.yamasa.org\/wp-json\/wp\/v2\/users\/1"}],"replies":[{"embeddable":true,"href":"https:\/\/www.yamasa.org\/wp-json\/wp\/v2\/comments?post=2629"}],"version-history":[{"count":1,"href":"https:\/\/www.yamasa.org\/wp-json\/wp\/v2\/pages\/2629\/revisions"}],"predecessor-version":[{"id":2635,"href":"https:\/\/www.yamasa.org\/wp-json\/wp\/v2\/pages\/2629\/revisions\/2635"}],"wp:attachment":[{"href":"https:\/\/www.yamasa.org\/wp-json\/wp\/v2\/media?parent=2629"}],"curies":[{"name":"wp","href":"https:\/\/api.w.org\/{rel}","templated":true}]}}