{"id":2330,"date":"2026-01-31T21:06:42","date_gmt":"2026-01-31T12:06:42","guid":{"rendered":"https:\/\/www.yamasa.org\/?page_id=2330"},"modified":"2026-04-08T11:54:56","modified_gmt":"2026-04-08T02:54:56","slug":"visa_tuition_aijp","status":"publish","type":"page","link":"https:\/\/www.yamasa.org\/pt\/visa_tuition_aijp\/","title":{"rendered":"Explica\u00e7\u00e3o e Solicita\u00e7\u00e3o do Visto de Estudante"},"content":{"rendered":"<style>\n.visa-process-container * {<br \/>\n    box-sizing: border-box;<br \/>\n}<\/p>\n<p>.visa-process-container {<br \/>\n    font-family: \"Helvetica Neue\", Arial, sans-serif;<br \/>\n    max-width: 800px;<br \/>\n    margin: 0 auto;<br \/>\n    padding: 20px;<br \/>\n    color: #333;<br \/>\n    line-height: 1.6;<br \/>\n}<\/p>\n<p>\/* Application period box *\/<br \/>\n.visa-process-container .application-period-box {<br \/>\n    background-color: #f9f9f9;<br \/>\n    border-left: 5px solid #003366;<br \/>\n    padding: 20px;<br \/>\n    margin-bottom: 40px;<br \/>\n    border-radius: 0 5px 5px 0;<br \/>\n}<br \/>\n.visa-process-container .application-period-box h3 {<br \/>\n    margin-top: 0;<br \/>\n    color: #003366;<br \/>\n    font-size: 1.2em;<br \/>\n    border-bottom: 1px solid #ddd;<br \/>\n    padding-bottom: 10px;<br \/>\n    margin-bottom: 15px;<br \/>\n}<br \/>\n.visa-process-container .period-list {<br \/>\n    list-style: none;<br \/>\n    padding: 0;<br \/>\n    margin: 0;<br \/>\n}<br \/>\n.visa-process-container .period-list li {<br \/>\n    margin-bottom: 10px;<br \/>\n    padding-left: 20px;<br \/>\n    position: relative;<br \/>\n}<br \/>\n.visa-process-container .period-list li:before {<br \/>\n    content: \"\ud83d\udcc5\";<br \/>\n    position: absolute;<br \/>\n    left: 0;<br \/>\n    top: 0;<br \/>\n}<\/p>\n<p>\/* Flow chart *\/<br \/>\n.visa-process-container .flow-chart {<br \/>\n    display: flex;<br \/>\n    flex-direction: column;<br \/>\n    align-items: center;<br \/>\n    margin-bottom: 50px;<br \/>\n}<\/p>\n<p>.visa-process-container .flow-step {<br \/>\n    width: 100%;<br \/>\n    max-width: 650px;<br \/>\n    min-height: 74px;<br \/>\n    border-radius: 8px;<br \/>\n    padding: 18px 20px;<br \/>\n    box-shadow: 0 2px 5px rgba(0,0,0,0.1);<br \/>\n    display: flex;<br \/>\n    align-items: center;<br \/>\n    justify-content: space-between;<br \/>\n    gap: 14px;<br \/>\n    border: 2px solid transparent;<br \/>\n    background-color: #fff;<br \/>\n}<\/p>\n<p>.visa-process-container .step-applicant {<br \/>\n    background-color: #e3f2fd;<br \/>\n    border-color: #2196f3;<br \/>\n}<\/p>\n<p>.visa-process-container .step-yamasa {<br \/>\n    background-color: #fff3e0;<br \/>\n    border-color: #ff9800;<br \/>\n}<\/p>\n<p>.visa-process-container .step-final {<br \/>\n    background-color: #e8f5e9;<br \/>\n    border-color: #4caf50;<br \/>\n    justify-content: center;<br \/>\n    text-align: center;<br \/>\n}<\/p>\n<p>.visa-process-container .step-final h4 {<br \/>\n    color: #2e7d32;<br \/>\n    margin: 0;<br \/>\n    font-size: 1.1em;<br \/>\n}<\/p>\n<p>.visa-process-container .step-icon {<br \/>\n    width: 42px;<br \/>\n    min-width: 42px;<br \/>\n    text-align: center;<br \/>\n    font-size: 1.45em;<br \/>\n    line-height: 1;<br \/>\n}<\/p>\n<p>.visa-process-container .step-content {<br \/>\n    flex: 1 1 auto;<br \/>\n    padding: 0;<br \/>\n    font-weight: 700;<br \/>\n    font-size: 1.05em;<br \/>\n    color: #444;<br \/>\n}<\/p>\n<p>.visa-process-container .tag-applicant,<br \/>\n.visa-process-container .tag-yamasa {<br \/>\n    min-width: 84px;<br \/>\n    text-align: center;<br \/>\n    padding: 7px 12px;<br \/>\n    border-radius: 4px;<br \/>\n    font-size: 0.85em;<br \/>\n    font-weight: 700;<br \/>\n    white-space: nowrap;<br \/>\n    line-height: 1.2;<br \/>\n}<\/p>\n<p>.visa-process-container .tag-applicant {<br \/>\n    background-color: #2196f3;<br \/>\n    color: #fff;<br \/>\n}<\/p>\n<p>.visa-process-container .tag-yamasa {<br \/>\n    background-color: #ff9800;<br \/>\n    color: #fff;<br \/>\n}<\/p>\n<p>.visa-process-container .flow-arrow {<br \/>\n    width: 100%;<br \/>\n    max-width: 650px;<br \/>\n    text-align: center;<br \/>\n    font-size: 28px;<br \/>\n    line-height: 1;<br \/>\n    color: #cfcfcf;<br \/>\n    margin: 10px 0;<br \/>\n}<\/p>\n<p>\/* Info section *\/<br \/>\n.visa-process-container .info-section {<br \/>\n    margin-bottom: 40px;<br \/>\n}<br \/>\n.visa-process-container .info-section h2 {<br \/>\n    color: #003366;<br \/>\n    border-bottom: 2px solid #003366;<br \/>\n    padding-bottom: 10px;<br \/>\n    margin-top: 40px;<br \/>\n}<br \/>\n.visa-process-container .info-section h3 {<br \/>\n    color: #444;<br \/>\n    border-left: 5px solid #d8613c;<br \/>\n    padding-left: 10px;<br \/>\n    margin-top: 30px;<br \/>\n}<br \/>\n.visa-process-container .checklist-item {<br \/>\n    margin-bottom: 15px;<br \/>\n    padding-left: 15px;<br \/>\n}<br \/>\n.visa-process-container .required-mark {<br \/>\n    color: #d32f2f;<br \/>\n    font-weight: bold;<br \/>\n    margin-right: 5px;<br \/>\n}<br \/>\n.visa-process-container .optional-mark {<br \/>\n    color: #1976d2;<br \/>\n    font-weight: bold;<br \/>\n    margin-right: 5px;<br \/>\n}<br \/>\n.visa-process-container .sponsor-info-box {<br \/>\n    background-color: #f0f4c3;<br \/>\n    padding: 15px;<br \/>\n    border-radius: 5px;<br \/>\n    margin-bottom: 20px;<br \/>\n    font-size: 0.95em;<br \/>\n    color: #333;<br \/>\n    border: 1px solid #dce775;<br \/>\n}<\/p>\n<p>\/* Button *\/<br \/>\n.visa-process-container .apply-btn {<br \/>\n    display: block;<br \/>\n    width: 100%;<br \/>\n    max-width: 500px;<br \/>\n    margin: 40px auto;<br \/>\n    padding: 15px 20px;<br \/>\n    background-color: #d8613c;<br \/>\n    color: white !important;<br \/>\n    text-align: center;<br \/>\n    text-decoration: none;<br \/>\n    font-weight: bold;<br \/>\n    font-size: 1.2em;<br \/>\n    border-radius: 5px;<br \/>\n    transition: opacity 0.3s;<br \/>\n    box-shadow: 0 4px 6px rgba(0,0,0,0.1);<br \/>\n}<br \/>\n.visa-process-container .apply-btn:hover {<br \/>\n    opacity: 0.9;<br \/>\n}<\/p>\n<p>\/* Mobile *\/<br \/>\n@media (max-width: 480px) {<br \/>\n    .visa-process-container .flow-step {<br \/>\n        flex-direction: column;<br \/>\n        align-items: flex-start;<br \/>\n        gap: 10px;<br \/>\n    }<\/p>\n<p>    .visa-process-container .step-icon {<br \/>\n        width: auto;<br \/>\n        min-width: 0;<br \/>\n    }<\/p>\n<p>    .visa-process-container .tag-applicant,<br \/>\n    .visa-process-container .tag-yamasa {<br \/>\n        align-self: flex-start;<br \/>\n    }<\/p>\n<p>    .visa-process-container .step-final {<br \/>\n        align-items: center;<br \/>\n    }<br \/>\n}<br \/>\n<\/style>\n<div class=\"visa-process-container\">\n<div class=\"application-period-box\">\n<h3>Per\u00edodos de Recebimento de Documentos<\/h3>\n<ul class=\"period-list\">\n<li><strong>Ingresso em Abril:<\/strong> 1\u00ba de ago. a 15 de set.<\/li>\n<li><strong>Ingresso em Julho:<\/strong> 1\u00ba de dez. a 15 de jan.<\/li>\n<li><strong>Ingresso em Outubro:<\/strong> 1\u00ba de fev. a 15 de mar.<\/li>\n<li><strong>Ingresso em Janeiro:<\/strong> 1\u00ba de jun. a 15 de jul.<\/li>\n<\/ul>\n<\/div>\n<h2 style=\"text-align: center; color: #003366; margin-bottom: 30px;\">Fluxo para Obten\u00e7\u00e3o do Visto de Estudante<\/h2>\n<div class=\"flow-chart\">\n<div class=\"flow-step step-applicant\">\n<div class=\"step-icon\">\ud83d\udcbb<\/div>\n<div class=\"step-content\">Inscri\u00e7\u00e3o Online<\/div>\n<div class=\"tag-applicant\">Candidato<\/div>\n<\/div>\n<div class=\"flow-arrow\">\u25bc<\/div>\n<div class=\"flow-step step-applicant\">\n<div class=\"step-icon\">\u00a5<\/div>\n<div class=\"step-content\">Pagamento da Taxa de Sele\u00e7\u00e3o<\/div>\n<div class=\"tag-applicant\">Candidato<\/div>\n<\/div>\n<div class=\"flow-arrow\">\u25bc<\/div>\n<div class=\"flow-step step-applicant\">\n<div class=\"step-icon\">\ud83d\udcdd<\/div>\n<div class=\"step-content\">Teste de Japon\u00eas Online<\/div>\n<div class=\"tag-applicant\">Candidato<\/div>\n<\/div>\n<div class=\"flow-arrow\">\u25bc<\/div>\n<div class=\"flow-step step-yamasa\">\n<div class=\"step-icon\">\ud83d\udcc4<\/div>\n<div class=\"step-content\">An\u00e1lise de Documentos<\/div>\n<div class=\"tag-yamasa\">YAMASA<\/div>\n<\/div>\n<div class=\"flow-arrow\">\u25bc<\/div>\n<div class=\"flow-step step-yamasa\">\n<div class=\"step-icon\">\ud83c\udfdb\ufe0f<\/div>\n<div class=\"step-content\">Solicita\u00e7\u00e3o do COE (Imigra\u00e7\u00e3o)<\/div>\n<div class=\"tag-yamasa\">YAMASA<\/div>\n<\/div>\n<div class=\"flow-arrow\">\u25bc<\/div>\n<div class=\"flow-step step-applicant\">\n<div class=\"step-icon\">\ud83d\udcb0<\/div>\n<div class=\"step-content\">Pagamento das Taxas Escolares<\/div>\n<div class=\"tag-applicant\">Candidato<\/div>\n<\/div>\n<div class=\"flow-arrow\">\u25bc<\/div>\n<div class=\"flow-step step-yamasa\">\n<div class=\"step-icon\">\ud83d\udce9<\/div>\n<div class=\"step-content\">Emiss\u00e3o do COE (Enviado ao Candidato)<\/div>\n<div class=\"tag-yamasa\">YAMASA<\/div>\n<\/div>\n<div class=\"flow-arrow\">\u25bc<\/div>\n<div class=\"flow-step step-applicant\">\n<div class=\"step-icon\">\ud83d\udec2<\/div>\n<div class=\"step-content\">Solicita\u00e7\u00e3o do Visto na Embaixada<\/div>\n<div class=\"tag-applicant\">Candidato<\/div>\n<\/div>\n<div class=\"flow-arrow\">\u25bc<\/div>\n<div class=\"flow-step step-applicant\">\n<div class=\"step-icon\">\u2708\ufe0f<\/div>\n<div class=\"step-content\">Entrada no Jap\u00e3o e Recebimento do Zairyu Card<\/div>\n<div class=\"tag-applicant\">Candidato<\/div>\n<\/div>\n<div class=\"flow-arrow\">\u25bc<\/div>\n<div class=\"flow-step step-final\">\n<h4>\ud83c\udf38 Matr\u00edcula na YAMASA! Seja bem-vindo!<\/h4>\n<\/div>\n<\/div>\n<div class=\"info-section\">\n<h2>Sobre a Solicita\u00e7\u00e3o do Visto de Estudante<\/h2>\n<p>As inscri\u00e7\u00f5es para o The YAMASA Institute s\u00e3o feitas online. Se voc\u00ea deseja estudar na YAMASA, por favor, compreenda os pontos abaixo e prepare os documentos necess\u00e1rios com anteced\u00eancia.<\/p>\n<ul>\n<li>A inscri\u00e7\u00e3o \u00e9 dividida em v\u00e1rias partes. Cada parte requer o envio de anexos em PDF.<\/li>\n<li>Os anexos em PDF devem estar, basicamente, em <strong>ingl\u00eas ou japon\u00eas<\/strong>.<\/li>\n<li>Os documentos necess\u00e1rios podem variar dependendo da situa\u00e7\u00e3o do candidato.<\/li>\n<li><strong>Validade dos Documentos:<\/strong> Documentos emitidos por institui\u00e7\u00f5es p\u00fablicas ou bancos devem ter sido emitidos h\u00e1 menos de <strong>6 meses<\/strong> da data da inscri\u00e7\u00e3o (se solicitados fora do Jap\u00e3o) ou h\u00e1 menos de <strong>3 meses<\/strong> (se solicitados dentro do Jap\u00e3o).<\/li>\n<li>Poder\u00e3o ser solicitados documentos adicionais al\u00e9m dos listados abaixo.<\/li>\n<\/ul>\n<h2>Lista de Verifica\u00e7\u00e3o de Documentos e Informa\u00e7\u00f5es<\/h2>\n<p>Na lista abaixo, <span class=\"required-mark\">\u2605<\/span> indica documentos obrigat\u00f3rios, e <span class=\"optional-mark\">\u25cf<\/span> indica documentos necess\u00e1rios dependendo da situa\u00e7\u00e3o do candidato.<\/p>\n<h3>Parte 1: Informa\u00e7\u00f5es B\u00e1sicas<\/h3>\n<div class=\"checklist-item\"><strong><span class=\"required-mark\">\u2605<\/span>Foto para Identifica\u00e7\u00e3o (ID)<\/strong><br \/>\n\u00c9 necess\u00e1ria uma foto n\u00edtida tirada nos \u00faltimos 3 meses.<br \/>\nPor favor, verifique as regras no site: <a href=\"https:\/\/www.moj.go.jp\/isa\/applications\/status\/photo_info_00002.html\" target=\"_blank\" rel=\"noopener\">Especifica\u00e7\u00f5es para Fotos | Ag\u00eancia de Servi\u00e7os de Imigra\u00e7\u00e3o<\/a><\/div>\n<div class=\"checklist-item\"><strong><span class=\"required-mark\">\u2605<\/span>C\u00f3pia do Passaporte<\/strong><br \/>\nPor favor, fa\u00e7a o upload de uma c\u00f3pia do seu passaporte. Se estiver em processo de renova\u00e7\u00e3o ou emiss\u00e3o, voc\u00ea poder\u00e1 envi\u00e1-lo posteriormente.<\/div>\n<h3>Parte 2: Hist\u00f3rico Escolar, Profissional e Profici\u00eancia em Japon\u00eas<\/h3>\n<div class=\"checklist-item\"><strong><span class=\"required-mark\">\u2605<\/span>Diploma \/ Certificado de Gradua\u00e7\u00e3o<\/strong><br \/>\nSe possuir diploma, envie o comprovante. Caso contr\u00e1rio, envie o certificado de gradua\u00e7\u00e3o mais recente.<\/div>\n<div class=\"checklist-item\"><strong><span class=\"optional-mark\">\u25cf<\/span>Certificado de Estudos de L\u00edngua Japonesa<\/strong><br \/>\nDocumentos que comprovem seu hist\u00f3rico de estudos de japon\u00eas (ex: certificados de escolas de l\u00edngua japonesa ou cursos online).<\/div>\n<div class=\"checklist-item\"><strong><span class=\"optional-mark\">\u25cf<\/span>Certificado JLPT \/ EJU<\/strong><br \/>\nCertificados de aprova\u00e7\u00e3o no JLPT, EJU, etc., se houver.<\/div>\n<h3>Parte 3: Parentes e Patrocinador Financeiro<\/h3>\n<div class=\"sponsor-info-box\">\n<p><strong>Informa\u00e7\u00f5es Importantes para Patrocinadores Financeiros:<\/strong><\/p>\n<p>Se voc\u00ea indicar um patrocinador financeiro que n\u00e3o seja voc\u00ea mesmo, o patrocinador deve ser um parente por casamento at\u00e9 o terceiro grau ou um parente consangu\u00edneo at\u00e9 o sexto grau.<\/p>\n<p><strong>Fundos Necess\u00e1rios:<\/strong> O saldo banc\u00e1rio m\u00ednimo exigido \u00e9 de <strong>3.500.000 JPY<\/strong>, que cobre o total das mensalidades, acomoda\u00e7\u00e3o e despesas de subsist\u00eancia para o per\u00edodo de estudo de dois anos.<\/p>\n<p><strong>Comprova\u00e7\u00e3o de Fundos:<\/strong> \u00c9 necess\u00e1rio comprovar que os fundos necess\u00e1rios foram mantidos continuamente na conta do patrocinador financeiro durante o \u00faltimo ano. Observe que, se houver um aumento repentino e de curto prazo no saldo do dep\u00f3sito, a inscri\u00e7\u00e3o poder\u00e1 ser rejeitada durante a an\u00e1lise dos documentos.<\/p>\n<\/div>\n<div class=\"checklist-item\"><strong><span class=\"required-mark\">\u2605<\/span>Certificado de Saldo Banc\u00e1rio<\/strong><br \/>\nCertificado de saldo emitido pelo banco.<\/div>\n<div class=\"checklist-item\"><strong><span class=\"optional-mark\">\u25cf<\/span>Extrato Banc\u00e1rio (\u00daltimo ano)<\/strong><br \/>\nRegistros de transa\u00e7\u00f5es emitidos pelo banco ou c\u00f3pia da caderneta banc\u00e1ria.<\/div>\n<div class=\"checklist-item\"><strong><span class=\"optional-mark\">\u25cf<\/span>Comprovante de Emprego<\/strong><br \/>\nCertificado de emprego ou licen\u00e7a comercial (para aut\u00f4nomos).<\/div>\n<div class=\"checklist-item\"><strong><span class=\"optional-mark\">\u25cf<\/span>Comprovante de Pagamento de Impostos<\/strong><br \/>\nComprovante de pagamento de impostos ou certificado de renda tribut\u00e1vel.<\/div>\n<hr style=\"margin: 30px 0; border: 0; border-top: 1px solid #ddd;\" \/>\n<div style=\"background-color: #fff3e0; padding: 15px; border-radius: 5px;\">\n<p><strong>*Triagem de Tuberculose:<\/strong> A partir de junho de 2025, cidad\u00e3os das <strong>Filipinas, Nepal e Vietn\u00e3<\/strong> dever\u00e3o apresentar um &#8220;Atestado de N\u00e3o Tuberculose&#8221; ao solicitar o Certificado de Elegibilidade (COE).<\/p>\n<p>Se isso se aplicar a voc\u00ea, a Parte 6 aparecer\u00e1 no formul\u00e1rio de inscri\u00e7\u00e3o ap\u00f3s o andamento da an\u00e1lise. Por favor, fa\u00e7a o upload do documento l\u00e1. Para mais detalhes, veja o link abaixo:<\/p>\n<p><a href=\"https:\/\/www.mhlw.go.jp\/stf\/seisakunitsuite\/bunya\/kenkou_iryou\/kenkou\/kekkaku-kansenshou03\/index_00006.html\" target=\"_blank\" rel=\"noopener\">[Importante] Implementa\u00e7\u00e3o de Triagem de Tuberculose Pr\u00e9-entrada<\/a><\/p>\n<\/div>\n<\/div>\n<p><a class=\"apply-btn\" href=\"\/pt\/admissions-closed\">Inscri\u00e7\u00e3o para Admiss\u00e3o: Outubro de 2026<\/a><\/p>\n<\/div>\n","protected":false},"excerpt":{"rendered":"<p>Per\u00edodos de Recebimento de Documentos Ingresso em Abril: 1\u00ba de ago. a 15 de set. Ingresso em Julho: 1\u00ba de dez. a 15 de jan. Ingresso em Outubro: 1\u00ba de fev. a 15 de mar. Ingresso em Janeiro: 1\u00ba de jun. a 15 de jul. Fluxo para Obten\u00e7\u00e3o do Visto de Estudante \ud83d\udcbb Inscri\u00e7\u00e3o Online [&hellip;]<\/p>\n","protected":false},"author":1,"featured_media":0,"parent":0,"menu_order":0,"comment_status":"closed","ping_status":"closed","template":"","meta":{"_locale":"pt_BR","_original_post":"https:\/\/www.yamasa.org\/?page_id=1287","footnotes":""},"class_list":["post-2330","page","type-page","status-publish","hentry","pt-BR"],"yoast_head":"<!-- This site is optimized with the Yoast SEO plugin v27.4 - https:\/\/yoast.com\/product\/yoast-seo-wordpress\/ -->\n<title>Explica\u00e7\u00e3o e Solicita\u00e7\u00e3o do Visto de Estudante - YAMASA\u8a00\u8a9e\u6587\u5316\u5b66\u9662(\u8a8d\u5b9a\u65e5\u672c\u8a9e\u5b66\u6821\u7533\u8acb\u4e2d 2026\u5e7410\u6708\u4e88\u5b9a)<\/title>\n<meta name=\"robots\" content=\"index, follow, max-snippet:-1, max-image-preview:large, max-video-preview:-1\" \/>\n<link rel=\"canonical\" href=\"https:\/\/www.yamasa.org\/pt\/visa_tuition_aijp\/\" \/>\n<meta property=\"og:locale\" content=\"pt_BR\" \/>\n<meta property=\"og:type\" content=\"article\" \/>\n<meta property=\"og:title\" content=\"Explica\u00e7\u00e3o e Solicita\u00e7\u00e3o do Visto de Estudante - YAMASA\u8a00\u8a9e\u6587\u5316\u5b66\u9662(\u8a8d\u5b9a\u65e5\u672c\u8a9e\u5b66\u6821\u7533\u8acb\u4e2d 2026\u5e7410\u6708\u4e88\u5b9a)\" \/>\n<meta property=\"og:description\" content=\"Per\u00edodos de Recebimento de Documentos Ingresso em Abril: 1\u00ba de ago. a 15 de set. Ingresso em Julho: 1\u00ba de dez. a 15 de jan. Ingresso em Outubro: 1\u00ba de fev. a 15 de mar. Ingresso em Janeiro: 1\u00ba de jun. a 15 de jul. Fluxo para Obten\u00e7\u00e3o do Visto de Estudante \ud83d\udcbb Inscri\u00e7\u00e3o Online [&hellip;]\" \/>\n<meta property=\"og:url\" content=\"https:\/\/www.yamasa.org\/pt\/visa_tuition_aijp\/\" \/>\n<meta property=\"og:site_name\" content=\"YAMASA\u8a00\u8a9e\u6587\u5316\u5b66\u9662(\u8a8d\u5b9a\u65e5\u672c\u8a9e\u5b66\u6821\u7533\u8acb\u4e2d 2026\u5e7410\u6708\u4e88\u5b9a)\" \/>\n<meta property=\"article:publisher\" content=\"https:\/\/www.facebook.com\/yamasainstitute\" \/>\n<meta property=\"article:modified_time\" content=\"2026-04-08T02:54:56+00:00\" \/>\n<meta name=\"twitter:card\" content=\"summary_large_image\" \/>\n<meta name=\"twitter:site\" content=\"@yamasa_ch\" \/>\n<meta name=\"twitter:label1\" content=\"Est. tempo de leitura\" \/>\n\t<meta name=\"twitter:data1\" content=\"19 minutos\" \/>\n<script type=\"application\/ld+json\" class=\"yoast-schema-graph\">{\"@context\":\"https:\\\/\\\/schema.org\",\"@graph\":[{\"@type\":\"WebPage\",\"@id\":\"https:\\\/\\\/www.yamasa.org\\\/pt\\\/visa_tuition_aijp\\\/\",\"url\":\"https:\\\/\\\/www.yamasa.org\\\/pt\\\/visa_tuition_aijp\\\/\",\"name\":\"Explica\u00e7\u00e3o e Solicita\u00e7\u00e3o do Visto de Estudante - YAMASA\u8a00\u8a9e\u6587\u5316\u5b66\u9662(\u8a8d\u5b9a\u65e5\u672c\u8a9e\u5b66\u6821\u7533\u8acb\u4e2d 2026\u5e7410\u6708\u4e88\u5b9a)\",\"isPartOf\":{\"@id\":\"https:\\\/\\\/www.yamasa.org\\\/#website\"},\"datePublished\":\"2026-01-31T12:06:42+00:00\",\"dateModified\":\"2026-04-08T02:54:56+00:00\",\"breadcrumb\":{\"@id\":\"https:\\\/\\\/www.yamasa.org\\\/pt\\\/visa_tuition_aijp\\\/#breadcrumb\"},\"inLanguage\":\"pt-BR\",\"potentialAction\":[{\"@type\":\"ReadAction\",\"target\":[\"https:\\\/\\\/www.yamasa.org\\\/pt\\\/visa_tuition_aijp\\\/\"]}]},{\"@type\":\"BreadcrumbList\",\"@id\":\"https:\\\/\\\/www.yamasa.org\\\/pt\\\/visa_tuition_aijp\\\/#breadcrumb\",\"itemListElement\":[{\"@type\":\"ListItem\",\"position\":1,\"name\":\"\u30db\u30fc\u30e0\",\"item\":\"https:\\\/\\\/www.yamasa.org\\\/\"},{\"@type\":\"ListItem\",\"position\":2,\"name\":\"Explica\u00e7\u00e3o e Solicita\u00e7\u00e3o do Visto de Estudante\"}]},{\"@type\":\"WebSite\",\"@id\":\"https:\\\/\\\/www.yamasa.org\\\/#website\",\"url\":\"https:\\\/\\\/www.yamasa.org\\\/\",\"name\":\"YAMASA\u8a00\u8a9e \u8a8d\u5b9a\u6821\",\"description\":\"\",\"publisher\":{\"@id\":\"https:\\\/\\\/www.yamasa.org\\\/#organization\"},\"potentialAction\":[{\"@type\":\"SearchAction\",\"target\":{\"@type\":\"EntryPoint\",\"urlTemplate\":\"https:\\\/\\\/www.yamasa.org\\\/?s={search_term_string}\"},\"query-input\":{\"@type\":\"PropertyValueSpecification\",\"valueRequired\":true,\"valueName\":\"search_term_string\"}}],\"inLanguage\":\"pt-BR\"},{\"@type\":\"Organization\",\"@id\":\"https:\\\/\\\/www.yamasa.org\\\/#organization\",\"name\":\"YAMASA\u8a00\u8a9e \u8a8d\u5b9a\u6821\",\"url\":\"https:\\\/\\\/www.yamasa.org\\\/\",\"logo\":{\"@type\":\"ImageObject\",\"inLanguage\":\"pt-BR\",\"@id\":\"https:\\\/\\\/www.yamasa.org\\\/#\\\/schema\\\/logo\\\/image\\\/\",\"url\":\"https:\\\/\\\/www.yamasa.org\\\/wp-content\\\/uploads\\\/2025\\\/12\\\/image.png\",\"contentUrl\":\"https:\\\/\\\/www.yamasa.org\\\/wp-content\\\/uploads\\\/2025\\\/12\\\/image.png\",\"width\":480,\"height\":110,\"caption\":\"YAMASA\u8a00\u8a9e \u8a8d\u5b9a\u6821\"},\"image\":{\"@id\":\"https:\\\/\\\/www.yamasa.org\\\/#\\\/schema\\\/logo\\\/image\\\/\"},\"sameAs\":[\"https:\\\/\\\/www.facebook.com\\\/yamasainstitute\",\"https:\\\/\\\/x.com\\\/yamasa_ch\",\"https:\\\/\\\/www.instagram.com\\\/yamasainstitute\\\/\"]}]}<\/script>\n<!-- \/ Yoast SEO plugin. -->","yoast_head_json":{"title":"Explica\u00e7\u00e3o e Solicita\u00e7\u00e3o do Visto de Estudante - YAMASA\u8a00\u8a9e\u6587\u5316\u5b66\u9662(\u8a8d\u5b9a\u65e5\u672c\u8a9e\u5b66\u6821\u7533\u8acb\u4e2d 2026\u5e7410\u6708\u4e88\u5b9a)","robots":{"index":"index","follow":"follow","max-snippet":"max-snippet:-1","max-image-preview":"max-image-preview:large","max-video-preview":"max-video-preview:-1"},"canonical":"https:\/\/www.yamasa.org\/pt\/visa_tuition_aijp\/","og_locale":"pt_BR","og_type":"article","og_title":"Explica\u00e7\u00e3o e Solicita\u00e7\u00e3o do Visto de Estudante - YAMASA\u8a00\u8a9e\u6587\u5316\u5b66\u9662(\u8a8d\u5b9a\u65e5\u672c\u8a9e\u5b66\u6821\u7533\u8acb\u4e2d 2026\u5e7410\u6708\u4e88\u5b9a)","og_description":"Per\u00edodos de Recebimento de Documentos Ingresso em Abril: 1\u00ba de ago. a 15 de set. Ingresso em Julho: 1\u00ba de dez. a 15 de jan. Ingresso em Outubro: 1\u00ba de fev. a 15 de mar. Ingresso em Janeiro: 1\u00ba de jun. a 15 de jul. Fluxo para Obten\u00e7\u00e3o do Visto de Estudante \ud83d\udcbb Inscri\u00e7\u00e3o Online [&hellip;]","og_url":"https:\/\/www.yamasa.org\/pt\/visa_tuition_aijp\/","og_site_name":"YAMASA\u8a00\u8a9e\u6587\u5316\u5b66\u9662(\u8a8d\u5b9a\u65e5\u672c\u8a9e\u5b66\u6821\u7533\u8acb\u4e2d 2026\u5e7410\u6708\u4e88\u5b9a)","article_publisher":"https:\/\/www.facebook.com\/yamasainstitute","article_modified_time":"2026-04-08T02:54:56+00:00","twitter_card":"summary_large_image","twitter_site":"@yamasa_ch","twitter_misc":{"Est. tempo de leitura":"19 minutos"},"schema":{"@context":"https:\/\/schema.org","@graph":[{"@type":"WebPage","@id":"https:\/\/www.yamasa.org\/pt\/visa_tuition_aijp\/","url":"https:\/\/www.yamasa.org\/pt\/visa_tuition_aijp\/","name":"Explica\u00e7\u00e3o e Solicita\u00e7\u00e3o do Visto de Estudante - YAMASA\u8a00\u8a9e\u6587\u5316\u5b66\u9662(\u8a8d\u5b9a\u65e5\u672c\u8a9e\u5b66\u6821\u7533\u8acb\u4e2d 2026\u5e7410\u6708\u4e88\u5b9a)","isPartOf":{"@id":"https:\/\/www.yamasa.org\/#website"},"datePublished":"2026-01-31T12:06:42+00:00","dateModified":"2026-04-08T02:54:56+00:00","breadcrumb":{"@id":"https:\/\/www.yamasa.org\/pt\/visa_tuition_aijp\/#breadcrumb"},"inLanguage":"pt-BR","potentialAction":[{"@type":"ReadAction","target":["https:\/\/www.yamasa.org\/pt\/visa_tuition_aijp\/"]}]},{"@type":"BreadcrumbList","@id":"https:\/\/www.yamasa.org\/pt\/visa_tuition_aijp\/#breadcrumb","itemListElement":[{"@type":"ListItem","position":1,"name":"\u30db\u30fc\u30e0","item":"https:\/\/www.yamasa.org\/"},{"@type":"ListItem","position":2,"name":"Explica\u00e7\u00e3o e Solicita\u00e7\u00e3o do Visto de Estudante"}]},{"@type":"WebSite","@id":"https:\/\/www.yamasa.org\/#website","url":"https:\/\/www.yamasa.org\/","name":"YAMASA\u8a00\u8a9e \u8a8d\u5b9a\u6821","description":"","publisher":{"@id":"https:\/\/www.yamasa.org\/#organization"},"potentialAction":[{"@type":"SearchAction","target":{"@type":"EntryPoint","urlTemplate":"https:\/\/www.yamasa.org\/?s={search_term_string}"},"query-input":{"@type":"PropertyValueSpecification","valueRequired":true,"valueName":"search_term_string"}}],"inLanguage":"pt-BR"},{"@type":"Organization","@id":"https:\/\/www.yamasa.org\/#organization","name":"YAMASA\u8a00\u8a9e \u8a8d\u5b9a\u6821","url":"https:\/\/www.yamasa.org\/","logo":{"@type":"ImageObject","inLanguage":"pt-BR","@id":"https:\/\/www.yamasa.org\/#\/schema\/logo\/image\/","url":"https:\/\/www.yamasa.org\/wp-content\/uploads\/2025\/12\/image.png","contentUrl":"https:\/\/www.yamasa.org\/wp-content\/uploads\/2025\/12\/image.png","width":480,"height":110,"caption":"YAMASA\u8a00\u8a9e \u8a8d\u5b9a\u6821"},"image":{"@id":"https:\/\/www.yamasa.org\/#\/schema\/logo\/image\/"},"sameAs":["https:\/\/www.facebook.com\/yamasainstitute","https:\/\/x.com\/yamasa_ch","https:\/\/www.instagram.com\/yamasainstitute\/"]}]}},"_links":{"self":[{"href":"https:\/\/www.yamasa.org\/wp-json\/wp\/v2\/pages\/2330","targetHints":{"allow":["GET"]}}],"collection":[{"href":"https:\/\/www.yamasa.org\/wp-json\/wp\/v2\/pages"}],"about":[{"href":"https:\/\/www.yamasa.org\/wp-json\/wp\/v2\/types\/page"}],"author":[{"embeddable":true,"href":"https:\/\/www.yamasa.org\/wp-json\/wp\/v2\/users\/1"}],"replies":[{"embeddable":true,"href":"https:\/\/www.yamasa.org\/wp-json\/wp\/v2\/comments?post=2330"}],"version-history":[{"count":8,"href":"https:\/\/www.yamasa.org\/wp-json\/wp\/v2\/pages\/2330\/revisions"}],"predecessor-version":[{"id":3778,"href":"https:\/\/www.yamasa.org\/wp-json\/wp\/v2\/pages\/2330\/revisions\/3778"}],"wp:attachment":[{"href":"https:\/\/www.yamasa.org\/wp-json\/wp\/v2\/media?parent=2330"}],"curies":[{"name":"wp","href":"https:\/\/api.w.org\/{rel}","templated":true}]}}