{"id":2317,"date":"2026-01-31T20:46:57","date_gmt":"2026-01-31T11:46:57","guid":{"rendered":"https:\/\/www.yamasa.org\/?page_id=2317"},"modified":"2026-03-30T09:52:11","modified_gmt":"2026-03-30T00:52:11","slug":"apply","status":"publish","type":"page","link":"https:\/\/www.yamasa.org\/pt\/apply\/","title":{"rendered":"Inscri\u00e7\u00e3o"},"content":{"rendered":"\n<h2 class=\"wp-block-heading\" id=\"visa\">Sobre os vistos<\/h2>\n\n\n\n<p>Escolha o curso e o per\u00edodo de estadia que melhor correspondam aos seus objetivos de estudo. O visto necess\u00e1rio e os procedimentos de matr\u00edcula variam conforme a dura\u00e7\u00e3o dos estudos.<\/p>\n\n\n\n<h3 class=\"wp-block-heading\" id=\"visa_abroad\">Visto de estudante [YAMASA Language and Culture Institute, curso credenciado (previsto)]<\/h3>\n\n\n\n<p>Se pretende estudar por 6 meses ou mais e n\u00e3o pode permanecer no Jap\u00e3o com um visto de curta dura\u00e7\u00e3o (ou outro tipo de visto), ser\u00e1 necess\u00e1rio solicitar um visto de estudante. Na YAMASA Language and Culture Institute, a partir de outubro de 2026, o visto de estudante s\u00f3 poder\u00e1 ser solicitado para o curso de 2 anos de Estudos de L\u00edngua e Cultura. Se desejar obter um visto de estudante para outro per\u00edodo, entre em contacto connosco. A sua consulta ser\u00e1 \u00fatil para o planeamento futuro dos cursos.<\/p>\n\n\n\n<p class=\"has-text-color has-link-color wp-elements-9bb890fc696104c4cb6ec9eda169d383\" style=\"color:#dc1414\">*Para as inscri\u00e7\u00f5es de outubro de 2026, estamos atualmente a solicitar a acredita\u00e7\u00e3o junto do Minist\u00e9rio da Educa\u00e7\u00e3o, Cultura, Desporto, Ci\u00eancia e Tecnologia do Jap\u00e3o. Dependendo do progresso dessa acredita\u00e7\u00e3o, poder\u00e1 ser necess\u00e1rio solicitar o visto de estudante e efetuar a matr\u00edcula atrav\u00e9s do sistema anterior de escola oficialmente notificada.<\/p>\n\n\n\n<p>As admiss\u00f5es ocorrem quatro vezes por ano: abril, julho, outubro e janeiro.<br>O per\u00edodo de candidatura come\u00e7a cerca de 8 meses antes. O prazo de inscri\u00e7\u00e3o varia conforme a data de entrada.<br>Consulte abaixo a explica\u00e7\u00e3o e o pedido do visto de estudante da YAMASA e avance com a candidatura. Ap\u00f3s a inscri\u00e7\u00e3o e a tramita\u00e7\u00e3o interna na YAMASA, a escola apresentar\u00e1 o pedido de visto em seu nome.<\/p>\n\n\n\n<div class=\"wp-block-buttons is-content-justification-center is-layout-flex wp-container-core-buttons-is-layout-a89b3969 wp-block-buttons-is-layout-flex\">\n<div class=\"wp-block-button has-custom-width wp-block-button__width-50\"><a class=\"wp-block-button__link has-accent-3-background-color has-background has-text-align-center wp-element-button\" href=\"\/pt\/visa_tuition_aijp\/\"><strong>Explica\u00e7\u00e3o e pedido do visto de estudante YAMASA<\/strong><\/a><\/div>\n<\/div>\n\n\n\n<p>Consulte o site abaixo para verificar o procedimento de solicita\u00e7\u00e3o do visto de estudante.<br><a href=\"http:\/\/www.mofa.go.jp\/mofaj\/toko\/visa\/nagare\/chouki.html\" target=\"_blank\" rel=\"noreferrer noopener\">Ministry of Foreign Affairs Work\u30fbExtended Stay Inspection\uff08Visa\uff09Process Chart<\/a><\/p>\n\n\n\n<div style=\"height:20px\" aria-hidden=\"true\" class=\"wp-block-spacer\"><\/div>\n\n\n\n<h3 class=\"wp-block-heading\" id=\"visa_short\">Visto de curta dura\u00e7\u00e3o<\/h3>\n\n\n\n<p>Quem frequenta cursos de curta dura\u00e7\u00e3o pode entrar no Jap\u00e3o com um visto de curta perman\u00eancia (visto de turismo).<br>A dura\u00e7\u00e3o deste visto varia conforme a nacionalidade, mas normalmente \u00e9 de 3 meses ou 90 dias.<br>A maioria das nacionalidades n\u00e3o precisa solicitar este visto antes de viajar para o Jap\u00e3o. No entanto, dependendo da sua nacionalidade, poder\u00e1 ser necess\u00e1rio pedir o visto antes da viagem. Contacte a embaixada ou consulado do Jap\u00e3o mais pr\u00f3ximo para confirmar o que \u00e9 necess\u00e1rio no seu caso.<br>Assim, poder\u00e1 verificar se cumpre os requisitos necess\u00e1rios para o per\u00edodo de estudos que est\u00e1 a planear.<br><\/p>\n\n\n\n<div class=\"wp-block-columns is-layout-flex wp-container-core-columns-is-layout-28f84493 wp-block-columns-is-layout-flex\">\n<div class=\"wp-block-column is-vertically-aligned-center is-layout-flow wp-block-column-is-layout-flow\" style=\"flex-basis:33%\">\n<p class=\"has-text-align-right\">Curso de 2 a 12 semanas<\/p>\n<\/div>\n\n\n\n<div class=\"wp-block-column is-layout-flow wp-block-column-is-layout-flow\" style=\"flex-basis:66%\">\n<div class=\"wp-block-buttons is-layout-flex wp-block-buttons-is-layout-flex\">\n<div class=\"wp-block-button\"><a class=\"wp-block-button__link has-background wp-element-button\" href=\"https:\/\/www.yamasa.biz\/en\/programs_silac.html\" style=\"background-color:#0099de\">SILAC [escola associada: YAMASA Institute, n\u00e3o credenciada]<\/a><\/div>\n<\/div>\n<\/div>\n<\/div>\n\n\n\n<div class=\"wp-block-columns is-layout-flex wp-container-core-columns-is-layout-28f84493 wp-block-columns-is-layout-flex\">\n<div class=\"wp-block-column is-vertically-aligned-center is-layout-flow wp-block-column-is-layout-flow\" style=\"flex-basis:33%\">\n<p class=\"has-text-align-right\">A partir de 3 meses (em unidades de 3 meses)<\/p>\n<\/div>\n\n\n\n<div class=\"wp-block-column is-layout-flow wp-block-column-is-layout-flow\" style=\"flex-basis:66%\">\n<div class=\"wp-block-buttons is-layout-flex wp-block-buttons-is-layout-flex\">\n<div class=\"wp-block-button\"><a class=\"wp-block-button__link has-background wp-element-button\" href=\"https:\/\/www.yamasa.biz\/en\/programs_aijp.html\" style=\"background-color:#dc1414\">AIJP [YAMASA Language and Culture Institute, padr\u00e3o da antiga escola notificada]<\/a><\/div>\n<\/div>\n<\/div>\n<\/div>\n\n\n\n<p>*Estamos a aceitar admiss\u00f5es no AIJP segundo o padr\u00e3o da escola notificada at\u00e9 cerca de maio de 2026.<br>Prevemos come\u00e7ar a aceitar inscri\u00e7\u00f5es para os cursos curtos da escola credenciada por volta de junho de 2026.<\/p>\n\n\n\n<p><a href=\"http:\/\/www.mofa.go.jp\/mofaj\/toko\/visa\/tanki\/novisa.html\" target=\"_blank\" rel=\"noreferrer noopener\">Minist\u00e9rio dos Neg\u00f3cios Estrangeiros do Jap\u00e3o<\/a><\/p>\n\n\n\n<div style=\"height:20px\" aria-hidden=\"true\" class=\"wp-block-spacer\"><\/div>\n\n\n\n<h3 class=\"wp-block-heading\" id=\"visa_work\">Visto Working Holiday<\/h3>\n\n\n\n<p>Se o seu pa\u00eds tiver um acordo Working Holiday com o governo do Jap\u00e3o, poder\u00e1 solicitar um visto Working Holiday.<\/p>\n\n\n\n<p><a href=\"http:\/\/www.mofa.go.jp\/j_info\/visit\/w_holiday\/\" target=\"_blank\" rel=\"noreferrer noopener\"><\/a><a href=\"http:\/\/www.mofa.go.jp\/j_info\/visit\/w_holiday\/\" target=\"_blank\" rel=\"noreferrer noopener\">Pa\u00edses com acordo Working Holiday<\/a><\/p>\n\n\n\n<p>Para mais detalhes, contacte a embaixada ou o consulado do Jap\u00e3o mais pr\u00f3ximo.<br>As candidaturas s\u00e3o aceites apenas nas embaixadas ou consulados do Jap\u00e3o situados em pa\u00edses com acordo Working Holiday.<br>Se for de Taiwan, contacte a Interchange Association, Japan (IAJ).<br>N\u00e3o s\u00e3o necess\u00e1rios documentos da YAMASA para solicitar este visto.<br>Quem possui um visto Working Holiday pode frequentar qualquer curso e estudar enquanto trabalha.<br>No entanto, o curso de 2 anos de Estudos de L\u00edngua e Cultura s\u00f3 est\u00e1 dispon\u00edvel para quem tiver um per\u00edodo de resid\u00eancia de 2 anos.<\/p>\n\n\n\n<div class=\"wp-block-columns is-layout-flex wp-container-core-columns-is-layout-28f84493 wp-block-columns-is-layout-flex\">\n<div class=\"wp-block-column is-vertically-aligned-center is-layout-flow wp-block-column-is-layout-flow\" style=\"flex-basis:33%\">\n<p class=\"has-text-align-right\">Curso de 2 a 12 semanas<\/p>\n<\/div>\n\n\n\n<div class=\"wp-block-column is-layout-flow wp-block-column-is-layout-flow\" style=\"flex-basis:66%\">\n<div class=\"wp-block-buttons is-layout-flex wp-block-buttons-is-layout-flex\">\n<div class=\"wp-block-button\"><a class=\"wp-block-button__link has-background wp-element-button\" href=\"https:\/\/www.yamasa.biz\/en\/programs_silac.html\" style=\"background-color:#0099de\">SILAC [escola associada: YAMASA Institute, n\u00e3o credenciada]<\/a><\/div>\n<\/div>\n<\/div>\n<\/div>\n\n\n\n<div class=\"wp-block-columns is-layout-flex wp-container-core-columns-is-layout-28f84493 wp-block-columns-is-layout-flex\">\n<div class=\"wp-block-column is-vertically-aligned-center is-layout-flow wp-block-column-is-layout-flow\" style=\"flex-basis:33%\">\n<p class=\"has-text-align-right\">A partir de 3 meses (em unidades de 3 meses)<\/p>\n<\/div>\n\n\n\n<div class=\"wp-block-column is-layout-flow wp-block-column-is-layout-flow\" style=\"flex-basis:66%\">\n<div class=\"wp-block-buttons is-layout-flex wp-block-buttons-is-layout-flex\">\n<div class=\"wp-block-button\"><a class=\"wp-block-button__link has-background wp-element-button\" href=\"https:\/\/www.yamasa.biz\/en\/programs_aijp.html\" style=\"background-color:#dc1414\">AIJP [YAMASA Language and Culture Institute, padr\u00e3o da antiga escola notificada]<\/a><\/div>\n<\/div>\n<\/div>\n<\/div>\n\n\n\n<p>*Estamos a aceitar admiss\u00f5es no AIJP segundo o padr\u00e3o da escola notificada at\u00e9 cerca de maio de 2026.<br>Prevemos come\u00e7ar a aceitar inscri\u00e7\u00f5es para os cursos curtos da escola credenciada por volta de junho de 2026.<\/p>\n\n\n\n<div style=\"height:20px\" aria-hidden=\"true\" class=\"wp-block-spacer\"><\/div>\n\n\n\n<h3 class=\"wp-block-heading\" id=\"visa_work\">Curso online<\/h3>\n\n\n\n<p>Tamb\u00e9m oferecemos cursos online que podem ser frequentados a qualquer hora e em qualquer lugar, sem restri\u00e7\u00f5es de tempo ou localiza\u00e7\u00e3o. At\u00e9 hoje, a YAMASA Language and Culture Institute j\u00e1 formou mais de 8.000 alunos, incluindo estudantes internacionais, viajantes, empresas e residentes no Jap\u00e3o. O programa especializado &#8220;YAMASA Online&#8221; nasceu dos pedidos de antigos e futuros alunos, como: &#8220;Quero continuar a ter aulas na YAMASA depois de terminar o curso&#8221; e &#8220;Ouvi bons coment\u00e1rios sobre a YAMASA de amigos e tamb\u00e9m quero estudar a\u00ed&#8221;.<\/p>\n\n\n\n<div class=\"wp-block-buttons is-content-justification-center is-layout-flex wp-container-core-buttons-is-layout-a89b3969 wp-block-buttons-is-layout-flex\">\n<div class=\"wp-block-button has-custom-width wp-block-button__width-50\"><a class=\"wp-block-button__link has-background has-text-align-center wp-element-button\" href=\"https:\/\/online.yamasa.org\/\" style=\"background-color:#0099de\"><strong>YAMASA Online [YAMASA Institute, n\u00e3o credenciada]<\/strong><\/a><\/div>\n<\/div>\n\n\n\n<h3 class=\"wp-block-heading\">Contacto<\/h3>\n\n\n\n<p>Email:&nbsp;<a href=\"mailto:admissions@yamasa.org\" target=\"_blank\" rel=\"noreferrer noopener\">admissions@yamasa.org<\/a><br>Tel: +81 (0) 564-55-8111<\/p>\n\n\n\n<h2 class=\"wp-block-heading\" id=\"money_transfer\">M\u00e9todos de pagamento<\/h2>\n\n\n\n<p>Existem v\u00e1rias formas de pagar as suas propinas.<br>Ser\u00e1 emitido um recibo para todos os pagamentos.<br>Os recibos s\u00e3o emitidos em japon\u00eas.<br>Se precisar de um recibo em ingl\u00eas ou noutra l\u00edngua para fins fiscais ou de bolsa de estudo, entre em contacto connosco.<\/p>\n\n\n\n<div style=\"height:20px\" aria-hidden=\"true\" class=\"wp-block-spacer\"><\/div>\n\n\n\n<h3 class=\"wp-block-heading\">Flywire<\/h3>\n\n\n\n<p><a href=\"https:\/\/www.flywire.com\/pay\/yamasa\" target=\"_blank\" rel=\"noreferrer noopener\">Pagar com Flywire<\/a><\/p>\n\n\n\n<p>A Flywire \u00e9 uma plataforma de pagamento de propinas.<br>Com a Flywire, pode:<\/p>\n\n\n\n<ul class=\"wp-block-list\">\n<li>Pagar com cart\u00e3o de cr\u00e9dito<\/li>\n\n\n\n<li>Acompanhar o seu pagamento do in\u00edcio ao fim<\/li>\n\n\n\n<li>Efetuar pagamentos a partir de qualquer pa\u00eds e de qualquer banco<\/li>\n\n\n\n<li>Poupar em comiss\u00f5es banc\u00e1rias e taxas de c\u00e2mbio<\/li>\n\n\n\n<li>Ter maior tranquilidade com apoio ao cliente multilingue dispon\u00edvel 24 horas por dia<\/li>\n<\/ul>\n\n\n\n<div style=\"height:20px\" aria-hidden=\"true\" class=\"wp-block-spacer\"><\/div>\n\n\n\n<h3 class=\"wp-block-heading\">Transfer\u00eancia banc\u00e1ria<\/h3>\n\n\n\n<h4 class=\"wp-block-heading\">Transfer\u00eancia banc\u00e1ria internacional<\/h4>\n\n\n\n<figure class=\"wp-block-table\"><table class=\"has-fixed-layout\"><tbody><tr><td>Nome do benefici\u00e1rio<\/td><td>The Yamasa Institute<\/td><\/tr><tr><td>Endere\u00e7o 1<\/td><td>1-2-1 Hane Higashimachi<\/td><\/tr><tr><td>Endere\u00e7o 2<\/td><td>Okazaki City, Aichi Prefecture<\/td><\/tr><tr><td>Moeda<\/td><td>JPY<\/td><\/tr><tr><td>Nome da conta<\/td><td>THE YAMASA INSTITUTE<\/td><\/tr><tr><td>Nome do banco<\/td><td>Sumitomo Mitsui Banking Corporation<\/td><\/tr><tr><td>Endere\u00e7o do banco<\/td><td>2-15, Koseidorinishi, Okazaki, Aichi, Japan 444-0059<\/td><\/tr><tr><td>N\u00famero da conta<\/td><td>0143589<\/td><\/tr><tr><td>SWIFT (BIC)<\/td><td>SMBCJPJT<\/td><\/tr><tr><td>N\u00famero da ag\u00eancia<\/td><td>703<\/td><\/tr><tr><td>Nome da ag\u00eancia<\/td><td>Okazaki<\/td><\/tr><\/tbody><\/table><\/figure>\n\n\n\n<h4 class=\"wp-block-heading\">Transfer\u00eancia banc\u00e1ria nacional<\/h4>\n\n\n\n<figure class=\"wp-block-table\"><table class=\"has-fixed-layout\"><tbody><tr><td>Nome do banco<\/td><td>Sumitomo Mitsui Banking Corporation (\u4e09\u4e95\u4f4f\u53cb\u9280\u884c)<\/td><\/tr><tr><td>Nome da ag\u00eancia<\/td><td>Ag\u00eancia de Okazaki (Ag\u00eancia n.\u00ba 703)<\/td><\/tr><tr><td>N\u00famero da conta<\/td><td>Conta corrente (Futsu) 0143589<\/td><\/tr><tr><td>Titular da conta<\/td><td>Gakkou Houjin Hattori Gakuen YAMASA Gengo Bunka Gakuin<br>(\u5b66\u6821\u6cd5\u4eba \u670d\u90e8\u5b66\u5712 YAMASA\u8a00\u8a9e\u6587\u5316\u5b66\u9662)<\/td><\/tr><tr><td>SWIFT (BIC)<\/td><td>\uff08\u300c\u30ac\u30af)\u30cf\u30c3\u30c8\u30ea\u30ac\u30af\u30a8\u30f3\u3000\u30e4\u30de\u30b5\u30b2\u30f3\u30b4\u30d6\u30f3\u30ab\u30ac\u30af\u30a4\u30f3\u300d\uff09<\/td><\/tr><tr><td>\u203b C\u00f3digo da institui\u00e7\u00e3o financeira (c\u00f3digo banc\u00e1rio)<\/td><td>0009<\/td><\/tr><\/tbody><\/table><\/figure>\n\n\n\n<div style=\"height:20px\" aria-hidden=\"true\" class=\"wp-block-spacer\"><\/div>\n\n\n\n<h3 class=\"wp-block-heading\">Cart\u00e3o de cr\u00e9dito<\/h3>\n\n\n\n<p>Na YAMASA, pode pagar as suas propinas com VISA ou MasterCard.<br>O VISA \u00e9 o cart\u00e3o mais amplamente aceite no Jap\u00e3o, mas nem todos os cart\u00f5es VISA emitidos no estrangeiro podem ser usados em caixas autom\u00e1ticas.<br>Tamb\u00e9m s\u00e3o aceites nas ag\u00eancias do Okazaki Shinkin Bank (cerca de 200 metros da YAMASA), nos correios e nas lojas Seven-Eleven.<\/p>\n\n\n\n<div style=\"height:20px\" aria-hidden=\"true\" class=\"wp-block-spacer\"><\/div>\n\n\n\n<h3 class=\"wp-block-heading\">Dinheiro (no Jap\u00e3o)<\/h3>\n\n\n\n<p>O Jap\u00e3o \u00e9 uma sociedade onde o dinheiro em numer\u00e1rio ainda \u00e9 muito utilizado, e muitos estudantes da YAMASA tamb\u00e9m pagam as propinas em dinheiro.<br>No entanto, n\u00e3o envie dinheiro por correio ou transportadora.<br>Este m\u00e9todo s\u00f3 est\u00e1 dispon\u00edvel para pagamentos efetuados presencialmente na escola.<\/p>\n\n\n\n<div style=\"height:20px\" aria-hidden=\"true\" class=\"wp-block-spacer\"><\/div>\n\n\n\n\n<h2 class=\"wp-block-heading\">Prazo de pagamento<\/h2>\n\n\n\n<p>O pagamento deve ser efetuado no prazo de 2 semanas ap\u00f3s a emiss\u00e3o da fatura. Se n\u00e3o conseguirmos confirmar o pagamento dentro desse prazo, a inscri\u00e7\u00e3o poder\u00e1 ser cancelada. No caso de visto de estudante, os dados do COE ser\u00e3o enviados apenas ap\u00f3s a confirma\u00e7\u00e3o do pagamento.<\/p>\n\n\n\n<p><\/p>\n","protected":false},"excerpt":{"rendered":"<p>Sobre os vistos Escolha o curso e o per\u00edodo de estadia que melhor correspondam aos seus objetivos de estudo. O visto necess\u00e1rio e os procedimentos de matr\u00edcula variam conforme a dura\u00e7\u00e3o dos estudos. Visto de estudante [YAMASA Language and Culture Institute, curso credenciado (previsto)] Se pretende estudar por 6 meses ou mais e n\u00e3o pode [&hellip;]<\/p>\n","protected":false},"author":1,"featured_media":0,"parent":0,"menu_order":0,"comment_status":"closed","ping_status":"closed","template":"","meta":{"_locale":"pt_BR","_original_post":"https:\/\/www2.yamasa.org\/?page_id=1115","footnotes":""},"class_list":["post-2317","page","type-page","status-publish","hentry","pt-BR"],"yoast_head":"<!-- This site is optimized with the Yoast SEO plugin v27.4 - https:\/\/yoast.com\/product\/yoast-seo-wordpress\/ -->\n<title>Inscri\u00e7\u00e3o - YAMASA\u8a00\u8a9e\u6587\u5316\u5b66\u9662(\u8a8d\u5b9a\u65e5\u672c\u8a9e\u5b66\u6821\u7533\u8acb\u4e2d 2026\u5e7410\u6708\u4e88\u5b9a)<\/title>\n<meta name=\"robots\" content=\"index, follow, max-snippet:-1, max-image-preview:large, max-video-preview:-1\" \/>\n<link rel=\"canonical\" href=\"https:\/\/www.yamasa.org\/pt\/apply\/\" \/>\n<meta property=\"og:locale\" content=\"pt_BR\" \/>\n<meta property=\"og:type\" content=\"article\" \/>\n<meta property=\"og:title\" content=\"Inscri\u00e7\u00e3o - YAMASA\u8a00\u8a9e\u6587\u5316\u5b66\u9662(\u8a8d\u5b9a\u65e5\u672c\u8a9e\u5b66\u6821\u7533\u8acb\u4e2d 2026\u5e7410\u6708\u4e88\u5b9a)\" \/>\n<meta property=\"og:description\" content=\"Sobre os vistos Escolha o curso e o per\u00edodo de estadia que melhor correspondam aos seus objetivos de estudo. O visto necess\u00e1rio e os procedimentos de matr\u00edcula variam conforme a dura\u00e7\u00e3o dos estudos. Visto de estudante [YAMASA Language and Culture Institute, curso credenciado (previsto)] Se pretende estudar por 6 meses ou mais e n\u00e3o pode [&hellip;]\" \/>\n<meta property=\"og:url\" content=\"https:\/\/www.yamasa.org\/pt\/apply\/\" \/>\n<meta property=\"og:site_name\" content=\"YAMASA\u8a00\u8a9e\u6587\u5316\u5b66\u9662(\u8a8d\u5b9a\u65e5\u672c\u8a9e\u5b66\u6821\u7533\u8acb\u4e2d 2026\u5e7410\u6708\u4e88\u5b9a)\" \/>\n<meta property=\"article:publisher\" content=\"https:\/\/www.facebook.com\/yamasainstitute\" \/>\n<meta property=\"article:modified_time\" content=\"2026-03-30T00:52:11+00:00\" \/>\n<meta name=\"twitter:card\" content=\"summary_large_image\" \/>\n<meta name=\"twitter:site\" content=\"@yamasa_ch\" \/>\n<meta name=\"twitter:label1\" content=\"Est. tempo de leitura\" \/>\n\t<meta name=\"twitter:data1\" content=\"17 minutos\" \/>\n<script type=\"application\/ld+json\" class=\"yoast-schema-graph\">{\"@context\":\"https:\\\/\\\/schema.org\",\"@graph\":[{\"@type\":\"WebPage\",\"@id\":\"https:\\\/\\\/www.yamasa.org\\\/pt\\\/apply\\\/\",\"url\":\"https:\\\/\\\/www.yamasa.org\\\/pt\\\/apply\\\/\",\"name\":\"Inscri\u00e7\u00e3o - YAMASA\u8a00\u8a9e\u6587\u5316\u5b66\u9662(\u8a8d\u5b9a\u65e5\u672c\u8a9e\u5b66\u6821\u7533\u8acb\u4e2d 2026\u5e7410\u6708\u4e88\u5b9a)\",\"isPartOf\":{\"@id\":\"https:\\\/\\\/www.yamasa.org\\\/#website\"},\"datePublished\":\"2026-01-31T11:46:57+00:00\",\"dateModified\":\"2026-03-30T00:52:11+00:00\",\"breadcrumb\":{\"@id\":\"https:\\\/\\\/www.yamasa.org\\\/pt\\\/apply\\\/#breadcrumb\"},\"inLanguage\":\"pt-BR\",\"potentialAction\":[{\"@type\":\"ReadAction\",\"target\":[\"https:\\\/\\\/www.yamasa.org\\\/pt\\\/apply\\\/\"]}]},{\"@type\":\"BreadcrumbList\",\"@id\":\"https:\\\/\\\/www.yamasa.org\\\/pt\\\/apply\\\/#breadcrumb\",\"itemListElement\":[{\"@type\":\"ListItem\",\"position\":1,\"name\":\"\u30db\u30fc\u30e0\",\"item\":\"https:\\\/\\\/www.yamasa.org\\\/\"},{\"@type\":\"ListItem\",\"position\":2,\"name\":\"Inscri\u00e7\u00e3o\"}]},{\"@type\":\"WebSite\",\"@id\":\"https:\\\/\\\/www.yamasa.org\\\/#website\",\"url\":\"https:\\\/\\\/www.yamasa.org\\\/\",\"name\":\"YAMASA\u8a00\u8a9e \u8a8d\u5b9a\u6821\",\"description\":\"\",\"publisher\":{\"@id\":\"https:\\\/\\\/www.yamasa.org\\\/#organization\"},\"potentialAction\":[{\"@type\":\"SearchAction\",\"target\":{\"@type\":\"EntryPoint\",\"urlTemplate\":\"https:\\\/\\\/www.yamasa.org\\\/?s={search_term_string}\"},\"query-input\":{\"@type\":\"PropertyValueSpecification\",\"valueRequired\":true,\"valueName\":\"search_term_string\"}}],\"inLanguage\":\"pt-BR\"},{\"@type\":\"Organization\",\"@id\":\"https:\\\/\\\/www.yamasa.org\\\/#organization\",\"name\":\"YAMASA\u8a00\u8a9e \u8a8d\u5b9a\u6821\",\"url\":\"https:\\\/\\\/www.yamasa.org\\\/\",\"logo\":{\"@type\":\"ImageObject\",\"inLanguage\":\"pt-BR\",\"@id\":\"https:\\\/\\\/www.yamasa.org\\\/#\\\/schema\\\/logo\\\/image\\\/\",\"url\":\"https:\\\/\\\/www.yamasa.org\\\/wp-content\\\/uploads\\\/2025\\\/12\\\/image.png\",\"contentUrl\":\"https:\\\/\\\/www.yamasa.org\\\/wp-content\\\/uploads\\\/2025\\\/12\\\/image.png\",\"width\":480,\"height\":110,\"caption\":\"YAMASA\u8a00\u8a9e \u8a8d\u5b9a\u6821\"},\"image\":{\"@id\":\"https:\\\/\\\/www.yamasa.org\\\/#\\\/schema\\\/logo\\\/image\\\/\"},\"sameAs\":[\"https:\\\/\\\/www.facebook.com\\\/yamasainstitute\",\"https:\\\/\\\/x.com\\\/yamasa_ch\",\"https:\\\/\\\/www.instagram.com\\\/yamasainstitute\\\/\"]}]}<\/script>\n<!-- \/ Yoast SEO plugin. -->","yoast_head_json":{"title":"Inscri\u00e7\u00e3o - YAMASA\u8a00\u8a9e\u6587\u5316\u5b66\u9662(\u8a8d\u5b9a\u65e5\u672c\u8a9e\u5b66\u6821\u7533\u8acb\u4e2d 2026\u5e7410\u6708\u4e88\u5b9a)","robots":{"index":"index","follow":"follow","max-snippet":"max-snippet:-1","max-image-preview":"max-image-preview:large","max-video-preview":"max-video-preview:-1"},"canonical":"https:\/\/www.yamasa.org\/pt\/apply\/","og_locale":"pt_BR","og_type":"article","og_title":"Inscri\u00e7\u00e3o - YAMASA\u8a00\u8a9e\u6587\u5316\u5b66\u9662(\u8a8d\u5b9a\u65e5\u672c\u8a9e\u5b66\u6821\u7533\u8acb\u4e2d 2026\u5e7410\u6708\u4e88\u5b9a)","og_description":"Sobre os vistos Escolha o curso e o per\u00edodo de estadia que melhor correspondam aos seus objetivos de estudo. O visto necess\u00e1rio e os procedimentos de matr\u00edcula variam conforme a dura\u00e7\u00e3o dos estudos. Visto de estudante [YAMASA Language and Culture Institute, curso credenciado (previsto)] Se pretende estudar por 6 meses ou mais e n\u00e3o pode [&hellip;]","og_url":"https:\/\/www.yamasa.org\/pt\/apply\/","og_site_name":"YAMASA\u8a00\u8a9e\u6587\u5316\u5b66\u9662(\u8a8d\u5b9a\u65e5\u672c\u8a9e\u5b66\u6821\u7533\u8acb\u4e2d 2026\u5e7410\u6708\u4e88\u5b9a)","article_publisher":"https:\/\/www.facebook.com\/yamasainstitute","article_modified_time":"2026-03-30T00:52:11+00:00","twitter_card":"summary_large_image","twitter_site":"@yamasa_ch","twitter_misc":{"Est. tempo de leitura":"17 minutos"},"schema":{"@context":"https:\/\/schema.org","@graph":[{"@type":"WebPage","@id":"https:\/\/www.yamasa.org\/pt\/apply\/","url":"https:\/\/www.yamasa.org\/pt\/apply\/","name":"Inscri\u00e7\u00e3o - YAMASA\u8a00\u8a9e\u6587\u5316\u5b66\u9662(\u8a8d\u5b9a\u65e5\u672c\u8a9e\u5b66\u6821\u7533\u8acb\u4e2d 2026\u5e7410\u6708\u4e88\u5b9a)","isPartOf":{"@id":"https:\/\/www.yamasa.org\/#website"},"datePublished":"2026-01-31T11:46:57+00:00","dateModified":"2026-03-30T00:52:11+00:00","breadcrumb":{"@id":"https:\/\/www.yamasa.org\/pt\/apply\/#breadcrumb"},"inLanguage":"pt-BR","potentialAction":[{"@type":"ReadAction","target":["https:\/\/www.yamasa.org\/pt\/apply\/"]}]},{"@type":"BreadcrumbList","@id":"https:\/\/www.yamasa.org\/pt\/apply\/#breadcrumb","itemListElement":[{"@type":"ListItem","position":1,"name":"\u30db\u30fc\u30e0","item":"https:\/\/www.yamasa.org\/"},{"@type":"ListItem","position":2,"name":"Inscri\u00e7\u00e3o"}]},{"@type":"WebSite","@id":"https:\/\/www.yamasa.org\/#website","url":"https:\/\/www.yamasa.org\/","name":"YAMASA\u8a00\u8a9e \u8a8d\u5b9a\u6821","description":"","publisher":{"@id":"https:\/\/www.yamasa.org\/#organization"},"potentialAction":[{"@type":"SearchAction","target":{"@type":"EntryPoint","urlTemplate":"https:\/\/www.yamasa.org\/?s={search_term_string}"},"query-input":{"@type":"PropertyValueSpecification","valueRequired":true,"valueName":"search_term_string"}}],"inLanguage":"pt-BR"},{"@type":"Organization","@id":"https:\/\/www.yamasa.org\/#organization","name":"YAMASA\u8a00\u8a9e \u8a8d\u5b9a\u6821","url":"https:\/\/www.yamasa.org\/","logo":{"@type":"ImageObject","inLanguage":"pt-BR","@id":"https:\/\/www.yamasa.org\/#\/schema\/logo\/image\/","url":"https:\/\/www.yamasa.org\/wp-content\/uploads\/2025\/12\/image.png","contentUrl":"https:\/\/www.yamasa.org\/wp-content\/uploads\/2025\/12\/image.png","width":480,"height":110,"caption":"YAMASA\u8a00\u8a9e \u8a8d\u5b9a\u6821"},"image":{"@id":"https:\/\/www.yamasa.org\/#\/schema\/logo\/image\/"},"sameAs":["https:\/\/www.facebook.com\/yamasainstitute","https:\/\/x.com\/yamasa_ch","https:\/\/www.instagram.com\/yamasainstitute\/"]}]}},"_links":{"self":[{"href":"https:\/\/www.yamasa.org\/wp-json\/wp\/v2\/pages\/2317","targetHints":{"allow":["GET"]}}],"collection":[{"href":"https:\/\/www.yamasa.org\/wp-json\/wp\/v2\/pages"}],"about":[{"href":"https:\/\/www.yamasa.org\/wp-json\/wp\/v2\/types\/page"}],"author":[{"embeddable":true,"href":"https:\/\/www.yamasa.org\/wp-json\/wp\/v2\/users\/1"}],"replies":[{"embeddable":true,"href":"https:\/\/www.yamasa.org\/wp-json\/wp\/v2\/comments?post=2317"}],"version-history":[{"count":6,"href":"https:\/\/www.yamasa.org\/wp-json\/wp\/v2\/pages\/2317\/revisions"}],"predecessor-version":[{"id":3647,"href":"https:\/\/www.yamasa.org\/wp-json\/wp\/v2\/pages\/2317\/revisions\/3647"}],"wp:attachment":[{"href":"https:\/\/www.yamasa.org\/wp-json\/wp\/v2\/media?parent=2317"}],"curies":[{"name":"wp","href":"https:\/\/api.w.org\/{rel}","templated":true}]}}